{"id":736440,"date":"2025-08-27T23:08:10","date_gmt":"2025-08-27T20:08:10","guid":{"rendered":"https:\/\/roveyayinevi.com.tr\/index.php\/urun\/ezbere-yasayanlar\/"},"modified":"2026-04-16T02:45:03","modified_gmt":"2026-04-15T23:45:03","slug":"ezbere-yasayanlar","status":"publish","type":"product","link":"https:\/\/roveyayinevi.com.tr\/index.php\/urun\/ezbere-yasayanlar\/","title":{"rendered":"Ezbere Ya\u015fayanlar"},"content":{"rendered":"<p>\u201c\u00d6zg\u00fcnl\u00fck\u201d ve \u201cyeni\u201dnin s\u00fcrekli \u00f6v\u00fcld\u00fc\u011f\u00fc bir \u00e7a\u011fda, detaylarda ne kadar ayr\u0131\u015fsak da, temelde birbirimize \u00e7ok benziyoruz. Sadece birbirimize benzemekle kalm\u0131yoruz; bizden \u00f6nceki nesillerden de o kadar farkl\u0131 de\u011filiz. Teknolojinin ve modernitenin getirdi\u011fi t\u00fcm yeni imk\u00e2nlara ra\u011fmen bir\u00e7ok al\u0131\u015fkanl\u0131\u011f\u0131m\u0131zdan vazge\u00e7emiyoruz. Benzer durumlarda benzer tepkiler g\u00f6steriyor, \u00e2deta ezbere ya\u015f\u0131yoruz. Ve bunu de\u011fi\u015fmedi\u011fimizin pek de fark\u0131nda olmadan yap\u0131yoruz. G\u00f6zlemlemenin, sorgulaman\u0131n, tutarl\u0131 fikirler geli\u015ftirmenin sanc\u0131l\u0131 s\u00fcrecine katlanmaktansa reklamvari sloganlarla \u00f6zg\u00fcnl\u00fc\u011f\u00fc yakalayabilece\u011fimizi san\u0131yoruz. Ve sonunda her tembel \u00f6\u011frenci gibi s\u0131n\u0131fta kald\u0131\u011f\u0131m\u0131zda hocay\u0131 su\u00e7luyoruz. \u0130\u015fte Ezbere Ya\u015fayanlar, bir t\u00fcrl\u00fc vazge\u00e7emedi\u011fimiz al\u0131\u015fkanl\u0131klar\u0131m\u0131z\u0131n tarih\u00ee arka plan\u0131yla birlikte antropolojik, sosyolojik ve psikolojik k\u00f6kenlerini irdeliyor. Bizim gibi olmayanlara neden tahamm\u00fcl edemiyor, yabanc\u0131dan ve farkl\u0131dan neden korkuyoruz? \u0130nsanlar\u0131 ni\u00e7in konu\u015fma tarz\u0131na g\u00f6re yarg\u0131l\u0131yor, argo kullananlara ya da aksanl\u0131 konu\u015fanlara ni\u00e7in yukar\u0131dan bak\u0131yoruz? \u015eu rasyonalite \u00e7a\u011f\u0131nda neden hediye al\u0131yoruz ve birbirimize bir \u015feyler \u0131smarl\u0131yoruz? Ni\u00e7in dedikodu yapmaktan vazge\u00e7emiyoruz? Son elli y\u0131lda bir\u00e7ok hak edindikleri halde kad\u0131nlar neden erkeklerden farkl\u0131 meslekler tercih etmekte \u0131srar ediyor? Bunca bilimsel geli\u015fmeye ra\u011fmen neden h\u00e2l\u00e2 fala ve b\u00fcy\u00fcye inan\u0131yoruz? Yukar\u0131daki sorulara cevap ararken anekdot denizinde bo\u011fulmadan diyardan diyara ko\u015fup \u00e7a\u011fdan \u00e7a\u011fa savrulaca\u011f\u0131z. Ta\u015f \u00c7a\u011f\u0131\u2019ndan modern zamanlara, Kalahari \u00c7\u00f6l\u00fc\u2019nden Trobriand Adalar\u0131\u2019na, G\u00fcney Sudan\u2019dan Alp Da\u011flar\u0131\u2019na, \u00c7in\u2019den Aztek diyarlar\u0131na keyifli bir yolculu\u011fa \u00e7\u0131kmaya, Evliya \u00c7elebi\u2019den Torquemada\u2019ya, James Cook\u2019tan \u015eamhat\u2019a, Krali\u00e7e Njinga\u2019dan \u0130mparatori\u00e7e \u0130rene\u2019ye, konu\u015fan \u015fempanzelerden Ak\u0131ll\u0131 At Hans\u2019a, yamyamlardan had\u0131mlara bir\u00e7ok ilgin\u00e7 karakterle tan\u0131\u015fmaya haz\u0131r m\u0131s\u0131n\u0131z? Ezbere Ya\u015fayanlar\u2019da iki y\u00fcz bin y\u0131ll\u0131k insanl\u0131k miras\u0131n\u0131n ortaya koydu\u011fu birbirinden de\u011fi\u015fik toplum ve k\u00fclt\u00fcre y\u00f6nelerek davran\u0131\u015flar\u0131m\u0131z\u0131 \u015fekillendiren ana etmenleri inceleyecek; k\u00fclt\u00fcrle biyoloji, ge\u00e7mi\u015fle gelecek, gelenekle yenilik aras\u0131ndaki \u00e7eki\u015fmeyi merkeze alarak, \u015fartlar\u0131n al\u0131\u015fkanl\u0131klar\u0131m\u0131z\u0131 ne noktaya kadar de\u011fi\u015ftirebildi\u011fini tetkik edecek ve do\u011fam\u0131za ne kadar h\u00fckmedebildi\u011fimizi g\u00f6rece\u011fiz. <\/p>\n","protected":false},"excerpt":{"rendered":"<p>\u201c\u00d6zg\u00fcnl\u00fck\u201d ve \u201cyeni\u201dnin s\u00fcrekli \u00f6v\u00fcld\u00fc\u011f\u00fc bir \u00e7a\u011fda, detaylarda ne kadar ayr\u0131\u015fsak da, temelde birbirimize \u00e7ok benziyoruz. Sadece birbirimize benzemekle kalm\u0131yoruz; bizden \u00f6nceki nesillerden de o kadar<span class=\"excerpt-hellip\"> [\u2026]<\/span><\/p>\n","protected":false},"featured_media":0,"template":"","meta":{"_monsterinsights_skip_tracking":false,"_monsterinsights_sitenote_active":false,"_monsterinsights_sitenote_note":"","_monsterinsights_sitenote_category":0},"product_brand":[],"product_cat":[13005,13006],"product_tag":[],"class_list":{"0":"post-736440","1":"product","2":"type-product","3":"status-publish","5":"product_cat-bilim-muhendislik","6":"product_cat-populer-bilim","7":"pa_cilt-ciltsiz","8":"pa_tur-kitap","9":"pa_yayinevi-kronik-kitap","10":"pa_yazar-emrah-safa-gurkan","12":"first","13":"instock","14":"sale","15":"shipping-taxable","16":"purchasable","17":"product-type-simple"},"_links":{"self":[{"href":"https:\/\/roveyayinevi.com.tr\/index.php\/wp-json\/wp\/v2\/product\/736440","targetHints":{"allow":["GET"]}}],"collection":[{"href":"https:\/\/roveyayinevi.com.tr\/index.php\/wp-json\/wp\/v2\/product"}],"about":[{"href":"https:\/\/roveyayinevi.com.tr\/index.php\/wp-json\/wp\/v2\/types\/product"}],"wp:attachment":[{"href":"https:\/\/roveyayinevi.com.tr\/index.php\/wp-json\/wp\/v2\/media?parent=736440"}],"wp:term":[{"taxonomy":"product_brand","embeddable":true,"href":"https:\/\/roveyayinevi.com.tr\/index.php\/wp-json\/wp\/v2\/product_brand?post=736440"},{"taxonomy":"product_cat","embeddable":true,"href":"https:\/\/roveyayinevi.com.tr\/index.php\/wp-json\/wp\/v2\/product_cat?post=736440"},{"taxonomy":"product_tag","embeddable":true,"href":"https:\/\/roveyayinevi.com.tr\/index.php\/wp-json\/wp\/v2\/product_tag?post=736440"}],"curies":[{"name":"wp","href":"https:\/\/api.w.org\/{rel}","templated":true}]}}