{"id":736436,"date":"2025-08-27T23:08:05","date_gmt":"2025-08-27T20:08:05","guid":{"rendered":"https:\/\/roveyayinevi.com.tr\/index.php\/urun\/elizabeth-bennet-olmak\/"},"modified":"2026-04-16T02:45:03","modified_gmt":"2026-04-15T23:45:03","slug":"elizabeth-bennet-olmak","status":"publish","type":"product","link":"https:\/\/roveyayinevi.com.tr\/index.php\/urun\/elizabeth-bennet-olmak\/","title":{"rendered":"Elizabeth Bennet Olmak"},"content":{"rendered":"<p>&#8220;Ge\u00e7mi\u015fin sadece hat\u0131rlamaktan zevk ald\u0131\u011f\u0131n\u0131z kadar\u0131n\u0131 d\u00fc\u015f\u00fcn\u00fcn&#8230;\u201d   Jane Austen\u2019in b\u00fcy\u00fcl\u00fc kaleminden \u00e7\u0131kan Gurur ve \u00d6nyarg\u0131 eseri, kitab\u0131n ba\u015f kahraman\u0131 Elizabeth Bennet\u2019in \u00e7a\u011flar\u0131 a\u015fan \u00f6zg\u00fcn karakteri sayesinde 200 y\u0131ld\u0131r ge\u00e7erlili\u011fini korumu\u015f ve klasikler aras\u0131nda yerini alm\u0131\u015ft\u0131r. Bu kitap sayesinde Elizabeth ile samimi bir arkada\u015fl\u0131k kurarken bir yandan da onun herhangi bir roman kahraman\u0131ndan \u00e7ok daha fazlas\u0131 oldu\u011funu anlayacaks\u0131n\u0131z. Sayfalar ilerledik\u00e7e Elizabeth\u2019in ya\u015fam\u0131na, duygular\u0131na, y\u00fcre\u011finin s\u0131rlar\u0131na, istek, nefret ve beklentilerine \u015fahit olurken kendinizle de ilgili bir\u00e7ok \u00e7\u0131kar\u0131mda bulunacaks\u0131n\u0131z. Elizabeth Bennet kendi d\u00f6nemi i\u00e7in devrimci say\u0131l\u0131rd\u0131&#8230; Bunu anlamadan, sadece bir a\u015fk roman\u0131 okudu\u011funu sananlar ne \u00e7ok yan\u0131ld\u0131klar\u0131n\u0131 bu kitapla \u00f6\u011frenecekler. Elizabeth Bennet\u2019in kendi hayat\u0131n\u0131n \u201cefendisi\u201d olmak ve t\u00fcm stat\u00fclerden ar\u0131nm\u0131\u015f ger\u00e7ek a\u015fka kavu\u015fmak i\u00e7in yumru\u011funu havaya kald\u0131rd\u0131\u011f\u0131n\u0131 g\u00f6recek, onu tekrar sevecek ama her \u015feyden \u00f6nemlisi ona t\u00fcm kalbinizle sayg\u0131 duyacaks\u0131n\u0131z. Elizabeth Bennet ile tekrar tan\u0131\u015fmaya var m\u0131s\u0131n\u0131z? <\/p>\n","protected":false},"excerpt":{"rendered":"<p>&#8220;Ge\u00e7mi\u015fin sadece hat\u0131rlamaktan zevk ald\u0131\u011f\u0131n\u0131z kadar\u0131n\u0131 d\u00fc\u015f\u00fcn\u00fcn&#8230;\u201d Jane Austen\u2019in b\u00fcy\u00fcl\u00fc kaleminden \u00e7\u0131kan Gurur ve \u00d6nyarg\u0131 eseri, kitab\u0131n ba\u015f kahraman\u0131 Elizabeth Bennet\u2019in \u00e7a\u011flar\u0131 a\u015fan \u00f6zg\u00fcn karakteri sayesinde<span class=\"excerpt-hellip\"> [\u2026]<\/span><\/p>\n","protected":false},"featured_media":0,"template":"","meta":{"_monsterinsights_skip_tracking":false,"_monsterinsights_sitenote_active":false,"_monsterinsights_sitenote_note":"","_monsterinsights_sitenote_category":0},"product_brand":[],"product_cat":[13072,12291],"product_tag":[],"class_list":{"0":"post-736436","1":"product","2":"type-product","3":"status-publish","5":"product_cat-arastirma-inceleme-referans","6":"product_cat-edebiyat","7":"pa_cilt-ciltsiz","8":"pa_tur-kitap","9":"pa_yayinevi-destek-yayinlari","10":"pa_yazar-ansa-ceyno-gur","12":"first","13":"instock","14":"sale","15":"shipping-taxable","16":"purchasable","17":"product-type-simple"},"_links":{"self":[{"href":"https:\/\/roveyayinevi.com.tr\/index.php\/wp-json\/wp\/v2\/product\/736436","targetHints":{"allow":["GET"]}}],"collection":[{"href":"https:\/\/roveyayinevi.com.tr\/index.php\/wp-json\/wp\/v2\/product"}],"about":[{"href":"https:\/\/roveyayinevi.com.tr\/index.php\/wp-json\/wp\/v2\/types\/product"}],"wp:attachment":[{"href":"https:\/\/roveyayinevi.com.tr\/index.php\/wp-json\/wp\/v2\/media?parent=736436"}],"wp:term":[{"taxonomy":"product_brand","embeddable":true,"href":"https:\/\/roveyayinevi.com.tr\/index.php\/wp-json\/wp\/v2\/product_brand?post=736436"},{"taxonomy":"product_cat","embeddable":true,"href":"https:\/\/roveyayinevi.com.tr\/index.php\/wp-json\/wp\/v2\/product_cat?post=736436"},{"taxonomy":"product_tag","embeddable":true,"href":"https:\/\/roveyayinevi.com.tr\/index.php\/wp-json\/wp\/v2\/product_tag?post=736436"}],"curies":[{"name":"wp","href":"https:\/\/api.w.org\/{rel}","templated":true}]}}