{"id":736435,"date":"2025-08-27T23:08:04","date_gmt":"2025-08-27T20:08:04","guid":{"rendered":"https:\/\/roveyayinevi.com.tr\/index.php\/urun\/sekizinci-sanat-oyun\/"},"modified":"2026-04-16T02:45:03","modified_gmt":"2026-04-15T23:45:03","slug":"sekizinci-sanat-oyun","status":"publish","type":"product","link":"https:\/\/roveyayinevi.com.tr\/index.php\/urun\/sekizinci-sanat-oyun\/","title":{"rendered":"Sekizinci Sanat Oyun"},"content":{"rendered":"<p>\u201cOyun k\u00fclt\u00fcrden eskidir ve t\u00fcm dini, siyasi ve askeri rit\u00fceller birer oyunla ba\u015flam\u0131\u015ft\u0131r.\u201d \u2013 Johan Huizinga   Ge\u00e7mi\u015ften bug\u00fcne insan, 7 \u00f6zg\u00fcr sanatla birlikte olabilece\u011fi en y\u00fcksek potansiyele eri\u015fmeye \u00e7al\u0131\u015f\u0131yordu. Mant\u0131k, geometri, dilbilgisi, retorik, matematik e\u011fitimin temel par\u00e7alar\u0131yd\u0131 ve insanl\u0131k 7 \u00f6zg\u00fcr sanat\u0131; resim-heykel, m\u00fczik, tiyatro, dans, mimari, edebiyat ve sinemay\u0131 b\u00f6ylece yaratt\u0131. Bug\u00fcnse k\u00fclt\u00fcrden daha eski olan oyunlar yeni bir formla kar\u015f\u0131m\u0131zdalar. Dijitalle\u015fen ve etkile\u015fimle benzersiz sanal deneyimler sunan oyunlar bug\u00fcn\u00fcn 8. sanat\u0131d\u0131r. Sanat ile dijital camian\u0131n hi\u00e7 olmad\u0131\u011f\u0131 kadar yak\u0131nla\u015ft\u0131\u011f\u0131, NFT bazl\u0131 sanat eserlerinin milyonlarca liradan saniyeler i\u00e7inde kap\u0131\u015f\u0131ld\u0131\u011f\u0131, blok-zincir tabanl\u0131 sanal m\u00fczayedeler, konserler, sergilerin dolup ta\u015ft\u0131\u011f\u0131 ve kripto oyunlar\u0131n oynayanlara zaman ve para kaybettirmedi\u011fi, aksine hem zaman hem de para kazand\u0131rd\u0131\u011f\u0131, hi\u00e7bir zaman hayal bile edemedi\u011fimiz yepyeni bir d\u00f6nemin kap\u0131lar\u0131n\u0131 aral\u0131yoruz. Haz\u0131rsan\u0131z oyun ba\u015flas\u0131n! Gamfed T\u00fcrkiye Kurucusu ve Oyun Akademisi Kurucu Orta\u011f\u0131 Ercan Altu\u011f Y\u0131lmaz oyunun sanatla\u015ft\u0131r\u0131lm\u0131\u015f halini anlatt\u0131\u011f\u0131 bu \u00f6nemli kaynakla teknoloji ve sanat\u0131n bir aradal\u0131\u011f\u0131ndan do\u011fan muazzam potansiyelle okuru bulu\u015fturuyor.   \u201cSanat var, zek\u00e2 var, strateji var, planlama var, an\u0131ndal\u0131k var, haz var, her \u015fey var. Masa ba\u015f\u0131, sokak ya da dijital fark etmez oyunlar ve oyunla\u015ft\u0131rma binlerce y\u0131ld\u0131r k\u00fc\u00e7\u00fck b\u00fcy\u00fck t\u00fcm insanl\u0131\u011f\u0131n ilgisini \u00e7ekiyor.\u201d \u2013 Prof. Dr. U\u011fur Bat\u0131 <\/p>\n","protected":false},"excerpt":{"rendered":"<p>\u201cOyun k\u00fclt\u00fcrden eskidir ve t\u00fcm dini, siyasi ve askeri rit\u00fceller birer oyunla ba\u015flam\u0131\u015ft\u0131r.\u201d \u2013 Johan Huizinga Ge\u00e7mi\u015ften bug\u00fcne insan, 7 \u00f6zg\u00fcr sanatla birlikte olabilece\u011fi en y\u00fcksek<span class=\"excerpt-hellip\"> [\u2026]<\/span><\/p>\n","protected":false},"featured_media":0,"template":"","meta":{"_monsterinsights_skip_tracking":false,"_monsterinsights_sitenote_active":false,"_monsterinsights_sitenote_note":"","_monsterinsights_sitenote_category":0},"product_brand":[],"product_cat":[20039,13488],"product_tag":[],"class_list":{"0":"post-736435","1":"product","2":"type-product","3":"status-publish","5":"product_cat-kultur-tarihi","6":"product_cat-toplum-ve-insan","7":"pa_cilt-ciltsiz","8":"pa_tur-kitap","9":"pa_yayinevi-destek-yayinlari","10":"pa_yazar-ercan-altug-yilmaz","12":"first","13":"instock","14":"sale","15":"shipping-taxable","16":"purchasable","17":"product-type-simple"},"_links":{"self":[{"href":"https:\/\/roveyayinevi.com.tr\/index.php\/wp-json\/wp\/v2\/product\/736435","targetHints":{"allow":["GET"]}}],"collection":[{"href":"https:\/\/roveyayinevi.com.tr\/index.php\/wp-json\/wp\/v2\/product"}],"about":[{"href":"https:\/\/roveyayinevi.com.tr\/index.php\/wp-json\/wp\/v2\/types\/product"}],"wp:attachment":[{"href":"https:\/\/roveyayinevi.com.tr\/index.php\/wp-json\/wp\/v2\/media?parent=736435"}],"wp:term":[{"taxonomy":"product_brand","embeddable":true,"href":"https:\/\/roveyayinevi.com.tr\/index.php\/wp-json\/wp\/v2\/product_brand?post=736435"},{"taxonomy":"product_cat","embeddable":true,"href":"https:\/\/roveyayinevi.com.tr\/index.php\/wp-json\/wp\/v2\/product_cat?post=736435"},{"taxonomy":"product_tag","embeddable":true,"href":"https:\/\/roveyayinevi.com.tr\/index.php\/wp-json\/wp\/v2\/product_tag?post=736435"}],"curies":[{"name":"wp","href":"https:\/\/api.w.org\/{rel}","templated":true}]}}