{"id":736434,"date":"2025-08-27T23:08:04","date_gmt":"2025-08-27T20:08:04","guid":{"rendered":"https:\/\/roveyayinevi.com.tr\/index.php\/urun\/yalin-ve-yansiz\/"},"modified":"2026-04-16T02:45:03","modified_gmt":"2026-04-15T23:45:03","slug":"yalin-ve-yansiz","status":"publish","type":"product","link":"https:\/\/roveyayinevi.com.tr\/index.php\/urun\/yalin-ve-yansiz\/","title":{"rendered":"Yal\u0131n ve Yans\u0131z"},"content":{"rendered":"<p>\u201c\u0130\u00e7inde ya\u015fad\u0131\u011f\u0131n\u0131z evrenle, i\u00e7inizde ya\u015fatt\u0131\u011f\u0131n\u0131z evren aras\u0131nda kurabildi\u011finiz ba\u011f kadar mutlusunuzdur.\u201d \u2013 Anton \u00c7ehov   Ne kadar iyi bir ya\u015fam sava\u015f\u00e7\u0131s\u0131, m\u00fccadele insan\u0131 ya da boks\u00f6r olursan\u0131z olun, hayata yumruk atan, hi\u00e7bir zaman kazanamaz. Yoluna sava\u015farak, y\u0131karak, \u00e7abalayarak devam etmeyi se\u00e7enler, bir yerlerde muhakkak t\u00f6kezleyip d\u00fc\u015ferler. Hayat sizinle sava\u015fmaz, sizinle sava\u015fmayan hi\u00e7 kimseyi ve hi\u00e7bir \u015feyi yenemezsiniz. Ya\u015fam bir uyumluluk, yans\u0131zl\u0131k ve yal\u0131nl\u0131k deneyimidir. Ger\u00e7eklikle m\u00fccadele etmek yerine oldu\u011fu haliyle anlamak, kabul etmek ve i\u00e7inden ge\u00e7ip gidebilmenin bir yolunu bulmak, insan\u0131n en k\u0131ymetli ve en g\u00fc\u00e7l\u00fc ayr\u0131cal\u0131klar\u0131ndan biridir. Zen felsefesi \u00fczerine uzun y\u0131llar ara\u015ft\u0131rmalar yapan yazar Bihter Onat, \u201cyal\u0131nl\u0131k ve yans\u0131zl\u0131k\u201d kavramlar\u0131 \u00fczerinde uzun uzad\u0131ya duruyor bu kitab\u0131nda. Sonradan \u00f6\u011frenilmi\u015f b\u00fct\u00fcn kayg\u0131lar\u0131n, \u015f\u00fcphelerin, korkular\u0131n, \u00e7aresizliklerin ve \u00f6fkenin y\u00fck\u00fcnden kurtulmay\u0131 ba\u015fard\u0131\u011f\u0131m\u0131zda yal\u0131nl\u0131\u011f\u0131m\u0131z\u0131n ve yans\u0131zl\u0131\u011f\u0131m\u0131z\u0131n i\u00e7indeki \u201c\u00e7\u00f6z\u00fcm \u00fcreten\u201d g\u00fc\u00e7l\u00fc yan\u0131m\u0131zla nas\u0131l kar\u015f\u0131la\u015faca\u011f\u0131m\u0131z\u0131n ipu\u00e7lar\u0131n\u0131 veriyor. <\/p>\n","protected":false},"excerpt":{"rendered":"<p>\u201c\u0130\u00e7inde ya\u015fad\u0131\u011f\u0131n\u0131z evrenle, i\u00e7inizde ya\u015fatt\u0131\u011f\u0131n\u0131z evren aras\u0131nda kurabildi\u011finiz ba\u011f kadar mutlusunuzdur.\u201d \u2013 Anton \u00c7ehov Ne kadar iyi bir ya\u015fam sava\u015f\u00e7\u0131s\u0131, m\u00fccadele insan\u0131 ya da boks\u00f6r olursan\u0131z<span class=\"excerpt-hellip\"> [\u2026]<\/span><\/p>\n","protected":false},"featured_media":0,"template":"","meta":{"_monsterinsights_skip_tracking":false,"_monsterinsights_sitenote_active":false,"_monsterinsights_sitenote_note":"","_monsterinsights_sitenote_category":0},"product_brand":[],"product_cat":[12364,12376],"product_tag":[],"class_list":{"0":"post-736434","1":"product","2":"type-product","3":"status-publish","5":"product_cat-genel-konular","6":"product_cat-kisisel-gelisim","7":"pa_cilt-ciltsiz","8":"pa_tur-kitap","9":"pa_yayinevi-destek-yayinlari","10":"pa_yazar-bihter-onat","12":"first","13":"instock","14":"sale","15":"shipping-taxable","16":"purchasable","17":"product-type-simple"},"_links":{"self":[{"href":"https:\/\/roveyayinevi.com.tr\/index.php\/wp-json\/wp\/v2\/product\/736434","targetHints":{"allow":["GET"]}}],"collection":[{"href":"https:\/\/roveyayinevi.com.tr\/index.php\/wp-json\/wp\/v2\/product"}],"about":[{"href":"https:\/\/roveyayinevi.com.tr\/index.php\/wp-json\/wp\/v2\/types\/product"}],"wp:attachment":[{"href":"https:\/\/roveyayinevi.com.tr\/index.php\/wp-json\/wp\/v2\/media?parent=736434"}],"wp:term":[{"taxonomy":"product_brand","embeddable":true,"href":"https:\/\/roveyayinevi.com.tr\/index.php\/wp-json\/wp\/v2\/product_brand?post=736434"},{"taxonomy":"product_cat","embeddable":true,"href":"https:\/\/roveyayinevi.com.tr\/index.php\/wp-json\/wp\/v2\/product_cat?post=736434"},{"taxonomy":"product_tag","embeddable":true,"href":"https:\/\/roveyayinevi.com.tr\/index.php\/wp-json\/wp\/v2\/product_tag?post=736434"}],"curies":[{"name":"wp","href":"https:\/\/api.w.org\/{rel}","templated":true}]}}