{"id":736433,"date":"2025-08-27T23:08:03","date_gmt":"2025-08-27T20:08:03","guid":{"rendered":"https:\/\/roveyayinevi.com.tr\/index.php\/urun\/zehirli-asktan-sifali-aska\/"},"modified":"2026-04-16T02:45:03","modified_gmt":"2026-04-15T23:45:03","slug":"zehirli-asktan-sifali-aska","status":"publish","type":"product","link":"https:\/\/roveyayinevi.com.tr\/index.php\/urun\/zehirli-asktan-sifali-aska\/","title":{"rendered":"Zehirli A\u015fktan \u015eifal\u0131 A\u015fka"},"content":{"rendered":"<p>Masum \u00e2\u015f\u0131\u011f\u0131n tek g\u00fcnah\u0131 g\u00fcllerin dikenini yok, rengini ve kokusunu ise \u00e7ok saymakt\u0131r.   Duygusal ili\u015fkiler bir kimya deneyi gibidir. Bu deneyi hafife al\u0131p, kendinizi \u201cpatlata patlata\u201d neyin ne oldu\u011funu \u00f6\u011frenme yoluna gidebilir ya da ger\u00e7ek anlamda ruhunuza \u015fifa olacak a\u015fk\u0131n form\u00fcl\u00fcn\u00fc g\u00fcle oynaya almay\u0131 se\u00e7ebilirsiniz. Pa\u015fal\u0131\u011f\u0131ndan geriye ne kald\u0131\u011f\u0131 tart\u0131\u015fmal\u0131 olan yorgun g\u00f6nl\u00fcn\u00fcz bilir!:) Bir ili\u015fkide en kalp k\u0131r\u0131c\u0131 anlardan biri, kar\u015f\u0131 taraf \u00fcst\u00fcndeki etkinizi yitirmeye ba\u015flad\u0131\u011f\u0131n\u0131z\u0131 fark etti\u011finiz and\u0131r. Zararl\u0131, bir halta yaramad\u0131\u011f\u0131 gibi bir de \u00fcst\u00fcne insan\u0131 peri\u015fan eden zehirli ve sa\u011fl\u0131ks\u0131z ili\u015fkiler nedir, hepimiz d\u00fc\u015fe kalka \u00f6\u011frendik. Peki ya \u015fifal\u0131 olan\u0131? \u0130nsana huzur, ne\u015fe, t\u00fcm olumsuzluklara dayanma g\u00fcc\u00fc veren ve sadece filmlerde oldu\u011fu s\u00f6ylenen o d\u00f6n\u00fc\u015ft\u00fcr\u00fcc\u00fc A\u015eK\u2019\u0131 hi\u00e7 ya\u015fad\u0131n\u0131z m\u0131? A\u015fk\u0131n\u0131z\u0131n hep ilk g\u00fcnk\u00fc gibi kalmas\u0131 belki de hayal de\u011fildir. Belki de bunun hayal oldu\u011funu s\u00f6yleyenler ger\u00e7ek bir \u015fifal\u0131 a\u015fk\u0131 hi\u00e7 tatmam\u0131\u015f olanlard\u0131r. Bu kitap, \u201cSa\u011fl\u0131kl\u0131, mutlu, huzurlu bir ili\u015fkiyi hak ediyorum&#8230;\u201d diyenler i\u00e7in yaz\u0131ld\u0131. Bu y\u00fczden \u015fimdi kendinize sorma zaman\u0131: Ya\u015fad\u0131\u011f\u0131n\u0131z ili\u015fki raz\u0131 oldu\u011funuz mu yoksa lay\u0131k oldu\u011funuz mu? <\/p>\n","protected":false},"excerpt":{"rendered":"<p>Masum \u00e2\u015f\u0131\u011f\u0131n tek g\u00fcnah\u0131 g\u00fcllerin dikenini yok, rengini ve kokusunu ise \u00e7ok saymakt\u0131r. Duygusal ili\u015fkiler bir kimya deneyi gibidir. Bu deneyi hafife al\u0131p, kendinizi \u201cpatlata patlata\u201d<span class=\"excerpt-hellip\"> [\u2026]<\/span><\/p>\n","protected":false},"featured_media":0,"template":"","meta":{"_monsterinsights_skip_tracking":false,"_monsterinsights_sitenote_active":false,"_monsterinsights_sitenote_note":"","_monsterinsights_sitenote_category":0},"product_brand":[],"product_cat":[12364,12376],"product_tag":[],"class_list":{"0":"post-736433","1":"product","2":"type-product","3":"status-publish","5":"product_cat-genel-konular","6":"product_cat-kisisel-gelisim","7":"pa_cilt-ciltsiz","8":"pa_tur-kitap","9":"pa_yayinevi-destek-yayinlari","10":"pa_yazar-sarp-genco-gencarslan","12":"first","13":"instock","14":"sale","15":"shipping-taxable","16":"purchasable","17":"product-type-simple"},"_links":{"self":[{"href":"https:\/\/roveyayinevi.com.tr\/index.php\/wp-json\/wp\/v2\/product\/736433","targetHints":{"allow":["GET"]}}],"collection":[{"href":"https:\/\/roveyayinevi.com.tr\/index.php\/wp-json\/wp\/v2\/product"}],"about":[{"href":"https:\/\/roveyayinevi.com.tr\/index.php\/wp-json\/wp\/v2\/types\/product"}],"wp:attachment":[{"href":"https:\/\/roveyayinevi.com.tr\/index.php\/wp-json\/wp\/v2\/media?parent=736433"}],"wp:term":[{"taxonomy":"product_brand","embeddable":true,"href":"https:\/\/roveyayinevi.com.tr\/index.php\/wp-json\/wp\/v2\/product_brand?post=736433"},{"taxonomy":"product_cat","embeddable":true,"href":"https:\/\/roveyayinevi.com.tr\/index.php\/wp-json\/wp\/v2\/product_cat?post=736433"},{"taxonomy":"product_tag","embeddable":true,"href":"https:\/\/roveyayinevi.com.tr\/index.php\/wp-json\/wp\/v2\/product_tag?post=736433"}],"curies":[{"name":"wp","href":"https:\/\/api.w.org\/{rel}","templated":true}]}}