{"id":736432,"date":"2025-08-27T23:08:02","date_gmt":"2025-08-27T20:08:02","guid":{"rendered":"https:\/\/roveyayinevi.com.tr\/index.php\/urun\/babil-mitolojisi\/"},"modified":"2026-04-16T02:45:02","modified_gmt":"2026-04-15T23:45:02","slug":"babil-mitolojisi","status":"publish","type":"product","link":"https:\/\/roveyayinevi.com.tr\/index.php\/urun\/babil-mitolojisi\/","title":{"rendered":"Babil Mitolojisi"},"content":{"rendered":"<p>\u201cOrta \u00e7a\u011flar\u0131n \u015eabbat ke\u00e7isi Do\u011fuluydu. Muhtemelen Babil k\u00f6kenliydi. Avrupa\u2019daki cad\u0131 \u00e2lemlerinde bulunan ve akabinde yaz\u0131lan b\u00fcy\u00fc kitaplar\u0131n\u0131 bir araya getirenler \u015feytan\u0131n kendilerine ke\u00e7i \u015feklinde g\u00f6r\u00fcnd\u00fc\u011f\u00fcn\u00fc ve ona bu suretle tap\u0131nd\u0131klar\u0131n\u0131 beyan ettiler. 15. y\u00fczy\u0131lda yap\u0131lan \u015eabbat toplant\u0131lar\u0131n\u0131n merkezinde insan \u00e7ehresi olan bir ke\u00e7i\/iblis vard\u0131 ve Almanya\u2019da ve \u0130sko\u00e7ya\u2019da da buna benzer bir iblise tap\u0131l\u0131rd\u0131.\u201d Zeynep \u015eebnem Suri\u2019nin \u00e7evirisiyle kitap, Babil Mitolojisi\u2019nin temel yap\u0131ta\u015flar\u0131n\u0131 ve kendinden sonra gelen mitolojilerle ortak paydalar\u0131 irdeliyor. Babil dininin k\u00f6kleri, S\u00fcmer ve Babil dinindeki ortakl\u0131klar, Yunan ve M\u0131s\u0131r Mitolojisi\u2019nin Babil\u2019den ald\u0131\u011f\u0131 ilham, \u0130\u015ftar, Marduk, \u015eama\u015f, Ea, Anu, Tammuz gibi tanr\u0131lar, farkl\u0131 mitolojilerde birbirini tekrar eden mitler, G\u0131lgam\u0131\u015f Destan\u0131 gibi ba\u015fl\u0131klarla Babil Mitolojisi\u2019ni \u00f6zetliyor. <\/p>\n","protected":false},"excerpt":{"rendered":"<p>\u201cOrta \u00e7a\u011flar\u0131n \u015eabbat ke\u00e7isi Do\u011fuluydu. Muhtemelen Babil k\u00f6kenliydi. Avrupa\u2019daki cad\u0131 \u00e2lemlerinde bulunan ve akabinde yaz\u0131lan b\u00fcy\u00fc kitaplar\u0131n\u0131 bir araya getirenler \u015feytan\u0131n kendilerine ke\u00e7i \u015feklinde g\u00f6r\u00fcnd\u00fc\u011f\u00fcn\u00fc ve<span class=\"excerpt-hellip\"> [\u2026]<\/span><\/p>\n","protected":false},"featured_media":0,"template":"","meta":{"_monsterinsights_skip_tracking":false,"_monsterinsights_sitenote_active":false,"_monsterinsights_sitenote_note":"","_monsterinsights_sitenote_category":0},"product_brand":[],"product_cat":[12718,12858],"product_tag":[],"class_list":{"0":"post-736432","1":"product","2":"type-product","3":"status-publish","5":"product_cat-din","6":"product_cat-mitolojiler","7":"pa_cilt-ciltsiz","8":"pa_tur-kitap","9":"pa_yayinevi-kara-karga-yayinlari","10":"pa_yazar-lewis-spence","12":"first","13":"instock","14":"sale","15":"shipping-taxable","16":"purchasable","17":"product-type-simple"},"_links":{"self":[{"href":"https:\/\/roveyayinevi.com.tr\/index.php\/wp-json\/wp\/v2\/product\/736432","targetHints":{"allow":["GET"]}}],"collection":[{"href":"https:\/\/roveyayinevi.com.tr\/index.php\/wp-json\/wp\/v2\/product"}],"about":[{"href":"https:\/\/roveyayinevi.com.tr\/index.php\/wp-json\/wp\/v2\/types\/product"}],"wp:attachment":[{"href":"https:\/\/roveyayinevi.com.tr\/index.php\/wp-json\/wp\/v2\/media?parent=736432"}],"wp:term":[{"taxonomy":"product_brand","embeddable":true,"href":"https:\/\/roveyayinevi.com.tr\/index.php\/wp-json\/wp\/v2\/product_brand?post=736432"},{"taxonomy":"product_cat","embeddable":true,"href":"https:\/\/roveyayinevi.com.tr\/index.php\/wp-json\/wp\/v2\/product_cat?post=736432"},{"taxonomy":"product_tag","embeddable":true,"href":"https:\/\/roveyayinevi.com.tr\/index.php\/wp-json\/wp\/v2\/product_tag?post=736432"}],"curies":[{"name":"wp","href":"https:\/\/api.w.org\/{rel}","templated":true}]}}