{"id":736431,"date":"2025-08-27T23:08:01","date_gmt":"2025-08-27T20:08:01","guid":{"rendered":"https:\/\/roveyayinevi.com.tr\/index.php\/urun\/isigin-sifa-yolu\/"},"modified":"2026-04-08T02:53:49","modified_gmt":"2026-04-07T23:53:49","slug":"isigin-sifa-yolu","status":"publish","type":"product","link":"https:\/\/roveyayinevi.com.tr\/index.php\/urun\/isigin-sifa-yolu\/","title":{"rendered":"I\u015f\u0131\u011f\u0131n \u015eifa Yolu"},"content":{"rendered":"<p>\u0130\u00e7indeki karanl\u0131ktan do\u011furaca\u011f\u0131n bir ayd\u0131nl\u0131k&#8230; Elinizdeki rehber, sizi var edenin kendinden eksiltmeden verdi\u011fi nur ile i\u00e7sel yolunuzu ayd\u0131nlatmak i\u00e7in size unuttuklar\u0131n\u0131z\u0131 hat\u0131rlatacak. Zihnin, \u00f6\u011frenilmi\u015fliklerinin korkusu y\u00fcz\u00fcnden kendi s\u0131n\u0131rlar\u0131nda saklanmak isteyip, unutmay\u0131 se\u00e7ti\u011fi ne varsa tek tek ruhlara f\u0131s\u0131ldayan bu rehber, size se\u00e7ti\u011finiz yolda y\u00fcr\u00fcme cesareti verecek. Hat\u0131rlamaya ba\u015flad\u0131klar\u0131n\u0131zla ya da daha \u00f6nce fark\u0131na varmad\u0131klar\u0131n\u0131zla kar\u015f\u0131la\u015ft\u0131k\u00e7a, geri d\u00f6n\u00fclemeyecek bir g\u00f6rme a\u00e7\u0131kl\u0131\u011f\u0131 kazanacaks\u0131n\u0131z. Size, i\u00e7inizdeki karanl\u0131ktan kopup, sizden do\u011facak \u0131\u015f\u0131\u011fa y\u00fcr\u00fcme cesaretini verecek olan, sizi y\u0131kan, ac\u0131tan, iyile\u015fmemi\u015f k\u0131r\u0131kl\u0131klar\u0131n\u0131zd\u0131r. Art\u0131k yaralar\u0131n\u0131zdan, \u015fifa do\u011furman\u0131n vakti. <\/p>\n","protected":false},"excerpt":{"rendered":"<p>\u0130\u00e7indeki karanl\u0131ktan do\u011furaca\u011f\u0131n bir ayd\u0131nl\u0131k&#8230; Elinizdeki rehber, sizi var edenin kendinden eksiltmeden verdi\u011fi nur ile i\u00e7sel yolunuzu ayd\u0131nlatmak i\u00e7in size unuttuklar\u0131n\u0131z\u0131 hat\u0131rlatacak. Zihnin, \u00f6\u011frenilmi\u015fliklerinin korkusu y\u00fcz\u00fcnden<span class=\"excerpt-hellip\"> [\u2026]<\/span><\/p>\n","protected":false},"featured_media":0,"template":"","meta":{"_monsterinsights_skip_tracking":false,"_monsterinsights_sitenote_active":false,"_monsterinsights_sitenote_note":"","_monsterinsights_sitenote_category":0},"product_brand":[],"product_cat":[12364,12376],"product_tag":[],"class_list":{"0":"post-736431","1":"product","2":"type-product","3":"status-publish","5":"product_cat-genel-konular","6":"product_cat-kisisel-gelisim","7":"pa_cilt-ciltsiz","8":"pa_tur-kitap","9":"pa_yayinevi-destek-yayinlari","10":"pa_yazar-sibel-uzun","12":"first","13":"instock","14":"sale","15":"shipping-taxable","16":"purchasable","17":"product-type-simple"},"_links":{"self":[{"href":"https:\/\/roveyayinevi.com.tr\/index.php\/wp-json\/wp\/v2\/product\/736431","targetHints":{"allow":["GET"]}}],"collection":[{"href":"https:\/\/roveyayinevi.com.tr\/index.php\/wp-json\/wp\/v2\/product"}],"about":[{"href":"https:\/\/roveyayinevi.com.tr\/index.php\/wp-json\/wp\/v2\/types\/product"}],"wp:attachment":[{"href":"https:\/\/roveyayinevi.com.tr\/index.php\/wp-json\/wp\/v2\/media?parent=736431"}],"wp:term":[{"taxonomy":"product_brand","embeddable":true,"href":"https:\/\/roveyayinevi.com.tr\/index.php\/wp-json\/wp\/v2\/product_brand?post=736431"},{"taxonomy":"product_cat","embeddable":true,"href":"https:\/\/roveyayinevi.com.tr\/index.php\/wp-json\/wp\/v2\/product_cat?post=736431"},{"taxonomy":"product_tag","embeddable":true,"href":"https:\/\/roveyayinevi.com.tr\/index.php\/wp-json\/wp\/v2\/product_tag?post=736431"}],"curies":[{"name":"wp","href":"https:\/\/api.w.org\/{rel}","templated":true}]}}