{"id":736430,"date":"2025-08-27T23:08:00","date_gmt":"2025-08-27T20:08:00","guid":{"rendered":"https:\/\/roveyayinevi.com.tr\/index.php\/urun\/rusca-turkce-deyimler-sozlugu\/"},"modified":"2026-04-16T02:45:02","modified_gmt":"2026-04-15T23:45:02","slug":"rusca-turkce-deyimler-sozlugu","status":"publish","type":"product","link":"https:\/\/roveyayinevi.com.tr\/index.php\/urun\/rusca-turkce-deyimler-sozlugu\/","title":{"rendered":"Rus\u00e7a T\u00fcrk\u00e7e Deyimler S\u00f6zl\u00fc\u011f\u00fc"},"content":{"rendered":"<p>Elinizdeki bu kitap, ba\u015flang\u0131\u00e7 seviyesinden ileri seviyeye kadar Rus\u00e7a \u00f6\u011frenen herkes i\u00e7in temel bir kaynakt\u0131r. Ayr\u0131ca YDS ve TORFL s\u0131navlar\u0131na haz\u0131rl\u0131k i\u00e7in de bir ba\u015fucu kitab\u0131d\u0131r. <\/p>\n","protected":false},"excerpt":{"rendered":"<p>Elinizdeki bu kitap, ba\u015flang\u0131\u00e7 seviyesinden ileri seviyeye kadar Rus\u00e7a \u00f6\u011frenen herkes i\u00e7in temel bir kaynakt\u0131r. Ayr\u0131ca YDS ve TORFL s\u0131navlar\u0131na haz\u0131rl\u0131k i\u00e7in de bir ba\u015fucu kitab\u0131d\u0131r.<\/p>\n","protected":false},"featured_media":0,"template":"","meta":{"_monsterinsights_skip_tracking":false,"_monsterinsights_sitenote_active":false,"_monsterinsights_sitenote_note":"","_monsterinsights_sitenote_category":0},"product_brand":[],"product_cat":[12566,24141,13611],"product_tag":[],"class_list":{"0":"post-736430","1":"product","2":"type-product","3":"status-publish","5":"product_cat-egitim","6":"product_cat-rusca-sozlukler","7":"product_cat-sozlukler-ve-konusma-kilavuzlari","8":"pa_cilt-ciltsiz","9":"pa_tur-kitap","10":"pa_yayinevi-toz-yayinlari","11":"pa_yazar-o-aydin-suer","13":"first","14":"instock","15":"sale","16":"shipping-taxable","17":"purchasable","18":"product-type-simple"},"_links":{"self":[{"href":"https:\/\/roveyayinevi.com.tr\/index.php\/wp-json\/wp\/v2\/product\/736430","targetHints":{"allow":["GET"]}}],"collection":[{"href":"https:\/\/roveyayinevi.com.tr\/index.php\/wp-json\/wp\/v2\/product"}],"about":[{"href":"https:\/\/roveyayinevi.com.tr\/index.php\/wp-json\/wp\/v2\/types\/product"}],"wp:attachment":[{"href":"https:\/\/roveyayinevi.com.tr\/index.php\/wp-json\/wp\/v2\/media?parent=736430"}],"wp:term":[{"taxonomy":"product_brand","embeddable":true,"href":"https:\/\/roveyayinevi.com.tr\/index.php\/wp-json\/wp\/v2\/product_brand?post=736430"},{"taxonomy":"product_cat","embeddable":true,"href":"https:\/\/roveyayinevi.com.tr\/index.php\/wp-json\/wp\/v2\/product_cat?post=736430"},{"taxonomy":"product_tag","embeddable":true,"href":"https:\/\/roveyayinevi.com.tr\/index.php\/wp-json\/wp\/v2\/product_tag?post=736430"}],"curies":[{"name":"wp","href":"https:\/\/api.w.org\/{rel}","templated":true}]}}