{"id":736429,"date":"2025-08-27T23:07:25","date_gmt":"2025-08-27T20:07:25","guid":{"rendered":"https:\/\/roveyayinevi.com.tr\/index.php\/urun\/okuryazarligin-kullanimlari\/"},"modified":"2026-04-16T02:45:02","modified_gmt":"2026-04-15T23:45:02","slug":"okuryazarligin-kullanimlari","status":"publish","type":"product","link":"https:\/\/roveyayinevi.com.tr\/index.php\/urun\/okuryazarligin-kullanimlari\/","title":{"rendered":"Okuryazarl\u0131\u011f\u0131n Kullan\u0131mlar\u0131"},"content":{"rendered":"<p>Baz\u0131 yazarlar tasnif d\u0131\u015f\u0131d\u0131r. R. Hoggart bir\u00e7ok a\u00e7\u0131dan b\u00f6yle bir yazard\u0131r. Okuryazarl\u0131\u011f\u0131n Kullan\u0131mlar\u0131 asl\u0131nda bir otobiyografidir. Kendisi i\u015f\u00e7i s\u0131n\u0131f\u0131 k\u00f6kenli olan Hoggart, toplumsal y\u00f6r\u00fcngesi \u00fczerinden, i\u015f\u00e7i s\u0131n\u0131f\u0131n\u0131n i\u00e7eriden ancak mesafeli, olabildi\u011fine detayl\u0131, realist fakat ayn\u0131 zamanda da ele\u015ftirel bir tasvirine giri\u015fir. \u2018\u2018Yak\u0131nl\u0131k ve mesafe\u2019\u2019, muhtemelen Hoggart\u2019\u0131n maharetini \u00f6zetleyebilecek kilit form\u00fcllerden biridir. Bu ona i\u015f\u00e7i s\u0131n\u0131f\u0131n\u0131n g\u00fcndelik pratiklerinde, d\u0131\u015far\u0131dan (ba\u015fka bir toplumsal s\u0131n\u0131ftan) bir g\u00f6zlemcinin \u2018\u2018yabanc\u0131\u2019\u2019 oldu\u011fu i\u00e7in, i\u00e7inden olan\u0131n ise fazlas\u0131yla \u2018\u2018a\u015fina\u2019\u2019 oldu\u011fu i\u00e7in fark edemeyece\u011fi say\u0131s\u0131z ve s\u0131radan detayda s\u00fcreklilik veya k\u0131r\u0131lmalar\u0131n izd\u00fc\u015f\u00fcm\u00fcn\u00fc g\u00f6rmeyi sa\u011flar. \u0130\u015f\u00e7i s\u0131n\u0131f\u0131 k\u00fclt\u00fcr\u00fcn\u00fcn \u2018\u2018kitle k\u00fclt\u00fcr\u00fc\u2019\u2019 taraf\u0131ndan tamam\u0131yla \u2018\u2018yutuldu\u011fu\u2019\u2019 y\u00f6n\u00fcndeki yayg\u0131n kanaatin aksine Hoggart, daha n\u00fcansl\u0131, diren\u00e7 ve de\u011fi\u015fim aras\u0131nda sal\u0131nan bir tablo \u00e7izer. \u0130\u015f\u00e7i s\u0131n\u0131f\u0131 k\u00fclt\u00fcr\u00fc, hem s\u0131n\u0131f\u0131n d\u0131\u015f d\u00fcnyayla aras\u0131ndaki s\u0131n\u0131rlar\u0131 peki\u015ftiren, onu kitle yay\u0131nc\u0131l\u0131\u011f\u0131n\u0131n etkisinden g\u00f6rece koruyan, fakat ayn\u0131 zamanda kitle k\u00fclt\u00fcr\u00fcn\u00fcn \u00fcr\u00fcnlerinin s\u0131zmas\u0131na da imk\u00e2n tan\u0131yan tutumlar\u0131 e\u015f zamanl\u0131 bi\u00e7imde b\u00fcnyesinde ta\u015f\u0131r. Hoggart\u2019\u0131n, i\u015f\u00e7i s\u0131n\u0131f\u0131n\u0131n varolu\u015funu tehdit eden en b\u00fcy\u00fck tehlike olarak kitle k\u00fclt\u00fcr\u00fcne dikkat \u00e7ekmesi tesad\u00fcfi de\u011fildir \u00e7\u00fcnk\u00fc onun i\u00e7in \u2018\u2018i\u015f\u00e7i s\u0131n\u0131f\u0131ndan olmak\u2019\u2019, di\u011fer t\u00fcm ve\u00e7helerinin yan\u0131 s\u0131ra, hususi bir k\u00fclt\u00fcrel evren ve g\u00fcndelik ya\u015fam pratiklerine nak\u015folmu\u015f bir \u2018\u2018aidiyet deneyimi\/bi\u00e7imi\u2019\u2019 manas\u0131na da gelir. Hoggart\u2019a g\u00f6re kitle k\u00fclt\u00fcr\u00fcn\u00fcn torpilledi\u011fi ve en b\u00fcy\u00fck tahribata yol a\u00e7t\u0131\u011f\u0131 yer de tam olarak buras\u0131d\u0131r. <\/p>\n","protected":false},"excerpt":{"rendered":"<p>Baz\u0131 yazarlar tasnif d\u0131\u015f\u0131d\u0131r. R. Hoggart bir\u00e7ok a\u00e7\u0131dan b\u00f6yle bir yazard\u0131r. Okuryazarl\u0131\u011f\u0131n Kullan\u0131mlar\u0131 asl\u0131nda bir otobiyografidir. Kendisi i\u015f\u00e7i s\u0131n\u0131f\u0131 k\u00f6kenli olan Hoggart, toplumsal y\u00f6r\u00fcngesi \u00fczerinden, i\u015f\u00e7i<span class=\"excerpt-hellip\"> [\u2026]<\/span><\/p>\n","protected":false},"featured_media":0,"template":"","meta":{"_monsterinsights_skip_tracking":false,"_monsterinsights_sitenote_active":false,"_monsterinsights_sitenote_note":"","_monsterinsights_sitenote_category":0},"product_brand":[],"product_cat":[12835,12324],"product_tag":[],"class_list":{"0":"post-736429","1":"product","2":"type-product","3":"status-publish","5":"product_cat-genel-sosyoloji","6":"product_cat-sosyoloji","7":"pa_cilt-ciltsiz","8":"pa_tur-kitap","9":"pa_yayinevi-heretik-yayincilik","10":"pa_yazar-richard-hoggart","12":"first","13":"instock","14":"sale","15":"shipping-taxable","16":"purchasable","17":"product-type-simple"},"_links":{"self":[{"href":"https:\/\/roveyayinevi.com.tr\/index.php\/wp-json\/wp\/v2\/product\/736429","targetHints":{"allow":["GET"]}}],"collection":[{"href":"https:\/\/roveyayinevi.com.tr\/index.php\/wp-json\/wp\/v2\/product"}],"about":[{"href":"https:\/\/roveyayinevi.com.tr\/index.php\/wp-json\/wp\/v2\/types\/product"}],"wp:attachment":[{"href":"https:\/\/roveyayinevi.com.tr\/index.php\/wp-json\/wp\/v2\/media?parent=736429"}],"wp:term":[{"taxonomy":"product_brand","embeddable":true,"href":"https:\/\/roveyayinevi.com.tr\/index.php\/wp-json\/wp\/v2\/product_brand?post=736429"},{"taxonomy":"product_cat","embeddable":true,"href":"https:\/\/roveyayinevi.com.tr\/index.php\/wp-json\/wp\/v2\/product_cat?post=736429"},{"taxonomy":"product_tag","embeddable":true,"href":"https:\/\/roveyayinevi.com.tr\/index.php\/wp-json\/wp\/v2\/product_tag?post=736429"}],"curies":[{"name":"wp","href":"https:\/\/api.w.org\/{rel}","templated":true}]}}