{"id":736428,"date":"2025-08-27T23:07:24","date_gmt":"2025-08-27T20:07:24","guid":{"rendered":"https:\/\/roveyayinevi.com.tr\/index.php\/urun\/karsi-mahalle\/"},"modified":"2026-04-11T14:04:09","modified_gmt":"2026-04-11T11:04:09","slug":"karsi-mahalle","status":"publish","type":"product","link":"https:\/\/roveyayinevi.com.tr\/index.php\/urun\/karsi-mahalle\/","title":{"rendered":"Kar\u015f\u0131 Mahalle"},"content":{"rendered":"<p>Elma Yay\u0131nevi 2022\u2019nin ilk kitab\u0131 ile bulu\u015fuyor okurlar\u0131yla \u201cKar\u015f\u0131 Mahalle\u201d. Yazar ve i\u015f insan\u0131 Ali R\u0131za Ko\u00e7\u2019un de\u011fi\u015fimini, T\u00fcrkiye g\u00fcnceline paralel hik\u00e2yesini, i\u015f hayat\u0131n\u0131 yazd\u0131\u011f\u0131 kitab\u0131yla bize kar\u015f\u0131 mahalleleri anlat\u0131yor.   Bilmek \u00f6v\u00fcl\u00fcr. Bilginin ruh zenginli\u011fi oldu\u011funa inan\u0131l\u0131r. Bilenin bilmeyene \u00fcst\u00fcnl\u00fc\u011f\u00fc kabul edilir. \u0130lmin insanl\u0131\u011f\u0131 y\u00fckseltti\u011fi g\u00f6r\u00fcl\u00fcr\u201d diyor d\u00fc\u015f\u00fcn\u00fcr. Do\u011fru bilgi, bak\u0131\u015f a\u00e7\u0131m\u0131z\u0131 geni\u015fletir ve zenginle\u015ftirir. Dar kal\u0131plara s\u0131k\u0131\u015ft\u0131r\u0131lm\u0131\u015f ve tek pencereden g\u00f6steren fikirlerde \u0131srarc\u0131 olmak geli\u015fmenin ve de\u011fi\u015fimin \u00f6n\u00fcndeki en b\u00fcy\u00fck engeldir. Bug\u00fcn b\u00f6yle d\u00fc\u015f\u00fcn\u00fcyorsam bunda en b\u00fcy\u00fck pay, kat\u0131 kal\u0131plar\u0131n aras\u0131ndan s\u0131zan \u0131\u015f\u0131\u011f\u0131n yard\u0131m\u0131yla d\u00fcnyaya bakman\u0131n insana bir \u015fey kazand\u0131rmad\u0131\u011f\u0131n\u0131 bana bir kez daha net olarak g\u00f6steren gen\u00e7lere aittir.   \u00d6tekile\u015ftirmenin ve d\u00fc\u015fmanla\u015ft\u0131rman\u0131n hi\u00e7bir tarafa fayda getirmedi\u011fi herkesin kabul etti\u011fi bir realitedir. Bunun i\u00e7in \u201ckar\u015f\u0131 mahalle\u201dyi iyi anlay\u0131p kar\u015f\u0131l\u0131kl\u0131 empati olu\u015fturarak hayat\u0131m\u0131z\u0131 kolayla\u015ft\u0131rabiliriz.   Keyifli okumalar\u2026 <\/p>\n","protected":false},"excerpt":{"rendered":"<p>Elma Yay\u0131nevi 2022\u2019nin ilk kitab\u0131 ile bulu\u015fuyor okurlar\u0131yla \u201cKar\u015f\u0131 Mahalle\u201d. Yazar ve i\u015f insan\u0131 Ali R\u0131za Ko\u00e7\u2019un de\u011fi\u015fimini, T\u00fcrkiye g\u00fcnceline paralel hik\u00e2yesini, i\u015f hayat\u0131n\u0131 yazd\u0131\u011f\u0131 kitab\u0131yla<span class=\"excerpt-hellip\"> [\u2026]<\/span><\/p>\n","protected":false},"featured_media":0,"template":"","meta":{"_monsterinsights_skip_tracking":false,"_monsterinsights_sitenote_active":false,"_monsterinsights_sitenote_note":"","_monsterinsights_sitenote_category":0},"product_brand":[],"product_cat":[12364,12376],"product_tag":[],"class_list":{"0":"post-736428","1":"product","2":"type-product","3":"status-publish","5":"product_cat-genel-konular","6":"product_cat-kisisel-gelisim","7":"pa_cilt-ciltsiz","8":"pa_tur-kitap","9":"pa_yayinevi-elma-yayinevi","10":"pa_yazar-ali-riza-koc","12":"first","13":"instock","14":"sale","15":"shipping-taxable","16":"purchasable","17":"product-type-simple"},"_links":{"self":[{"href":"https:\/\/roveyayinevi.com.tr\/index.php\/wp-json\/wp\/v2\/product\/736428","targetHints":{"allow":["GET"]}}],"collection":[{"href":"https:\/\/roveyayinevi.com.tr\/index.php\/wp-json\/wp\/v2\/product"}],"about":[{"href":"https:\/\/roveyayinevi.com.tr\/index.php\/wp-json\/wp\/v2\/types\/product"}],"wp:attachment":[{"href":"https:\/\/roveyayinevi.com.tr\/index.php\/wp-json\/wp\/v2\/media?parent=736428"}],"wp:term":[{"taxonomy":"product_brand","embeddable":true,"href":"https:\/\/roveyayinevi.com.tr\/index.php\/wp-json\/wp\/v2\/product_brand?post=736428"},{"taxonomy":"product_cat","embeddable":true,"href":"https:\/\/roveyayinevi.com.tr\/index.php\/wp-json\/wp\/v2\/product_cat?post=736428"},{"taxonomy":"product_tag","embeddable":true,"href":"https:\/\/roveyayinevi.com.tr\/index.php\/wp-json\/wp\/v2\/product_tag?post=736428"}],"curies":[{"name":"wp","href":"https:\/\/api.w.org\/{rel}","templated":true}]}}