{"id":736424,"date":"2025-08-27T23:07:20","date_gmt":"2025-08-27T20:07:20","guid":{"rendered":"https:\/\/roveyayinevi.com.tr\/index.php\/urun\/bati-islami-cok-sevmisti\/"},"modified":"2026-04-16T02:45:02","modified_gmt":"2026-04-15T23:45:02","slug":"bati-islami-cok-sevmisti","status":"publish","type":"product","link":"https:\/\/roveyayinevi.com.tr\/index.php\/urun\/bati-islami-cok-sevmisti\/","title":{"rendered":"Bat\u0131 \u0130sl\u00e2m&#8217;\u0131 \u00c7ok Sevmi\u015fti"},"content":{"rendered":"<p>Nuray Mert, Bat\u0131 \u0130sl\u00e2m\u2019\u0131 \u00c7ok Sevmi\u015fti-Bat\u0131\u2019n\u0131n \u0130sl\u00e2m Siyasetleri ve \u0130sl\u00e2mc\u0131l\u0131k\u2019ta, tarihsel-siyasal s\u00fcre\u00e7leri g\u00f6z ard\u0131 etmeden, yaln\u0131zca M\u00fcsl\u00fcmanlar\u0131n ya\u015fad\u0131\u011f\u0131 topraklarda de\u011fil, aksine ve \u00f6zellikle M\u00fcsl\u00fcmanlar\u0131n ya\u015fad\u0131\u011f\u0131 topraklar d\u0131\u015f\u0131nda \u0130sl\u00e2m\u2019\u0131n nas\u0131l \u0130sl\u00e2mc\u0131l\u0131\u011fa d\u00f6n\u00fc\u015ft\u00fc\u011f\u00fcn\u00fc soruyor, bunda Bat\u0131\u2019n\u0131n rol\u00fcne odaklan\u0131yor. Bu \u00e7er\u00e7evede \u00f6zellikle Birinci D\u00fcnya Sava\u015f\u0131 sonras\u0131nda Nazilerin \u0130sl\u00e2m\u2019\u0131 siyasette nas\u0131l kulland\u0131klar\u0131n\u0131; So\u011fuk Sava\u015f d\u00f6neminde bir \u201ckom\u00fcnizmle m\u00fccadele\u201d arac\u0131 olarak \u0130sl\u00e2m\u2019a nas\u0131l \u015fekil verildi\u011fini; \u201ctarihin sonu\u201dnda siyasal \u0130sl\u00e2m\u2019\u0131n seyrini ve son olarak, Arap Bahar\u0131\u2019nda \u0130sl\u00e2m ve demokrasi, \u201ciyi M\u00fcsl\u00fcman\u201d, \u201ck\u00f6t\u00fc M\u00fcsl\u00fcman\u201d kavramlar\u0131n\u0131 inceliyor, Bat\u0131\u2019n\u0131n M\u00fcsl\u00fcman toplumlara bak\u0131\u015f a\u00e7\u0131s\u0131n\u0131, y\u00fcr\u00fctt\u00fckleri \u0130sl\u00e2m siyasetleriyle izah ediyor.\u0130sl\u00e2mc\u0131l\u0131\u011f\u0131n tarihsel seyrini ulus a\u015f\u0131r\u0131 d\u00fczlemde ele alan kapsaml\u0131 ve titiz bir inceleme\u2026\u201c[\u2026] \u0130sl\u00e2mc\u0131l\u0131k ideolojisinin (daha do\u011frusu ideolojilerinin), \u2018\u0130sl\u00e2m\u2019\u0131n siyasal dili\u2019 de\u011fil, dinin tarihsel-siyasal kodlamalardan biri oldu\u011funu dikkate almad\u0131\u011f\u0131m\u0131z s\u00fcrece, bu ideoloji(ler)in, din referansl\u0131 otantiklik iddialar\u0131n\u0131 teyit etmi\u015f oluruz. Di\u011fer bir deyi\u015fle, \u0130sl\u00e2mc\u0131l\u0131\u011f\u0131n \u2018din\u2019in\/dindarl\u0131\u011f\u0131n temsili oldu\u011fu \u015feklindeki apolitik tan\u0131m\u0131 benimsemi\u015f oluruz. Bu \u00e7er\u00e7evede, \u0130sl\u00e2mc\u0131 ideolojiler, meselelerinin din oldu\u011fu iddias\u0131 \u00e7er\u00e7evesinde, kendini mevcut siyasal kavram ve tart\u0131\u015fmalar\u0131n d\u0131\u015f\u0131nda\/\u00fcst\u00fcnde takdim ederken, din\u00ee a\u00e7\u0131dan y\u00fcr\u00fct\u00fclen \u0130sl\u00e2mc\u0131l\u0131k ele\u015ftirilerinin pek \u00e7o\u011fu da \u0130sl\u00e2mc\u0131l\u0131\u011f\u0131 sorgulamay\u0131 dinsel\/k\u00fclt\u00fcrel alana s\u0131k\u0131\u015ft\u0131r\u0131r.\u201d<\/p>\n","protected":false},"excerpt":{"rendered":"<p>Nuray Mert, Bat\u0131 \u0130sl\u00e2m\u2019\u0131 \u00c7ok Sevmi\u015fti-Bat\u0131\u2019n\u0131n \u0130sl\u00e2m Siyasetleri ve \u0130sl\u00e2mc\u0131l\u0131k\u2019ta, tarihsel-siyasal s\u00fcre\u00e7leri g\u00f6z ard\u0131 etmeden, yaln\u0131zca M\u00fcsl\u00fcmanlar\u0131n ya\u015fad\u0131\u011f\u0131 topraklarda de\u011fil, aksine ve \u00f6zellikle M\u00fcsl\u00fcmanlar\u0131n ya\u015fad\u0131\u011f\u0131 topraklar<span class=\"excerpt-hellip\"> [\u2026]<\/span><\/p>\n","protected":false},"featured_media":0,"template":"","meta":{"_monsterinsights_skip_tracking":false,"_monsterinsights_sitenote_active":false,"_monsterinsights_sitenote_note":"","_monsterinsights_sitenote_category":0},"product_brand":[],"product_cat":[12370,12304],"product_tag":[],"class_list":{"0":"post-736424","1":"product","2":"type-product","3":"status-publish","5":"product_cat-arastirma-inceleme","6":"product_cat-tarih","7":"pa_cilt-ciltsiz","8":"pa_tur-kitap","9":"pa_yayinevi-iletisim-yayinlari","10":"pa_yazar-nuray-mert","12":"first","13":"instock","14":"sale","15":"shipping-taxable","16":"purchasable","17":"product-type-simple"},"_links":{"self":[{"href":"https:\/\/roveyayinevi.com.tr\/index.php\/wp-json\/wp\/v2\/product\/736424","targetHints":{"allow":["GET"]}}],"collection":[{"href":"https:\/\/roveyayinevi.com.tr\/index.php\/wp-json\/wp\/v2\/product"}],"about":[{"href":"https:\/\/roveyayinevi.com.tr\/index.php\/wp-json\/wp\/v2\/types\/product"}],"wp:attachment":[{"href":"https:\/\/roveyayinevi.com.tr\/index.php\/wp-json\/wp\/v2\/media?parent=736424"}],"wp:term":[{"taxonomy":"product_brand","embeddable":true,"href":"https:\/\/roveyayinevi.com.tr\/index.php\/wp-json\/wp\/v2\/product_brand?post=736424"},{"taxonomy":"product_cat","embeddable":true,"href":"https:\/\/roveyayinevi.com.tr\/index.php\/wp-json\/wp\/v2\/product_cat?post=736424"},{"taxonomy":"product_tag","embeddable":true,"href":"https:\/\/roveyayinevi.com.tr\/index.php\/wp-json\/wp\/v2\/product_tag?post=736424"}],"curies":[{"name":"wp","href":"https:\/\/api.w.org\/{rel}","templated":true}]}}