{"id":736422,"date":"2025-08-27T23:07:18","date_gmt":"2025-08-27T20:07:18","guid":{"rendered":"https:\/\/roveyayinevi.com.tr\/index.php\/urun\/freelance-emek\/"},"modified":"2026-04-16T02:45:02","modified_gmt":"2026-04-15T23:45:02","slug":"freelance-emek","status":"publish","type":"product","link":"https:\/\/roveyayinevi.com.tr\/index.php\/urun\/freelance-emek\/","title":{"rendered":"Freelance Emek"},"content":{"rendered":"<p>Freelance Emek, \u201cofissizle\u015fen\u201d eme\u011fi anlat\u0131yor. \u0130nsanlar\u0131 evinden veya istedi\u011fi yerden, istedi\u011fi zaman, istedi\u011fi ki\u015filerle, istedi\u011fi gibi \u00e7al\u0131\u015farak ge\u00e7imini kazanabilece\u011fi fantezisiy- le ayartarak, onlara g\u00fcya \u00f6zg\u00fcrl\u00fck vaat eden bir emek rejimi bu. Bu s\u00f6z\u00fcm ona \u00f6zg\u00fcrl\u00fck, 7 g\u00fcn 24 saat i\u015fe ko\u015fulabilmek anlam\u0131na geliyor; \u00fcstelik \u201cevde\u201d oldu\u011fu i\u00e7in hem i\u015fveren hem hane halk\u0131n\u0131n g\u00f6z\u00fcnde kolayl\u0131kla g\u00f6r\u00fcnmez hale gelen bir \u00e7al\u0131\u015fma s\u00f6z konusu. Freelance\u2019in tasfiye etti\u011fi i\u015f g\u00fcvencesinin yerine konan \u201cnetwork\u201d (ili\u015fki a\u011f\u0131) ba\u011flant\u0131lar\u0131n\u0131n da, aydac\u0131-\u00e7\u0131karc\u0131 yap\u0131s\u0131yla nas\u0131l yaln\u0131zla\u015ft\u0131r\u0131c\u0131 bir evren kur- du\u011funu g\u00f6r\u00fcyoruz. Kitap, gitgide yayg\u0131nla\u015fan freelance \u00e7al\u0131\u015fma ko\u015fullar\u0131n\u0131n, g\u00fcvencesizli\u011fi katmerlendirirken, neoliberal \u00f6zg\u00fcrl\u00fck vaadinin hilaf\u0131na \u00e7al\u0131\u015fanlar\u0131 su\u00e7luluk ve utan\u00e7 duygular\u0131 na s\u00fcr\u00fckledi\u011fini g\u00f6steriyor. Fakat bir teslimiyet hik\u00e2yesi de\u011fil bu; \u00d6zlem \u0130lyas, freelance emek\u00e7ilerin direni\u015f ve \u00f6rg\u00fctlenme tecr\u00fcbeleri i\u00e7inden, alternatif bir \u00f6zg\u00fcrl\u00fck tahayy\u00fcl\u00fcn\u00fc ar\u0131yor. \u201cNeoliberal freelance \u00e7al\u0131\u015fma ko\u015fullar\u0131nda \u00f6zg\u00fcrl\u00fck, hem bir \u00f6nko\u015ful hem de 2008 krizi sonras\u0131 d\u00f6nemde feragat edilmesi beklenen g\u00fcvenceler kar\u015f\u0131l\u0131\u011f\u0131nda vaat edilen bir arzu nesnesidir. (&#8230;) K\u0131sacas\u0131, \u2018iyi hayat\u2019\u0131n ne oldu\u011funun yeniden tan\u0131mland\u0131\u011f\u0131n\u0131 s\u00f6yleyebiliriz.<\/p>\n","protected":false},"excerpt":{"rendered":"<p>Freelance Emek, \u201cofissizle\u015fen\u201d eme\u011fi anlat\u0131yor. \u0130nsanlar\u0131 evinden veya istedi\u011fi yerden, istedi\u011fi zaman, istedi\u011fi ki\u015filerle, istedi\u011fi gibi \u00e7al\u0131\u015farak ge\u00e7imini kazanabilece\u011fi fantezisiy- le ayartarak, onlara g\u00fcya \u00f6zg\u00fcrl\u00fck vaat<span class=\"excerpt-hellip\"> [\u2026]<\/span><\/p>\n","protected":false},"featured_media":0,"template":"","meta":{"_monsterinsights_skip_tracking":false,"_monsterinsights_sitenote_active":false,"_monsterinsights_sitenote_note":"","_monsterinsights_sitenote_category":0},"product_brand":[],"product_cat":[18545,12291],"product_tag":[],"class_list":{"0":"post-736422","1":"product","2":"type-product","3":"status-publish","5":"product_cat-anlati","6":"product_cat-edebiyat","7":"pa_cilt-ciltsiz","8":"pa_tur-kitap","9":"pa_yayinevi-iletisim-yayinlari","10":"pa_yazar-ozlem-ilyas","12":"first","13":"instock","14":"sale","15":"shipping-taxable","16":"purchasable","17":"product-type-simple"},"_links":{"self":[{"href":"https:\/\/roveyayinevi.com.tr\/index.php\/wp-json\/wp\/v2\/product\/736422","targetHints":{"allow":["GET"]}}],"collection":[{"href":"https:\/\/roveyayinevi.com.tr\/index.php\/wp-json\/wp\/v2\/product"}],"about":[{"href":"https:\/\/roveyayinevi.com.tr\/index.php\/wp-json\/wp\/v2\/types\/product"}],"wp:attachment":[{"href":"https:\/\/roveyayinevi.com.tr\/index.php\/wp-json\/wp\/v2\/media?parent=736422"}],"wp:term":[{"taxonomy":"product_brand","embeddable":true,"href":"https:\/\/roveyayinevi.com.tr\/index.php\/wp-json\/wp\/v2\/product_brand?post=736422"},{"taxonomy":"product_cat","embeddable":true,"href":"https:\/\/roveyayinevi.com.tr\/index.php\/wp-json\/wp\/v2\/product_cat?post=736422"},{"taxonomy":"product_tag","embeddable":true,"href":"https:\/\/roveyayinevi.com.tr\/index.php\/wp-json\/wp\/v2\/product_tag?post=736422"}],"curies":[{"name":"wp","href":"https:\/\/api.w.org\/{rel}","templated":true}]}}