{"id":736417,"date":"2025-08-27T23:07:13","date_gmt":"2025-08-27T20:07:13","guid":{"rendered":"https:\/\/roveyayinevi.com.tr\/index.php\/urun\/grek-estetigi\/"},"modified":"2026-04-16T02:45:02","modified_gmt":"2026-04-15T23:45:02","slug":"grek-estetigi","status":"publish","type":"product","link":"https:\/\/roveyayinevi.com.tr\/index.php\/urun\/grek-estetigi\/","title":{"rendered":"Grek Esteti\u011fi"},"content":{"rendered":"<p>\u201c\u0130nsan\u0131n salt g\u00fczellikle kar\u015f\u0131 kar\u015f\u0131ya geldi\u011fi an yok mu sevgili Sokrates,  i\u015fte yaln\u0131z o an i\u00e7in insan hayat\u0131 ya\u015fanmaya de\u011fer.\u201d Diotima   Yaln\u0131zca bilgi felsefesi ve etik de\u011fil, esteti\u011fin kurucu isimleri de Antik Yunan filozoflar\u0131d\u0131r. Aristoteles, Platon ve Plotinos\u2019un g\u00fczellik teorilerini sunan bu kitap, esteti\u011fe tarihsel bir giri\u015f sunmaktad\u0131r. G\u00fczel nedir? Antik Yunan\u2019da g\u00fczel ve iyinin ayn\u0131l\u0131\u011f\u0131 ne anlama geliyor? Platon\u2019da \u2018kendili\u011finden g\u00fczel\u2019 olan ile \u2018tek tek g\u00fczeller\u2019 aras\u0131ndaki fark nedir? Taklit ve yarat\u0131m olarak sanat ne anlama gelir? Aristoteles ve Platon poetikas\u0131nda sanat ve devlet ili\u015fkisi nas\u0131l konumland\u0131r\u0131l\u0131r? Plotinos\u2019un ruh teorisi ba\u011flam\u0131nda g\u00fczel nedir? Orant\u0131 ve simetriye sahip olmayan m\u0131d\u0131r \u00e7irkin, yoksa tanr\u0131sal ak\u0131ldan pay almam\u0131\u015f olan m\u0131? T\u00fcm bu sorularla beraber bu kitap, Herakleitos, Pythagoras\u00e7\u0131lar ve Ksenophon\u2019un estetik anlay\u0131\u015f\u0131na dair bir\u00e7ok de\u011finiyi ve temel metinlerden se\u00e7kileri i\u00e7ermektedir.<\/p>\n","protected":false},"excerpt":{"rendered":"<p>\u201c\u0130nsan\u0131n salt g\u00fczellikle kar\u015f\u0131 kar\u015f\u0131ya geldi\u011fi an yok mu sevgili Sokrates, i\u015fte yaln\u0131z o an i\u00e7in insan hayat\u0131 ya\u015fanmaya de\u011fer.\u201d Diotima Yaln\u0131zca bilgi felsefesi ve etik<span class=\"excerpt-hellip\"> [\u2026]<\/span><\/p>\n","protected":false},"featured_media":0,"template":"","meta":{"_monsterinsights_skip_tracking":false,"_monsterinsights_sitenote_active":false,"_monsterinsights_sitenote_note":"","_monsterinsights_sitenote_category":0},"product_brand":[],"product_cat":[22741,12388],"product_tag":[],"class_list":{"0":"post-736417","1":"product","2":"type-product","3":"status-publish","5":"product_cat-estetik","6":"product_cat-felsefe","7":"pa_cilt-ciltsiz","8":"pa_tur-kitap","9":"pa_yayinevi-fol-kitap","10":"pa_yazar-ismail-tunali","12":"first","13":"instock","14":"sale","15":"shipping-taxable","16":"purchasable","17":"product-type-simple"},"_links":{"self":[{"href":"https:\/\/roveyayinevi.com.tr\/index.php\/wp-json\/wp\/v2\/product\/736417","targetHints":{"allow":["GET"]}}],"collection":[{"href":"https:\/\/roveyayinevi.com.tr\/index.php\/wp-json\/wp\/v2\/product"}],"about":[{"href":"https:\/\/roveyayinevi.com.tr\/index.php\/wp-json\/wp\/v2\/types\/product"}],"wp:attachment":[{"href":"https:\/\/roveyayinevi.com.tr\/index.php\/wp-json\/wp\/v2\/media?parent=736417"}],"wp:term":[{"taxonomy":"product_brand","embeddable":true,"href":"https:\/\/roveyayinevi.com.tr\/index.php\/wp-json\/wp\/v2\/product_brand?post=736417"},{"taxonomy":"product_cat","embeddable":true,"href":"https:\/\/roveyayinevi.com.tr\/index.php\/wp-json\/wp\/v2\/product_cat?post=736417"},{"taxonomy":"product_tag","embeddable":true,"href":"https:\/\/roveyayinevi.com.tr\/index.php\/wp-json\/wp\/v2\/product_tag?post=736417"}],"curies":[{"name":"wp","href":"https:\/\/api.w.org\/{rel}","templated":true}]}}