{"id":736415,"date":"2025-08-27T23:07:11","date_gmt":"2025-08-27T20:07:11","guid":{"rendered":"https:\/\/roveyayinevi.com.tr\/index.php\/urun\/tarihselcilik-sorunu\/"},"modified":"2026-04-16T02:45:02","modified_gmt":"2026-04-15T23:45:02","slug":"tarihselcilik-sorunu","status":"publish","type":"product","link":"https:\/\/roveyayinevi.com.tr\/index.php\/urun\/tarihselcilik-sorunu\/","title":{"rendered":"Tarihselcilik Sorunu"},"content":{"rendered":"<p>Platon d\u00fcnyay\u0131 g\u00f6r\u00fcnenler ve d\u00fc\u015f\u00fcn\u00fclenler olmak \u00fczere ikiye ay\u0131rd\u0131\u011f\u0131nda, tarihin ve tarihselli\u011fin, hakikat aray\u0131\u015f\u0131n\u0131n \u00f6n\u00fcnde bir engel olarak g\u00f6r\u00fclmesinin de yolunu a\u00e7m\u0131\u015ft\u0131. Nietzsche, filozoflar\u0131 \u2018tarih duygusu\u2019ndan yoksun olduklar\u0131 gerek\u00e7esiyle k\u0131yas\u0131ya ele\u015ftirirken, tarihe kar\u015f\u0131 kemikle\u015fmi\u015f \u00f6nyarg\u0131lar\u0131n\u0131 y\u0131kmalar\u0131, \u2018de\u011ferlerini yeniden de\u011ferlendirmeleri\u2019 i\u00e7in bu y\u00fczden \u00e7a\u011fr\u0131da bulunuyordu. Alman filozof Erich Rothacker\u2019in \u00f6l\u00fcm\u00fcnden \u00f6nce kaleme ald\u0131\u011f\u0131 bu son kitap, onun Nietzsche\u2019nin bu \u00e7a\u011fr\u0131s\u0131na verdi\u011fi olumlu bir yan\u0131tt\u0131r. Felsefenin beylik hakikat ve nesnellik aray\u0131\u015f\u0131na kar\u015f\u0131 insan\u0131 tarihsel bir k\u00fclt\u00fcr varl\u0131\u011f\u0131 olarak g\u00f6rmenin, tarih duygusunu bast\u0131rmayan perspektifli bak\u0131\u015f\u0131n bizi vard\u0131raca\u011f\u0131 sonu\u00e7lar\u0131 sergilemesi itibar\u0131yla da felsefe tarihinde benzersiz bir yere sahiptir: Filozoflar\u0131n ve bilim insanlar\u0131n\u0131n de\u011fi\u015fmezleri ararken tarihin ak\u0131\u015f\u0131na kap\u0131lmamak i\u00e7in sorunlar\u0131n\u0131 kat\u0131 d\u00fc\u015f\u00fcnce kal\u0131plar\u0131 i\u00e7inde kalarak \u00e7\u00f6zmeye \u00e7al\u0131\u015ft\u0131klar\u0131n\u0131 ileri s\u00fcren Rothacker\u2019in bu eserinde olgunla\u015ft\u0131rd\u0131\u011f\u0131 \u2018dogmatik\u2019 kavram\u0131, Kuhn\u2019un \u00fcnl\u00fc \u2018paradigma\u2019 kavram\u0131n\u0131n, hatta Feyerabend\u2019in bilimsel ba\u011fnazl\u0131k ele\u015ftirisinin \u00f6nceli olarak da g\u00f6r\u00fclmektedir.<\/p>\n","protected":false},"excerpt":{"rendered":"<p>Platon d\u00fcnyay\u0131 g\u00f6r\u00fcnenler ve d\u00fc\u015f\u00fcn\u00fclenler olmak \u00fczere ikiye ay\u0131rd\u0131\u011f\u0131nda, tarihin ve tarihselli\u011fin, hakikat aray\u0131\u015f\u0131n\u0131n \u00f6n\u00fcnde bir engel olarak g\u00f6r\u00fclmesinin de yolunu a\u00e7m\u0131\u015ft\u0131. Nietzsche, filozoflar\u0131 \u2018tarih duygusu\u2019ndan<span class=\"excerpt-hellip\"> [\u2026]<\/span><\/p>\n","protected":false},"featured_media":0,"template":"","meta":{"_monsterinsights_skip_tracking":false,"_monsterinsights_sitenote_active":false,"_monsterinsights_sitenote_note":"","_monsterinsights_sitenote_category":0},"product_brand":[],"product_cat":[12388,26788],"product_tag":[],"class_list":{"0":"post-736415","1":"product","2":"type-product","3":"status-publish","5":"product_cat-felsefe","6":"product_cat-filozoflar","7":"pa_cilt-ciltsiz","8":"pa_tur-kitap","9":"pa_yayinevi-fol-kitap","10":"pa_yazar-erich-rothacker","12":"first","13":"instock","14":"sale","15":"shipping-taxable","16":"purchasable","17":"product-type-simple"},"_links":{"self":[{"href":"https:\/\/roveyayinevi.com.tr\/index.php\/wp-json\/wp\/v2\/product\/736415","targetHints":{"allow":["GET"]}}],"collection":[{"href":"https:\/\/roveyayinevi.com.tr\/index.php\/wp-json\/wp\/v2\/product"}],"about":[{"href":"https:\/\/roveyayinevi.com.tr\/index.php\/wp-json\/wp\/v2\/types\/product"}],"wp:attachment":[{"href":"https:\/\/roveyayinevi.com.tr\/index.php\/wp-json\/wp\/v2\/media?parent=736415"}],"wp:term":[{"taxonomy":"product_brand","embeddable":true,"href":"https:\/\/roveyayinevi.com.tr\/index.php\/wp-json\/wp\/v2\/product_brand?post=736415"},{"taxonomy":"product_cat","embeddable":true,"href":"https:\/\/roveyayinevi.com.tr\/index.php\/wp-json\/wp\/v2\/product_cat?post=736415"},{"taxonomy":"product_tag","embeddable":true,"href":"https:\/\/roveyayinevi.com.tr\/index.php\/wp-json\/wp\/v2\/product_tag?post=736415"}],"curies":[{"name":"wp","href":"https:\/\/api.w.org\/{rel}","templated":true}]}}