{"id":736413,"date":"2025-08-27T23:07:10","date_gmt":"2025-08-27T20:07:10","guid":{"rendered":"https:\/\/roveyayinevi.com.tr\/index.php\/urun\/cici-kiz-olmayi-birak\/"},"modified":"2026-04-16T02:45:02","modified_gmt":"2026-04-15T23:45:02","slug":"cici-kiz-olmayi-birak","status":"publish","type":"product","link":"https:\/\/roveyayinevi.com.tr\/index.php\/urun\/cici-kiz-olmayi-birak\/","title":{"rendered":"Cici K\u0131z Olmay\u0131 B\u0131rak"},"content":{"rendered":"<p>ARTIK SEN\u0130N ZAMANIN!Bu kitab\u0131n oda\u011f\u0131nda kad\u0131nlar var ama ataerki erkeklere de zarar veriyor. Kad\u0131nlara cici k\u0131z olmas\u0131 s\u00f6ylenirken, erkekler de agresif, ma\u00e7o, atletik, duygusuz, \u00e7apk\u0131n vs. olmalar\u0131 i\u00e7in bask\u0131lan\u0131yor.Kad\u0131nlar binlerce y\u0131l g\u00fc\u00e7l\u00fc olmak yerine \u0130Y\u0130 ve C\u0130C\u0130 olmaya \u00e7al\u0131\u015ft\u0131. Ancak bu onlar\u0131n seslerini duyurmalar\u0131na, yeteneklerini g\u00f6stermelerine ve vizyonlar\u0131n\u0131 geli\u015ftirmelerine engel oldu.Yazar Majo Molfino, ger\u00e7ekle\u015ftirdi\u011fi bir\u00e7ok g\u00f6r\u00fc\u015fme ve seans sonucunda, kad\u0131nlar\u0131n kendini sabote etmesinin be\u015f temel sebebini \u201cBe\u015f Cici K\u0131z Miti\u201d ba\u015fl\u0131\u011f\u0131 alt\u0131nda tan\u0131mlad\u0131.Kurallar | Kusursuzluk | Mant\u0131k | Uyum | Fedak\u00e2rl\u0131k Her bir mitin ili\u015fkinizi, kariyerinizi, g\u00fcc\u00fcn\u00fcz\u00fc ve yarat\u0131c\u0131l\u0131\u011f\u0131n\u0131z\u0131 nas\u0131l etkiledi\u011fini g\u00f6receksiniz. Cici K\u0131z Olmay\u0131 B\u0131rak, \u00f6zg\u00fcveninizi geri kazanman\u0131za yard\u0131mc\u0131 olup yolunuzu ayd\u0131nlatacak. <\/p>\n","protected":false},"excerpt":{"rendered":"<p>ARTIK SEN\u0130N ZAMANIN!Bu kitab\u0131n oda\u011f\u0131nda kad\u0131nlar var ama ataerki erkeklere de zarar veriyor. Kad\u0131nlara cici k\u0131z olmas\u0131 s\u00f6ylenirken, erkekler de agresif, ma\u00e7o, atletik, duygusuz, \u00e7apk\u0131n vs.<span class=\"excerpt-hellip\"> [\u2026]<\/span><\/p>\n","protected":false},"featured_media":0,"template":"","meta":{"_monsterinsights_skip_tracking":false,"_monsterinsights_sitenote_active":false,"_monsterinsights_sitenote_note":"","_monsterinsights_sitenote_category":0},"product_brand":[],"product_cat":[13252,12324],"product_tag":[],"class_list":{"0":"post-736413","1":"product","2":"type-product","3":"status-publish","5":"product_cat-kadin-calismalari","6":"product_cat-sosyoloji","7":"pa_cilt-ciltsiz","8":"pa_tur-kitap","9":"pa_yayinevi-nemesis-kitap","10":"pa_yazar-majo-molfino","12":"first","13":"instock","14":"sale","15":"shipping-taxable","16":"purchasable","17":"product-type-simple"},"_links":{"self":[{"href":"https:\/\/roveyayinevi.com.tr\/index.php\/wp-json\/wp\/v2\/product\/736413","targetHints":{"allow":["GET"]}}],"collection":[{"href":"https:\/\/roveyayinevi.com.tr\/index.php\/wp-json\/wp\/v2\/product"}],"about":[{"href":"https:\/\/roveyayinevi.com.tr\/index.php\/wp-json\/wp\/v2\/types\/product"}],"wp:attachment":[{"href":"https:\/\/roveyayinevi.com.tr\/index.php\/wp-json\/wp\/v2\/media?parent=736413"}],"wp:term":[{"taxonomy":"product_brand","embeddable":true,"href":"https:\/\/roveyayinevi.com.tr\/index.php\/wp-json\/wp\/v2\/product_brand?post=736413"},{"taxonomy":"product_cat","embeddable":true,"href":"https:\/\/roveyayinevi.com.tr\/index.php\/wp-json\/wp\/v2\/product_cat?post=736413"},{"taxonomy":"product_tag","embeddable":true,"href":"https:\/\/roveyayinevi.com.tr\/index.php\/wp-json\/wp\/v2\/product_tag?post=736413"}],"curies":[{"name":"wp","href":"https:\/\/api.w.org\/{rel}","templated":true}]}}