{"id":736412,"date":"2025-08-27T23:07:09","date_gmt":"2025-08-27T20:07:09","guid":{"rendered":"https:\/\/roveyayinevi.com.tr\/index.php\/urun\/sakin-ebeveyn\/"},"modified":"2026-04-16T02:45:02","modified_gmt":"2026-04-15T23:45:02","slug":"sakin-ebeveyn","status":"publish","type":"product","link":"https:\/\/roveyayinevi.com.tr\/index.php\/urun\/sakin-ebeveyn\/","title":{"rendered":"Sakin Ebeveyn"},"content":{"rendered":"<p>\u201cKendimize ve ba\u015fkalar\u0131na olan yakla\u015f\u0131m\u0131m\u0131z\u0131 \u00e7ocuklu\u011fumuzdan bu yana  bizimle ya\u015fayan yaralar\u0131m\u0131z belirler.\u201d   \u201cBu kitab\u0131, senin hem daha sakin bir insan hem daha sakin bir ebeveyn olarak, \u00e7ocu\u011funla ve kendi \u00e7ocuklu\u011funla olan ili\u015fkilerini g\u00f6zden ge\u00e7irip yeniden d\u00fczenlerken keyifle yol alman\u0131 sa\u011flayacak bir rehber olmas\u0131 amac\u0131yla yazd\u0131m. Sakin kalmak, her t\u00fcr zorlu\u011fun \u00fcstesinden gelmenin s\u0131rr\u0131d\u0131r. Sakin kalabilmek, sa\u011fl\u0131kl\u0131 d\u00fc\u015f\u00fcnebilmenin ilk ad\u0131m\u0131d\u0131r ve iki ki\u015fi aras\u0131ndaki yorum farklar\u0131na tak\u0131l\u0131p kalmadan, ger\u00e7ekte neler olup bitti\u011fini  anlayabilmek i\u00e7in \u015fartt\u0131r.\u201d   Yasemin Meri\u00e7 Kazdal   Sakin Ebeveyn\u2019i bitirdi\u011finizde olmad\u0131\u011f\u0131n\u0131z biri gibi davranman\u0131za gerek kalmayacak. T\u00fcm duygular\u0131n\u0131z\u0131 oldu\u011fu haliyle hem kabullenmenin hem de onlara sahip \u00e7\u0131kman\u0131n verdi\u011fi sakinli\u011fi tatman\u0131z\u0131 diliyoruz. Sakin Ebeveyn size ve ili\u015fkilerinize, nas\u0131l y\u00f6n belirleyece\u011finize dair bir yol haritas\u0131 olarak Klinik Psikolog Yasemin Meri\u00e7 Kazdal taraf\u0131ndan haz\u0131rland\u0131. Tercih ise yine size b\u0131rak\u0131ld\u0131: Bu haritay\u0131 kullanabilir ya da rafa kald\u0131rabilirsiniz\u2026 <\/p>\n","protected":false},"excerpt":{"rendered":"<p>\u201cKendimize ve ba\u015fkalar\u0131na olan yakla\u015f\u0131m\u0131m\u0131z\u0131 \u00e7ocuklu\u011fumuzdan bu yana bizimle ya\u015fayan yaralar\u0131m\u0131z belirler.\u201d \u201cBu kitab\u0131, senin hem daha sakin bir insan hem daha sakin bir ebeveyn olarak,<span class=\"excerpt-hellip\"> [\u2026]<\/span><\/p>\n","protected":false},"featured_media":0,"template":"","meta":{"_monsterinsights_skip_tracking":false,"_monsterinsights_sitenote_active":false,"_monsterinsights_sitenote_note":"","_monsterinsights_sitenote_category":0},"product_brand":[],"product_cat":[17996,12364],"product_tag":[],"class_list":{"0":"post-736412","1":"product","2":"type-product","3":"status-publish","5":"product_cat-ebeveyn-kitaplari","6":"product_cat-genel-konular","7":"pa_cilt-ciltsiz","8":"pa_tur-kitap","9":"pa_yayinevi-nemesis-kitap","10":"pa_yazar-yasemin-meric-kazdal","12":"first","13":"instock","14":"sale","15":"shipping-taxable","16":"purchasable","17":"product-type-simple"},"_links":{"self":[{"href":"https:\/\/roveyayinevi.com.tr\/index.php\/wp-json\/wp\/v2\/product\/736412","targetHints":{"allow":["GET"]}}],"collection":[{"href":"https:\/\/roveyayinevi.com.tr\/index.php\/wp-json\/wp\/v2\/product"}],"about":[{"href":"https:\/\/roveyayinevi.com.tr\/index.php\/wp-json\/wp\/v2\/types\/product"}],"wp:attachment":[{"href":"https:\/\/roveyayinevi.com.tr\/index.php\/wp-json\/wp\/v2\/media?parent=736412"}],"wp:term":[{"taxonomy":"product_brand","embeddable":true,"href":"https:\/\/roveyayinevi.com.tr\/index.php\/wp-json\/wp\/v2\/product_brand?post=736412"},{"taxonomy":"product_cat","embeddable":true,"href":"https:\/\/roveyayinevi.com.tr\/index.php\/wp-json\/wp\/v2\/product_cat?post=736412"},{"taxonomy":"product_tag","embeddable":true,"href":"https:\/\/roveyayinevi.com.tr\/index.php\/wp-json\/wp\/v2\/product_tag?post=736412"}],"curies":[{"name":"wp","href":"https:\/\/api.w.org\/{rel}","templated":true}]}}