{"id":736411,"date":"2025-08-27T23:07:08","date_gmt":"2025-08-27T20:07:08","guid":{"rendered":"https:\/\/roveyayinevi.com.tr\/index.php\/urun\/kayip-dostlar-kitabi\/"},"modified":"2026-04-16T02:45:02","modified_gmt":"2026-04-15T23:45:02","slug":"kayip-dostlar-kitabi","status":"publish","type":"product","link":"https:\/\/roveyayinevi.com.tr\/index.php\/urun\/kayip-dostlar-kitabi\/","title":{"rendered":"Kay\u0131p Dostlar Kitab\u0131"},"content":{"rendered":"<p>Louisiana 1875. K\u00f6leli\u011fin kald\u0131r\u0131lmas\u0131n\u0131n ard\u0131ndan ya\u015fanan \u00e7alkant\u0131l\u0131 s\u00fcre\u00e7, \u00fc\u00e7 gen\u00e7 kad\u0131n\u0131 g\u00f6n\u00fcls\u00fcz bir yol arkada\u015fl\u0131\u011f\u0131 ve tehlikeli bir aray\u0131\u015f i\u00e7in birle\u015ftirir. Lavinia ile Juneau Jane\u2019I yollara d\u00fc\u015f\u00fcren i\u00e7inde bulunduklar\u0131 maddi \u00e7aresizliktir ama k\u00f6lelik kald\u0131r\u0131lmadan \u00f6nce annesinden ve sekiz karde\u015finden kopar\u0131lan Hannie i\u00e7in durum farkl\u0131d\u0131r. Bat\u0131ya yapt\u0131klar\u0131 bu yolculuk esnas\u0131nda ac\u0131 veren bir soru gen\u00e7 kad\u0131n\u0131n akl\u0131nda yeniden alevlenir: Acaba uzun zaman \u00f6nce izlerini kaybetti\u011fi ailesi h\u00e2l\u00e2 hayatta m\u0131d\u0131r?   Louisiana 1987. \u00d6\u011fretmenli\u011finin ilk y\u0131l\u0131ndaki Benedetta Silva i\u00e7in \u00f6\u011frenim kredisi bor\u00e7lar\u0131n\u0131 \u00f6demenin tek yolu bir ta\u015fra okulunda \u00e7al\u0131\u015fmakt\u0131r. Gen\u00e7 kad\u0131n yoksulluk i\u00e7indeki \u00f6\u011frencilerinin ya\u015fad\u0131\u011f\u0131 hayat\u0131 kavramakta zorlan\u0131r. Budakl\u0131 me\u015felerin ve k\u00f6hne plantasyon evlerinin alt\u0131ndaki as\u0131rl\u0131k ge\u00e7mi\u015f, uzun zaman \u00f6nce hayatta kalmak i\u00e7in yap\u0131lm\u0131\u015f bir yolculu\u011fu ve her \u015feyi de\u011fi\u015ftirebilecek gizli bir kitab\u0131 saklamaktad\u0131r. ***    \u201cHarika bir roman. Y\u00fcrek burkan, keder dolu bir hik\u00e2ye olmas\u0131na ra\u011fmen ne\u015fe ve iyimserlikten de asla vazge\u00e7miyor.\u201d   -Bookreporter <\/p>\n","protected":false},"excerpt":{"rendered":"<p>Louisiana 1875. K\u00f6leli\u011fin kald\u0131r\u0131lmas\u0131n\u0131n ard\u0131ndan ya\u015fanan \u00e7alkant\u0131l\u0131 s\u00fcre\u00e7, \u00fc\u00e7 gen\u00e7 kad\u0131n\u0131 g\u00f6n\u00fcls\u00fcz bir yol arkada\u015fl\u0131\u011f\u0131 ve tehlikeli bir aray\u0131\u015f i\u00e7in birle\u015ftirir. Lavinia ile Juneau Jane\u2019I yollara<span class=\"excerpt-hellip\"> [\u2026]<\/span><\/p>\n","protected":false},"featured_media":0,"template":"","meta":{"_monsterinsights_skip_tracking":false,"_monsterinsights_sitenote_active":false,"_monsterinsights_sitenote_note":"","_monsterinsights_sitenote_category":0},"product_brand":[],"product_cat":[12291,12711],"product_tag":[],"class_list":{"0":"post-736411","1":"product","2":"type-product","3":"status-publish","5":"product_cat-edebiyat","6":"product_cat-roman-oyku","7":"pa_cilt-ciltsiz","8":"pa_tur-kitap","9":"pa_yayinevi-nemesis-kitap","10":"pa_yazar-lisa-wingate","12":"first","13":"instock","14":"sale","15":"shipping-taxable","16":"purchasable","17":"product-type-simple"},"_links":{"self":[{"href":"https:\/\/roveyayinevi.com.tr\/index.php\/wp-json\/wp\/v2\/product\/736411","targetHints":{"allow":["GET"]}}],"collection":[{"href":"https:\/\/roveyayinevi.com.tr\/index.php\/wp-json\/wp\/v2\/product"}],"about":[{"href":"https:\/\/roveyayinevi.com.tr\/index.php\/wp-json\/wp\/v2\/types\/product"}],"wp:attachment":[{"href":"https:\/\/roveyayinevi.com.tr\/index.php\/wp-json\/wp\/v2\/media?parent=736411"}],"wp:term":[{"taxonomy":"product_brand","embeddable":true,"href":"https:\/\/roveyayinevi.com.tr\/index.php\/wp-json\/wp\/v2\/product_brand?post=736411"},{"taxonomy":"product_cat","embeddable":true,"href":"https:\/\/roveyayinevi.com.tr\/index.php\/wp-json\/wp\/v2\/product_cat?post=736411"},{"taxonomy":"product_tag","embeddable":true,"href":"https:\/\/roveyayinevi.com.tr\/index.php\/wp-json\/wp\/v2\/product_tag?post=736411"}],"curies":[{"name":"wp","href":"https:\/\/api.w.org\/{rel}","templated":true}]}}