{"id":736409,"date":"2025-08-27T23:07:06","date_gmt":"2025-08-27T20:07:06","guid":{"rendered":"https:\/\/roveyayinevi.com.tr\/index.php\/urun\/gazi-babamiz\/"},"modified":"2026-04-16T02:45:01","modified_gmt":"2026-04-15T23:45:01","slug":"gazi-babamiz","status":"publish","type":"product","link":"https:\/\/roveyayinevi.com.tr\/index.php\/urun\/gazi-babamiz\/","title":{"rendered":"Gazi Babam\u0131z"},"content":{"rendered":"<p>&#8220;Kas\u0131m Mehmet Teke\u2019nin yeti\u015fkinlere ve \u00e7ocuklara hitap eden Gazi Babam\u0131z kitab\u0131 \u00e7ok de\u011ferli bir \u00e7al\u0131\u015fma. Kitap bize Cumhuriyet\u2019in ilk y\u0131llar\u0131nda \u00e7ocuklara verilen \u00f6nemi anlat\u0131yor. Ar\u015fivlerden al\u0131nan belgeler kitab\u0131 zenginle\u015ftiriyor. \u00c7ocuklar\u0131n o y\u0131llarda b\u00fcy\u00fcklere y\u00f6nelik taleplerine bak\u0131yoruz; kimi talepler h\u00e2l\u00e2 kar\u015f\u0131lanm\u0131\u015f de\u011fil&#8230; Mutsuz \u00e7ocuklar mutsuz yar\u0131nlar demektir. O y\u00fczden \u00e7ocuklar\u0131m\u0131za \u00e7i\u00e7ekler gibi \u00f6zen g\u00f6stermeli, sa\u011fl\u0131kl\u0131 ve e\u011fitimli bir nesil i\u00e7in \u00fczerimize d\u00fc\u015fen g\u00f6revleri yerine getirmeliyiz. Bu \u00fclkenin \u00e7ocuklar\u0131 hepimizin \u00e7ocuklar\u0131d\u0131r. Cumhuriyet T\u00fcrkiye\u2019si \u00e7ocuklara verdi\u011fi \u00f6nemi onlara bir bayram hediye ederek g\u00f6sterdi. Ancak Cumhuriyet\u2019in sevgisi bundan ibaret de\u011fildir. Elinizde tuttu\u011funuz kitab\u0131n i\u00e7indeki sat\u0131rlar ve belgeler, Cumhuriyet\u2019i kuranlar\u0131n mutlu ve sa\u011fl\u0131kl\u0131 nesiller yeti\u015ftirmek i\u00e7in g\u00f6sterdi\u011fi farkl\u0131 \u00e7abalar\u0131 da anlat\u0131yor. K. Mehmet Teke, bug\u00fcn\u00fcn ve yar\u0131n\u0131n \u00e7ocuklar\u0131 i\u00e7in zahmetli ama \u00e7ok yararl\u0131 bir \u00e7al\u0131\u015fma yapm\u0131\u015f. Kendisini bu g\u00fczel \u00e7al\u0131\u015fmas\u0131ndan dolay\u0131 kutlar\u0131m. Umar\u0131m bu eser, okullarda yard\u0131mc\u0131 kitap olarak da okutulur.&#8221; Melih A\u015eIK Cumhuriyet&#8217;i kuran kadrolar\u0131n \u00e7ocuklar i\u00e7in yapt\u0131\u011f\u0131 \u00e7al\u0131\u015fmalar\u0131, Mustafa Kemal Atat\u00fcrk&#8217;\u00fcn kendisine &#8220;Gazi Baba&#8221; diye hitap eden \u00e7ocuklarla ili\u015fkilerini tan\u0131kl\u0131klar ve belgelerle anlatan de\u011ferli bir kaynak. <\/p>\n","protected":false},"excerpt":{"rendered":"<p>&#8220;Kas\u0131m Mehmet Teke\u2019nin yeti\u015fkinlere ve \u00e7ocuklara hitap eden Gazi Babam\u0131z kitab\u0131 \u00e7ok de\u011ferli bir \u00e7al\u0131\u015fma. Kitap bize Cumhuriyet\u2019in ilk y\u0131llar\u0131nda \u00e7ocuklara verilen \u00f6nemi anlat\u0131yor. Ar\u015fivlerden al\u0131nan<span class=\"excerpt-hellip\"> [\u2026]<\/span><\/p>\n","protected":false},"featured_media":0,"template":"","meta":{"_monsterinsights_skip_tracking":false,"_monsterinsights_sitenote_active":false,"_monsterinsights_sitenote_note":"","_monsterinsights_sitenote_category":0},"product_brand":[],"product_cat":[12530,12304],"product_tag":[],"class_list":{"0":"post-736409","1":"product","2":"type-product","3":"status-publish","5":"product_cat-mustafa-kemal-ataturk","6":"product_cat-tarih","7":"pa_cilt-ciltsiz","8":"pa_tur-kitap","9":"pa_yayinevi-bilgi-yayinevi","10":"pa_yazar-kasim-mehmet-teke","12":"first","13":"instock","14":"sale","15":"shipping-taxable","16":"purchasable","17":"product-type-simple"},"_links":{"self":[{"href":"https:\/\/roveyayinevi.com.tr\/index.php\/wp-json\/wp\/v2\/product\/736409","targetHints":{"allow":["GET"]}}],"collection":[{"href":"https:\/\/roveyayinevi.com.tr\/index.php\/wp-json\/wp\/v2\/product"}],"about":[{"href":"https:\/\/roveyayinevi.com.tr\/index.php\/wp-json\/wp\/v2\/types\/product"}],"wp:attachment":[{"href":"https:\/\/roveyayinevi.com.tr\/index.php\/wp-json\/wp\/v2\/media?parent=736409"}],"wp:term":[{"taxonomy":"product_brand","embeddable":true,"href":"https:\/\/roveyayinevi.com.tr\/index.php\/wp-json\/wp\/v2\/product_brand?post=736409"},{"taxonomy":"product_cat","embeddable":true,"href":"https:\/\/roveyayinevi.com.tr\/index.php\/wp-json\/wp\/v2\/product_cat?post=736409"},{"taxonomy":"product_tag","embeddable":true,"href":"https:\/\/roveyayinevi.com.tr\/index.php\/wp-json\/wp\/v2\/product_tag?post=736409"}],"curies":[{"name":"wp","href":"https:\/\/api.w.org\/{rel}","templated":true}]}}