{"id":736408,"date":"2025-08-27T23:07:05","date_gmt":"2025-08-27T20:07:05","guid":{"rendered":"https:\/\/roveyayinevi.com.tr\/index.php\/urun\/larva-avcisi\/"},"modified":"2026-04-16T02:45:01","modified_gmt":"2026-04-15T23:45:01","slug":"larva-avcisi","status":"publish","type":"product","link":"https:\/\/roveyayinevi.com.tr\/index.php\/urun\/larva-avcisi\/","title":{"rendered":"Larva Avc\u0131s\u0131"},"content":{"rendered":"<p>2011 Uluslararas\u0131 Arap Roman \u00d6d\u00fcl\u00fc k\u0131sa listesine kalan Larva Avc\u0131s\u0131, Sudanl\u0131 yazar Amir Tag Elsir\u2019in ba\u015fka dillere de \u00e7evrilmi\u015f en \u00fcnl\u00fc roman\u0131.   G\u00f6rev ba\u015f\u0131ndayken ge\u00e7irdi\u011fi bir kazada baca\u011f\u0131n\u0131 kaybedip emekliye ayr\u0131lan Ajan Abdullah Harfa\u015f yazar olmaya karar verir. Bu ama\u00e7 onu ilgin\u00e7, bir o kadar da komik bir yolculu\u011fa s\u00fcr\u00fckler. \u00dcnl\u00fc yazar A. T.\u2019nin beklenmedik bir \u015fekilde Harfa\u015f\u2019\u0131n ak\u0131l hocas\u0131 olmas\u0131yla tuhaf durumlar ve daha da tuhaf karakterler bir bir ortaya \u00e7\u0131kar.   Larva Avc\u0131s\u0131, \u00f6zg\u00fcn ve \u00e7arp\u0131c\u0131 bir \u00fcslupla kimlik kavram\u0131n\u0131 irdelerken edebiyatta mizah\u0131n g\u00fcc\u00fcn\u00fc g\u00f6steren keyifli bir okuma deneyimi sunuyor. <\/p>\n","protected":false},"excerpt":{"rendered":"<p>2011 Uluslararas\u0131 Arap Roman \u00d6d\u00fcl\u00fc k\u0131sa listesine kalan Larva Avc\u0131s\u0131, Sudanl\u0131 yazar Amir Tag Elsir\u2019in ba\u015fka dillere de \u00e7evrilmi\u015f en \u00fcnl\u00fc roman\u0131. G\u00f6rev ba\u015f\u0131ndayken ge\u00e7irdi\u011fi bir<span class=\"excerpt-hellip\"> [\u2026]<\/span><\/p>\n","protected":false},"featured_media":0,"template":"","meta":{"_monsterinsights_skip_tracking":false,"_monsterinsights_sitenote_active":false,"_monsterinsights_sitenote_note":"","_monsterinsights_sitenote_category":0},"product_brand":[],"product_cat":[12291,12711],"product_tag":[],"class_list":{"0":"post-736408","1":"product","2":"type-product","3":"status-publish","5":"product_cat-edebiyat","6":"product_cat-roman-oyku","7":"pa_cilt-ciltsiz","8":"pa_tur-kitap","9":"pa_yayinevi-bilgi-yayinevi","10":"pa_yazar-amir-tag-elsir","12":"first","13":"instock","14":"sale","15":"shipping-taxable","16":"purchasable","17":"product-type-simple"},"_links":{"self":[{"href":"https:\/\/roveyayinevi.com.tr\/index.php\/wp-json\/wp\/v2\/product\/736408","targetHints":{"allow":["GET"]}}],"collection":[{"href":"https:\/\/roveyayinevi.com.tr\/index.php\/wp-json\/wp\/v2\/product"}],"about":[{"href":"https:\/\/roveyayinevi.com.tr\/index.php\/wp-json\/wp\/v2\/types\/product"}],"wp:attachment":[{"href":"https:\/\/roveyayinevi.com.tr\/index.php\/wp-json\/wp\/v2\/media?parent=736408"}],"wp:term":[{"taxonomy":"product_brand","embeddable":true,"href":"https:\/\/roveyayinevi.com.tr\/index.php\/wp-json\/wp\/v2\/product_brand?post=736408"},{"taxonomy":"product_cat","embeddable":true,"href":"https:\/\/roveyayinevi.com.tr\/index.php\/wp-json\/wp\/v2\/product_cat?post=736408"},{"taxonomy":"product_tag","embeddable":true,"href":"https:\/\/roveyayinevi.com.tr\/index.php\/wp-json\/wp\/v2\/product_tag?post=736408"}],"curies":[{"name":"wp","href":"https:\/\/api.w.org\/{rel}","templated":true}]}}