{"id":736405,"date":"2025-08-27T23:07:01","date_gmt":"2025-08-27T20:07:01","guid":{"rendered":"https:\/\/roveyayinevi.com.tr\/index.php\/urun\/butun-siirleri-8\/"},"modified":"2026-04-16T02:45:01","modified_gmt":"2026-04-15T23:45:01","slug":"butun-siirleri-8","status":"publish","type":"product","link":"https:\/\/roveyayinevi.com.tr\/index.php\/urun\/butun-siirleri-8\/","title":{"rendered":"B\u00fct\u00fcn \u015eiirleri"},"content":{"rendered":"<p>Dante\u2019nin Yeni Hayat\u2019ta il primo amico (\u201cen iyi dostum\u201d) diye adland\u0131rd\u0131\u011f\u0131 Guido Cavalcanti, \u0130talyan \u015fiirinin \u201cTatl\u0131 Yeni \u00dcslup\u201d ak\u0131m\u0131n\u0131n en g\u00fc\u00e7l\u00fc \u015fairlerindendir. Ve bu kitap, 13. y\u00fczy\u0131l \u0130talyan \u015firinin en \u00f6nemli adlar\u0131ndan Guido Cavalcanti\u2019nin b\u00fct\u00fcn \u015fiirlerini i\u00e7eriyor. Kitab\u0131n kar\u015f\u0131l\u0131kl\u0131 sayfalarda \u00e7ift dilli olarak haz\u0131rlad\u0131\u011f\u0131m\u0131z bu bask\u0131s\u0131, Cavalcanti ve \u015fiirine dair bir sunu\u015f yaz\u0131s\u0131n\u0131n yan\u0131 s\u0131ra \u015fairin \u015fiirlerindeki kimi \u00f6nemli imge, ki\u015fi ve unsurlara y\u00f6nelik notlarla zenginle\u015ftirilmi\u015f olarak Kemal Atakay\u2019\u0131n \u00e7evirisiyle\u2026 \u201cG\u00f6r\u00fcyorsunuz, a\u011flayarak y\u00fcr\u00fcyen ve A\u015fk\u2019\u0131n h\u00fckm\u00fcn\u00fc sergileyen biriyim, ve bana bak\u0131p bir kez olsun i\u00e7 ge\u00e7irecek merhametli bir kalp bulam\u0131yorum. <\/p>\n","protected":false},"excerpt":{"rendered":"<p>Dante\u2019nin Yeni Hayat\u2019ta il primo amico (\u201cen iyi dostum\u201d) diye adland\u0131rd\u0131\u011f\u0131 Guido Cavalcanti, \u0130talyan \u015fiirinin \u201cTatl\u0131 Yeni \u00dcslup\u201d ak\u0131m\u0131n\u0131n en g\u00fc\u00e7l\u00fc \u015fairlerindendir. Ve bu kitap, 13.<span class=\"excerpt-hellip\"> [\u2026]<\/span><\/p>\n","protected":false},"featured_media":0,"template":"","meta":{"_monsterinsights_skip_tracking":false,"_monsterinsights_sitenote_active":false,"_monsterinsights_sitenote_note":"","_monsterinsights_sitenote_category":0},"product_brand":[],"product_cat":[12291,12509],"product_tag":[],"class_list":{"0":"post-736405","1":"product","2":"type-product","3":"status-publish","5":"product_cat-edebiyat","6":"product_cat-siir","7":"pa_cilt-ciltsiz","8":"pa_tur-kitap","9":"pa_yayinevi-kirmizi-kedi-yayinevi","10":"pa_yazar-guido-cavalcanti","12":"first","13":"instock","14":"sale","15":"shipping-taxable","16":"purchasable","17":"product-type-simple"},"_links":{"self":[{"href":"https:\/\/roveyayinevi.com.tr\/index.php\/wp-json\/wp\/v2\/product\/736405","targetHints":{"allow":["GET"]}}],"collection":[{"href":"https:\/\/roveyayinevi.com.tr\/index.php\/wp-json\/wp\/v2\/product"}],"about":[{"href":"https:\/\/roveyayinevi.com.tr\/index.php\/wp-json\/wp\/v2\/types\/product"}],"wp:attachment":[{"href":"https:\/\/roveyayinevi.com.tr\/index.php\/wp-json\/wp\/v2\/media?parent=736405"}],"wp:term":[{"taxonomy":"product_brand","embeddable":true,"href":"https:\/\/roveyayinevi.com.tr\/index.php\/wp-json\/wp\/v2\/product_brand?post=736405"},{"taxonomy":"product_cat","embeddable":true,"href":"https:\/\/roveyayinevi.com.tr\/index.php\/wp-json\/wp\/v2\/product_cat?post=736405"},{"taxonomy":"product_tag","embeddable":true,"href":"https:\/\/roveyayinevi.com.tr\/index.php\/wp-json\/wp\/v2\/product_tag?post=736405"}],"curies":[{"name":"wp","href":"https:\/\/api.w.org\/{rel}","templated":true}]}}