{"id":736403,"date":"2025-08-27T23:06:58","date_gmt":"2025-08-27T20:06:58","guid":{"rendered":"https:\/\/roveyayinevi.com.tr\/index.php\/urun\/genel-ve-cok-ozel-iliskilerin-sakincali-el-kitabi\/"},"modified":"2026-04-16T02:45:01","modified_gmt":"2026-04-15T23:45:01","slug":"genel-ve-cok-ozel-iliskilerin-sakincali-el-kitabi","status":"publish","type":"product","link":"https:\/\/roveyayinevi.com.tr\/index.php\/urun\/genel-ve-cok-ozel-iliskilerin-sakincali-el-kitabi\/","title":{"rendered":"Genel ve \u00c7ok \u00d6zel \u0130li\u015fkilerin Sak\u0131ncal\u0131 El Kitab\u0131"},"content":{"rendered":"<p>Toplumun bug\u00fcn anlad\u0131\u011f\u0131 anlamda \u201caldatma\u201d diye bir kavram yoktur. Tersine, \u201c\u00d6m\u00fcr boyu ba\u015fka hi\u00e7 kimse ilgimi \u00e7ekmeyecek ve \u00f6n\u00fcm\u00fczdeki 60 y\u0131l ba\u015fka hi\u00e7 kimseleri be\u011fenip ilgilenmeyece\u011fim\u201d ill\u00fczyonu ile toplumun t\u00fcm katmanlar\u0131 aldat\u0131lm\u0131\u015ft\u0131r. B\u00fct\u00fcn ili\u015fkilerin sosyolojisi ve ak\u0131\u015f\u0131 bu ill\u00fczyona dayal\u0131 yan\u0131lg\u0131 \u00fczerine kurulmu\u015f, insanlar do\u011fduklar\u0131 andan itibaren a\u015f\u0131lanan bu kodlarla \u015fartland\u0131r\u0131lm\u0131\u015flard\u0131r. B\u00f6yle bir sonsuz teke\u015flilik dayatmas\u0131na insanlar\u0131n \u00e7ak\u0131l\u0131p kalmas\u0131n\u0131 beklemek, ku\u015flardan bayramlarda veya Noel g\u00fcn\u00fc u\u00e7mamalar\u0131n\u0131 beklemek kadar sa\u00e7mad\u0131r.\u00d6te yandan, insanlar bir de \u201caile\u201d kavram\u0131na, anne baba sevgisine odaklanarak ya\u015famaya al\u0131\u015fm\u0131\u015flard\u0131r. Aile kurma g\u00fcd\u00fcs\u00fcn\u00fcn temeli olan \u201ca\u015fk\u201d, insanlar\u0131 k\u00f6reltip onlara en b\u00fcy\u00fck g\u00fc\u00e7 ve zaaflar\u0131n\u0131 derinliklerinde hissettiren temel bir duyudur.\u0130nsanlar\u0131n t\u00fcm \u00f6mr\u00fc, bu okudu\u011funuz iki paragraf\u0131n uzla\u015fmaz g\u00f6r\u00fcnen \u00e7eli\u015fkileri aras\u0131nda \u00e7arm\u0131ha gerilerek, b\u00fcy\u00fck oranda \u00f6m\u00fcrleri boyunca i\u015fkence g\u00f6rerek ge\u00e7er\u2026Bedri Baykam, Genel ve \u00c7ok \u00d6zel Hayatlar\u0131n Sak\u0131ncal\u0131 El Kitab\u0131\u2019nda, bu \u201cen tehlikeli\u201d konular\u0131 ve i\u00e7erdikleri tabular\u0131 elinin tersiyle iterek mizah, bilimsel ara\u015ft\u0131rma ve somut verileri, ge\u00e7mi\u015f ve bug\u00fcn \u00fczerinden \u00e7alkalayarak giderken, yakla\u015fmakta olan robot partnerlerin tehlikeli g\u00f6lgesini ve bu k\u0131skan\u00e7l\u0131k kavga g\u00fcr\u00fclt\u00fcleri i\u00e7inde ge\u00e7ip giden o k\u0131sac\u0131k hayat\u0131m\u0131z\u0131n esas de\u011ferini okuyucuya hissettirmek istiyor\u2026<\/p>\n","protected":false},"excerpt":{"rendered":"<p>Toplumun bug\u00fcn anlad\u0131\u011f\u0131 anlamda \u201caldatma\u201d diye bir kavram yoktur. Tersine, \u201c\u00d6m\u00fcr boyu ba\u015fka hi\u00e7 kimse ilgimi \u00e7ekmeyecek ve \u00f6n\u00fcm\u00fczdeki 60 y\u0131l ba\u015fka hi\u00e7 kimseleri be\u011fenip ilgilenmeyece\u011fim\u201d<span class=\"excerpt-hellip\"> [\u2026]<\/span><\/p>\n","protected":false},"featured_media":0,"template":"","meta":{"_monsterinsights_skip_tracking":false,"_monsterinsights_sitenote_active":false,"_monsterinsights_sitenote_note":"","_monsterinsights_sitenote_category":0},"product_brand":[],"product_cat":[18545,12291],"product_tag":[],"class_list":{"0":"post-736403","1":"product","2":"type-product","3":"status-publish","5":"product_cat-anlati","6":"product_cat-edebiyat","7":"pa_cilt-ciltsiz","8":"pa_tur-kitap","9":"pa_yayinevi-kirmizi-kedi-yayinevi","10":"pa_yazar-bedri-baykam","12":"first","13":"instock","14":"sale","15":"shipping-taxable","16":"purchasable","17":"product-type-simple"},"_links":{"self":[{"href":"https:\/\/roveyayinevi.com.tr\/index.php\/wp-json\/wp\/v2\/product\/736403","targetHints":{"allow":["GET"]}}],"collection":[{"href":"https:\/\/roveyayinevi.com.tr\/index.php\/wp-json\/wp\/v2\/product"}],"about":[{"href":"https:\/\/roveyayinevi.com.tr\/index.php\/wp-json\/wp\/v2\/types\/product"}],"wp:attachment":[{"href":"https:\/\/roveyayinevi.com.tr\/index.php\/wp-json\/wp\/v2\/media?parent=736403"}],"wp:term":[{"taxonomy":"product_brand","embeddable":true,"href":"https:\/\/roveyayinevi.com.tr\/index.php\/wp-json\/wp\/v2\/product_brand?post=736403"},{"taxonomy":"product_cat","embeddable":true,"href":"https:\/\/roveyayinevi.com.tr\/index.php\/wp-json\/wp\/v2\/product_cat?post=736403"},{"taxonomy":"product_tag","embeddable":true,"href":"https:\/\/roveyayinevi.com.tr\/index.php\/wp-json\/wp\/v2\/product_tag?post=736403"}],"curies":[{"name":"wp","href":"https:\/\/api.w.org\/{rel}","templated":true}]}}