{"id":736399,"date":"2025-08-27T23:06:53","date_gmt":"2025-08-27T20:06:53","guid":{"rendered":"https:\/\/roveyayinevi.com.tr\/index.php\/urun\/minik-yediuyur-benim-battaniyem\/"},"modified":"2026-04-16T02:45:01","modified_gmt":"2026-04-15T23:45:01","slug":"minik-yediuyur-benim-battaniyem","status":"publish","type":"product","link":"https:\/\/roveyayinevi.com.tr\/index.php\/urun\/minik-yediuyur-benim-battaniyem\/","title":{"rendered":"Minik Yediuyur &#8211; Benim Battaniyem!"},"content":{"rendered":"<p>Minik yediuyurun battaniyesi \u00e7ok k\u0131ymetli \u00e7\u00fcnk\u00fc o d\u00fcnyan\u0131n en yumu\u015fac\u0131k, s\u0131cac\u0131k ve pofuduk battaniyesi!   Bir g\u00fcn sincap f\u0131nd\u0131klar\u0131n\u0131 ta\u015f\u0131mak i\u00e7in arkada\u015f\u0131ndan battaniyesini \u00f6d\u00fcn\u00e7 almak ister. Minik yediuyur arkada\u015f\u0131na yard\u0131m etmeye karar verir ve beraber battaniyenin harika \u00f6zelliklerini ke\u015ffederler. \u00c7ok sevilen Uykuya Dalamayan Minik Yediuyurun Hik\u00e2yesi kitab\u0131n\u0131n yazar\u0131 Sabine Bohlmann\u2019dan yepyeni bir hik\u00e2ye daha! <\/p>\n","protected":false},"excerpt":{"rendered":"<p>Minik yediuyurun battaniyesi \u00e7ok k\u0131ymetli \u00e7\u00fcnk\u00fc o d\u00fcnyan\u0131n en yumu\u015fac\u0131k, s\u0131cac\u0131k ve pofuduk battaniyesi! Bir g\u00fcn sincap f\u0131nd\u0131klar\u0131n\u0131 ta\u015f\u0131mak i\u00e7in arkada\u015f\u0131ndan battaniyesini \u00f6d\u00fcn\u00e7 almak ister. Minik<span class=\"excerpt-hellip\"> [\u2026]<\/span><\/p>\n","protected":false},"featured_media":0,"template":"","meta":{"_monsterinsights_skip_tracking":false,"_monsterinsights_sitenote_active":false,"_monsterinsights_sitenote_note":"","_monsterinsights_sitenote_category":0},"product_brand":[],"product_cat":[12274,12518],"product_tag":[],"class_list":{"0":"post-736399","1":"product","2":"type-product","3":"status-publish","5":"product_cat-cocuk-ve-genclik-kitaplari","6":"product_cat-okul-oncesi-kitaplar","7":"pa_cilt-ciltsiz","8":"pa_tur-kitap","9":"pa_yayinevi-yapi-kredi-yayinlari","10":"pa_yazar-sabine-bohlmann","12":"first","13":"instock","14":"sale","15":"shipping-taxable","16":"purchasable","17":"product-type-simple"},"_links":{"self":[{"href":"https:\/\/roveyayinevi.com.tr\/index.php\/wp-json\/wp\/v2\/product\/736399","targetHints":{"allow":["GET"]}}],"collection":[{"href":"https:\/\/roveyayinevi.com.tr\/index.php\/wp-json\/wp\/v2\/product"}],"about":[{"href":"https:\/\/roveyayinevi.com.tr\/index.php\/wp-json\/wp\/v2\/types\/product"}],"wp:attachment":[{"href":"https:\/\/roveyayinevi.com.tr\/index.php\/wp-json\/wp\/v2\/media?parent=736399"}],"wp:term":[{"taxonomy":"product_brand","embeddable":true,"href":"https:\/\/roveyayinevi.com.tr\/index.php\/wp-json\/wp\/v2\/product_brand?post=736399"},{"taxonomy":"product_cat","embeddable":true,"href":"https:\/\/roveyayinevi.com.tr\/index.php\/wp-json\/wp\/v2\/product_cat?post=736399"},{"taxonomy":"product_tag","embeddable":true,"href":"https:\/\/roveyayinevi.com.tr\/index.php\/wp-json\/wp\/v2\/product_tag?post=736399"}],"curies":[{"name":"wp","href":"https:\/\/api.w.org\/{rel}","templated":true}]}}