{"id":736398,"date":"2025-08-27T23:06:52","date_gmt":"2025-08-27T20:06:52","guid":{"rendered":"https:\/\/roveyayinevi.com.tr\/index.php\/urun\/buyuk-hayvan-arastirmasi\/"},"modified":"2026-04-11T02:53:55","modified_gmt":"2026-04-10T23:53:55","slug":"buyuk-hayvan-arastirmasi","status":"publish","type":"product","link":"https:\/\/roveyayinevi.com.tr\/index.php\/urun\/buyuk-hayvan-arastirmasi\/","title":{"rendered":"B\u00fcy\u00fck Hayvan Ara\u015ft\u0131rmas\u0131"},"content":{"rendered":"<p>Kupkuru \u00e7\u00f6llerden engin denizlere, karlarla kapl\u0131 buzullardan balta girmemi\u015f ormanlara var\u0131ncaya dek d\u00fcnyam\u0131z pek \u00e7ok canl\u0131ya ev sahipli\u011fi yap\u0131yor. Bu kitab\u0131n muhte\u015fem \u00e7izimlerle bezeli sayfalar\u0131nda bulunmay\u0131 bekleyen y\u00fczlerce hayvan saklan\u0131yor. B\u00fcy\u00fck Hayvan Ara\u015ft\u0131rmas\u0131 havada, karada ve denizlerde ya\u015fayan pek \u00e7ok hayvan t\u00fcr\u00fc hakk\u0131nda ilgin\u00e7 bilgiler ve bulmacalarla \u00f6\u011frenme s\u00fcrecini zevkli bir etkinli\u011fe d\u00f6n\u00fc\u015ft\u00fcr\u00fcyor.   Pek \u00e7ok hayvan t\u00fcr\u00fcn\u00fc ke\u015ffedece\u011finiz, merak uyand\u0131ran bu etkinlik kitab\u0131 sizleri ailecek tad\u0131n\u0131 \u00e7\u0131karabilece\u011finiz e\u011flenceli saatler ge\u00e7irmeye davet ediyor. <\/p>\n","protected":false},"excerpt":{"rendered":"<p>Kupkuru \u00e7\u00f6llerden engin denizlere, karlarla kapl\u0131 buzullardan balta girmemi\u015f ormanlara var\u0131ncaya dek d\u00fcnyam\u0131z pek \u00e7ok canl\u0131ya ev sahipli\u011fi yap\u0131yor. Bu kitab\u0131n muhte\u015fem \u00e7izimlerle bezeli sayfalar\u0131nda bulunmay\u0131<span class=\"excerpt-hellip\"> [\u2026]<\/span><\/p>\n","protected":false},"featured_media":0,"template":"","meta":{"_monsterinsights_skip_tracking":false,"_monsterinsights_sitenote_active":false,"_monsterinsights_sitenote_note":"","_monsterinsights_sitenote_category":0},"product_brand":[],"product_cat":[12275,12274],"product_tag":[],"class_list":{"0":"post-736398","1":"product","2":"type-product","3":"status-publish","5":"product_cat-6-12-yas-kitaplari","6":"product_cat-cocuk-ve-genclik-kitaplari","7":"pa_cilt-ciltsiz","8":"pa_tur-kitap","9":"pa_yayinevi-yapi-kredi-yayinlari","10":"pa_yazar-caroline-young","12":"first","13":"instock","14":"sale","15":"shipping-taxable","16":"purchasable","17":"product-type-simple"},"_links":{"self":[{"href":"https:\/\/roveyayinevi.com.tr\/index.php\/wp-json\/wp\/v2\/product\/736398","targetHints":{"allow":["GET"]}}],"collection":[{"href":"https:\/\/roveyayinevi.com.tr\/index.php\/wp-json\/wp\/v2\/product"}],"about":[{"href":"https:\/\/roveyayinevi.com.tr\/index.php\/wp-json\/wp\/v2\/types\/product"}],"wp:attachment":[{"href":"https:\/\/roveyayinevi.com.tr\/index.php\/wp-json\/wp\/v2\/media?parent=736398"}],"wp:term":[{"taxonomy":"product_brand","embeddable":true,"href":"https:\/\/roveyayinevi.com.tr\/index.php\/wp-json\/wp\/v2\/product_brand?post=736398"},{"taxonomy":"product_cat","embeddable":true,"href":"https:\/\/roveyayinevi.com.tr\/index.php\/wp-json\/wp\/v2\/product_cat?post=736398"},{"taxonomy":"product_tag","embeddable":true,"href":"https:\/\/roveyayinevi.com.tr\/index.php\/wp-json\/wp\/v2\/product_tag?post=736398"}],"curies":[{"name":"wp","href":"https:\/\/api.w.org\/{rel}","templated":true}]}}