{"id":736397,"date":"2025-08-27T23:06:52","date_gmt":"2025-08-27T20:06:52","guid":{"rendered":"https:\/\/roveyayinevi.com.tr\/index.php\/urun\/kitap-lik-219-ocak-subat-2022\/"},"modified":"2026-04-16T02:45:01","modified_gmt":"2026-04-15T23:45:01","slug":"kitap-lik-219-ocak-subat-2022","status":"publish","type":"product","link":"https:\/\/roveyayinevi.com.tr\/index.php\/urun\/kitap-lik-219-ocak-subat-2022\/","title":{"rendered":"Kitap-l\u0131k 219 Ocak &#8211; \u015eubat 2022"},"content":{"rendered":"<p>G\u00fcven Turan: Edebiyatta 60 Y\u0131l Yap\u0131 Kredi Yay\u0131nlar\u0131 taraf\u0131ndan yay\u0131mlanmakta olan kitap-l\u0131k dergisinin 219. say\u0131s\u0131nda dosya konusu G\u00fcven Turan. \u015eiir, \u00f6yk\u00fc, roman, deneme, ele\u015ftiri alan\u0131nda altm\u0131\u015f y\u0131ld\u0131r yaz\u0131n\u0131m\u0131za de\u011fer katan G\u00fcven Turan, \u00e7evirmen ve yay\u0131nc\u0131 olarak da k\u00fclt\u00fcr hayat\u0131m\u0131za y\u00f6n veren bir yazar. Murat Yal\u00e7\u0131n s\u00f6yle\u015fisiyle, H\u00fcseyin Peker, Ahmet G\u00fcntan, Ramis Dara, Or\u00e7un \u00dc\u00e7er yaz\u0131lar\u0131yla G\u00fcven Turan\u2019\u0131n edebiyat d\u00fcnyas\u0131n\u0131 mercek alt\u0131na ald\u0131lar. G\u00fcven Turan, S\u00fcreyya Berfe, \u0130smail Uyaro\u011flu, G\u00fcltekin Emre, M. M\u00fcmtaz Tuzcu, Serdar Ko\u00e7ak, Bet\u00fcl Tar\u0131man, Duygu Kankayts\u0131n, Mik\u00e2il S\u00f6ylemez, Ezgi \u015eim\u015fek ve Yi\u011fit Kerim Arslan \u015fiirleri; Semih G\u00fcm\u00fc\u015f, \u0130lhan Durusel, Ethem Alpayd\u0131n, \u00c7ilem Dilber, G\u00fclay Pamuk, Yelina Tayfur ve B\u00e2ki Ayhan T. \u00f6yk\u00fcleri; Erendiz Atas\u00fc, M. Sad\u0131k Aslankara, Arzu Alkan Ate\u015f, Zeynep Tando\u011fan ve Hatice Bildirici yaz\u0131lar\u0131yla; Levent Karata\u015f \u201cUtku Varl\u0131k\u201d, Ercan Y\u0131lmaz \u201c\u00d6mer Erdem\u201d, Cansu Canseven \u201cNe\u015fe Taluy Y\u00fcce\u201d s\u00f6yle\u015fileriyle kitap-l\u0131k dergisinin 219. say\u0131s\u0131nda. kitap-l\u0131k 29 y\u0131ld\u0131r iyi edebiyat\u0131n adresi. <\/p>\n","protected":false},"excerpt":{"rendered":"<p>G\u00fcven Turan: Edebiyatta 60 Y\u0131l Yap\u0131 Kredi Yay\u0131nlar\u0131 taraf\u0131ndan yay\u0131mlanmakta olan kitap-l\u0131k dergisinin 219. say\u0131s\u0131nda dosya konusu G\u00fcven Turan. \u015eiir, \u00f6yk\u00fc, roman, deneme, ele\u015ftiri alan\u0131nda altm\u0131\u015f<span class=\"excerpt-hellip\"> [\u2026]<\/span><\/p>\n","protected":false},"featured_media":0,"template":"","meta":{"_monsterinsights_skip_tracking":false,"_monsterinsights_sitenote_active":false,"_monsterinsights_sitenote_note":"","_monsterinsights_sitenote_category":0},"product_brand":[],"product_cat":[30023,13527],"product_tag":[],"class_list":{"0":"post-736397","1":"product","2":"type-product","3":"status-publish","5":"product_cat-edebiyat-sureli-yayinlar","6":"product_cat-sureli-yayinlar","7":"pa_cilt-ciltsiz","8":"pa_tur-dergi","9":"pa_yayinevi-yapi-kredi-yayinlari-dergi","10":"pa_yazar-yapi-kredi-kolektif","12":"first","13":"instock","14":"sale","15":"shipping-taxable","16":"purchasable","17":"product-type-simple"},"_links":{"self":[{"href":"https:\/\/roveyayinevi.com.tr\/index.php\/wp-json\/wp\/v2\/product\/736397","targetHints":{"allow":["GET"]}}],"collection":[{"href":"https:\/\/roveyayinevi.com.tr\/index.php\/wp-json\/wp\/v2\/product"}],"about":[{"href":"https:\/\/roveyayinevi.com.tr\/index.php\/wp-json\/wp\/v2\/types\/product"}],"wp:attachment":[{"href":"https:\/\/roveyayinevi.com.tr\/index.php\/wp-json\/wp\/v2\/media?parent=736397"}],"wp:term":[{"taxonomy":"product_brand","embeddable":true,"href":"https:\/\/roveyayinevi.com.tr\/index.php\/wp-json\/wp\/v2\/product_brand?post=736397"},{"taxonomy":"product_cat","embeddable":true,"href":"https:\/\/roveyayinevi.com.tr\/index.php\/wp-json\/wp\/v2\/product_cat?post=736397"},{"taxonomy":"product_tag","embeddable":true,"href":"https:\/\/roveyayinevi.com.tr\/index.php\/wp-json\/wp\/v2\/product_tag?post=736397"}],"curies":[{"name":"wp","href":"https:\/\/api.w.org\/{rel}","templated":true}]}}