{"id":736395,"date":"2025-08-27T23:06:50","date_gmt":"2025-08-27T20:06:50","guid":{"rendered":"https:\/\/roveyayinevi.com.tr\/index.php\/urun\/bahara-bir-hediye\/"},"modified":"2026-04-16T02:45:01","modified_gmt":"2026-04-15T23:45:01","slug":"bahara-bir-hediye","status":"publish","type":"product","link":"https:\/\/roveyayinevi.com.tr\/index.php\/urun\/bahara-bir-hediye\/","title":{"rendered":"Bahara Bir Hediye"},"content":{"rendered":"<p>Mavera\u00fcnnehir\u2019den Karaorman\u2019a Sayan Da\u011flar\u0131\u2019ndan Sina \u00c7\u00f6l\u00fc\u2019ne uzanan bir co\u011frafyada Buhara\u2019dan \u0130stanbul asitanelerine, Japon mabetlerine, Ortado\u011fu peygamber anlat\u0131lar\u0131ndan 20. y\u00fczy\u0131l\u0131n b\u00fcy\u00fck kavgalar\u0131na uzanan bir co\u011frafya ve k\u00fclt\u00fcr atlas\u0131nda her roman\u0131nda okuru \u015fa\u015f\u0131rtan bir d\u00fcnya kuran \u00d6mer F. Oyal son roman\u0131nda ruhun karanl\u0131k b\u00f6lgelerine \u00e7entik at\u0131yor.   Bahara Bir Hediye saplant\u0131n\u0131n ilmek ilmek i\u015flendi\u011fi, s\u0131ra d\u0131\u015f\u0131 bir a\u015fk\u0131 anlatan s\u00fcr\u00fckleyici bir tak\u0131nt\u0131 kitab\u0131.   TADIMLIK \u201cFirdevs koca Buda heykelini \u00e7evreleyen \u00fcst\u00fc kapal\u0131 galeride bir yerde oturuyor olabilir. Orada da hava kapal\u0131 olabilir, ya\u011fmur \u00e7iseliyor olabilir. Arkas\u0131nda bir yerden, biraz uzaktan onu seyrediyorum. K\u00f6rfez g\u00f6r\u00fcnm\u00fcyor. Firdevs k\u00f6rfez taraf\u0131na s\u0131rt\u0131n\u0131 d\u00f6nm\u00fc\u015f ve orada oldu\u011funa inanam\u0131yor. Elini uzatsa heykele dokunabilecek kadar yak\u0131nda oldu\u011funa inanam\u0131yor. Firdevs heykele dokunmak gibi bir densizlik yapmaz. Aradaki mesafeyi korumaya \u00f6zen g\u00f6sterir. \u00d6ylece seyretmekle yetinir. Onca ertelemeden sonra hayal etti\u011fimiz yere vard\u0131\u011f\u0131m\u0131zda \u00f6nce orada oldu\u011fumuza kendimizi inand\u0131rmam\u0131z gerek. Bu eller, bu g\u00f6vde ve bu g\u00f6zler \u015fimdi buradalar, s\u0131rt\u0131m\u0131 dayad\u0131\u011f\u0131m ta\u015f burada ve s\u0131rt\u0131m burada diye tekrarlamak gerekir. \u0130\u00e7ime \u00e7ekti\u011fim hava buraya ait ve ci\u011ferlerim buran\u0131n havas\u0131n\u0131 i\u015fliyor, kan\u0131m buran\u0131n havas\u0131yla tazeleniyor. Bunlar\u0131 birka\u00e7 kez tekrarlamak gerek. Firdevs de tekrarl\u0131yor. Tekrarlama, mek\u00e2n\u0131 yava\u015f\u00e7a bizim k\u0131lar. Buna art\u0131k vuslat diyebiliriz.\u201d <\/p>\n","protected":false},"excerpt":{"rendered":"<p>Mavera\u00fcnnehir\u2019den Karaorman\u2019a Sayan Da\u011flar\u0131\u2019ndan Sina \u00c7\u00f6l\u00fc\u2019ne uzanan bir co\u011frafyada Buhara\u2019dan \u0130stanbul asitanelerine, Japon mabetlerine, Ortado\u011fu peygamber anlat\u0131lar\u0131ndan 20. y\u00fczy\u0131l\u0131n b\u00fcy\u00fck kavgalar\u0131na uzanan bir co\u011frafya ve k\u00fclt\u00fcr<span class=\"excerpt-hellip\"> [\u2026]<\/span><\/p>\n","protected":false},"featured_media":0,"template":"","meta":{"_monsterinsights_skip_tracking":false,"_monsterinsights_sitenote_active":false,"_monsterinsights_sitenote_note":"","_monsterinsights_sitenote_category":0},"product_brand":[],"product_cat":[12291,12711],"product_tag":[],"class_list":{"0":"post-736395","1":"product","2":"type-product","3":"status-publish","5":"product_cat-edebiyat","6":"product_cat-roman-oyku","7":"pa_cilt-ciltsiz","8":"pa_tur-kitap","9":"pa_yayinevi-yapi-kredi-yayinlari","10":"pa_yazar-omer-f-oyal","12":"first","13":"instock","14":"sale","15":"shipping-taxable","16":"purchasable","17":"product-type-simple"},"_links":{"self":[{"href":"https:\/\/roveyayinevi.com.tr\/index.php\/wp-json\/wp\/v2\/product\/736395","targetHints":{"allow":["GET"]}}],"collection":[{"href":"https:\/\/roveyayinevi.com.tr\/index.php\/wp-json\/wp\/v2\/product"}],"about":[{"href":"https:\/\/roveyayinevi.com.tr\/index.php\/wp-json\/wp\/v2\/types\/product"}],"wp:attachment":[{"href":"https:\/\/roveyayinevi.com.tr\/index.php\/wp-json\/wp\/v2\/media?parent=736395"}],"wp:term":[{"taxonomy":"product_brand","embeddable":true,"href":"https:\/\/roveyayinevi.com.tr\/index.php\/wp-json\/wp\/v2\/product_brand?post=736395"},{"taxonomy":"product_cat","embeddable":true,"href":"https:\/\/roveyayinevi.com.tr\/index.php\/wp-json\/wp\/v2\/product_cat?post=736395"},{"taxonomy":"product_tag","embeddable":true,"href":"https:\/\/roveyayinevi.com.tr\/index.php\/wp-json\/wp\/v2\/product_tag?post=736395"}],"curies":[{"name":"wp","href":"https:\/\/api.w.org\/{rel}","templated":true}]}}