{"id":736394,"date":"2025-08-27T23:06:48","date_gmt":"2025-08-27T20:06:48","guid":{"rendered":"https:\/\/roveyayinevi.com.tr\/index.php\/urun\/flaubertin-bir-sonbahari\/"},"modified":"2026-04-16T02:45:01","modified_gmt":"2026-04-15T23:45:01","slug":"flaubertin-bir-sonbahari","status":"publish","type":"product","link":"https:\/\/roveyayinevi.com.tr\/index.php\/urun\/flaubertin-bir-sonbahari\/","title":{"rendered":"Flaubert\u2019in Bir Sonbahar\u0131"},"content":{"rendered":"<p>M\u00f6sy\u00f6 Flaubert 1875 y\u0131l\u0131nda, 53 ya\u015f\u0131ndayken, hayat\u0131n\u0131 ele ge\u00e7iren melankoli ve \u00f6lme iste\u011finden bir nebze olsun uzakla\u015fmak amac\u0131yla iki ayl\u0131\u011f\u0131na bilim adam\u0131 dostu Pouchet\u2019nin ya\u015fad\u0131\u011f\u0131 Concarneau\u2019nun yolunu tutar&#8230;   Alexandre Postel Flaubert\u2019in Bir Sonbahar\u0131\u2019nda yazar\u0131n i\u00e7ine d\u00fc\u015ft\u00fc\u011f\u00fc maddi s\u0131k\u0131nt\u0131lar\u0131n, sa\u011fl\u0131k sorunlar\u0131n\u0131n, ya\u015fad\u0131\u011f\u0131 uyumsuzlu\u011fun, hayal k\u0131r\u0131kl\u0131klar\u0131n\u0131n ve yazma arzusundaki t\u0131kanman\u0131n izinde Concarneau\u2019da ge\u00e7irdi\u011fi sonbahar g\u00fcnlerinin pastoral bir resmini yap\u0131yor: Mart\u0131lar, kabuk de\u011fi\u015ftiren \u0131stakozlar, sardalya s\u00fcr\u00fcleri, te\u015frih edilen kedibal\u0131klar\u0131, pansiyondaki gen\u00e7 hizmet\u00e7i k\u0131z, d\u00f6neme damga vuran bilimsel fikirler, ak\u015fam vakti pencereden izlenen soka\u011f\u0131n g\u00f6r\u00fcnt\u00fcleri ve Konuksever Aziz Julien Efsanesi\u2019nin do\u011fum sanc\u0131lar\u0131. <\/p>\n","protected":false},"excerpt":{"rendered":"<p>M\u00f6sy\u00f6 Flaubert 1875 y\u0131l\u0131nda, 53 ya\u015f\u0131ndayken, hayat\u0131n\u0131 ele ge\u00e7iren melankoli ve \u00f6lme iste\u011finden bir nebze olsun uzakla\u015fmak amac\u0131yla iki ayl\u0131\u011f\u0131na bilim adam\u0131 dostu Pouchet\u2019nin ya\u015fad\u0131\u011f\u0131 Concarneau\u2019nun<span class=\"excerpt-hellip\"> [\u2026]<\/span><\/p>\n","protected":false},"featured_media":0,"template":"","meta":{"_monsterinsights_skip_tracking":false,"_monsterinsights_sitenote_active":false,"_monsterinsights_sitenote_note":"","_monsterinsights_sitenote_category":0},"product_brand":[],"product_cat":[12291,12711],"product_tag":[],"class_list":{"0":"post-736394","1":"product","2":"type-product","3":"status-publish","5":"product_cat-edebiyat","6":"product_cat-roman-oyku","7":"pa_cilt-ciltsiz","8":"pa_tur-kitap","9":"pa_yayinevi-yapi-kredi-yayinlari","10":"pa_yazar-alexandre-postel","12":"first","13":"instock","14":"sale","15":"shipping-taxable","16":"purchasable","17":"product-type-simple"},"_links":{"self":[{"href":"https:\/\/roveyayinevi.com.tr\/index.php\/wp-json\/wp\/v2\/product\/736394","targetHints":{"allow":["GET"]}}],"collection":[{"href":"https:\/\/roveyayinevi.com.tr\/index.php\/wp-json\/wp\/v2\/product"}],"about":[{"href":"https:\/\/roveyayinevi.com.tr\/index.php\/wp-json\/wp\/v2\/types\/product"}],"wp:attachment":[{"href":"https:\/\/roveyayinevi.com.tr\/index.php\/wp-json\/wp\/v2\/media?parent=736394"}],"wp:term":[{"taxonomy":"product_brand","embeddable":true,"href":"https:\/\/roveyayinevi.com.tr\/index.php\/wp-json\/wp\/v2\/product_brand?post=736394"},{"taxonomy":"product_cat","embeddable":true,"href":"https:\/\/roveyayinevi.com.tr\/index.php\/wp-json\/wp\/v2\/product_cat?post=736394"},{"taxonomy":"product_tag","embeddable":true,"href":"https:\/\/roveyayinevi.com.tr\/index.php\/wp-json\/wp\/v2\/product_tag?post=736394"}],"curies":[{"name":"wp","href":"https:\/\/api.w.org\/{rel}","templated":true}]}}