{"id":736393,"date":"2025-08-27T23:06:47","date_gmt":"2025-08-27T20:06:47","guid":{"rendered":"https:\/\/roveyayinevi.com.tr\/index.php\/urun\/diger-ev\/"},"modified":"2026-04-08T02:53:49","modified_gmt":"2026-04-07T23:53:49","slug":"diger-ev","status":"publish","type":"product","link":"https:\/\/roveyayinevi.com.tr\/index.php\/urun\/diger-ev\/","title":{"rendered":"Di\u011fer Ev"},"content":{"rendered":"<p>\u0130nsanlardan uzakta, deniz k\u0131y\u0131s\u0131nda kocas\u0131yla beraber ya\u015fayan bir kad\u0131n, resimleriyle hayat\u0131n\u0131 de\u011fi\u015ftirdi\u011fine inand\u0131\u011f\u0131 d\u00fcnyaca \u00fcnl\u00fc bir ressam\u0131 yaz boyunca kal\u0131p \u00e7al\u0131\u015fmas\u0131 i\u00e7in evine davet eder: Evin yer ald\u0131\u011f\u0131 gelgit alan\u0131n\u0131n ele gelmez, gizemli manzaras\u0131n\u0131n ressam\u0131 da b\u00fcy\u00fcleyece\u011fini, bu manzaran\u0131n resmedilmesiyle hayat\u0131n\u0131n anlam\u0131n\u0131n a\u00e7\u0131\u011fa \u00e7\u0131kaca\u011f\u0131n\u0131 ummaktad\u0131r. Fakat ressam\u0131n uzla\u015fmaz, esrarengiz ki\u015fili\u011fi ailenin huzurlu g\u00f6r\u00fcnen ya\u015fam\u0131ndaki \u00e7atlaklar\u0131 ortaya \u00e7\u0131karacak, bu sessiz mek\u00e2n hayatla ilgili temel sorular\u0131n su y\u00fcz\u00fcne \u00e7\u0131kt\u0131\u011f\u0131 ve amans\u0131z hesapla\u015fmalar\u0131n ya\u015fand\u0131\u011f\u0131 bir drama sahne olacakt\u0131r.   \u00c7er\u00e7eve, Ge\u00e7i\u015f ve \u00d6vg\u00fc romanlar\u0131ndan olu\u015fan \u00fc\u00e7lemeyle d\u00fcnya \u00e7ap\u0131nda ilgi g\u00f6ren Rachel Cusk, Di\u011fer Ev\u2019de aile, annelik, kad\u0131n \u00f6zg\u00fcrl\u00fc\u011f\u00fc ve erkek ayr\u0131cal\u0131\u011f\u0131 \u00fczerine bir hik\u00e2ye anlat\u0131yor; sanat\u00e7\u0131n\u0131n \u00f6zg\u00fcrl\u00fc\u011f\u00fc, sanat\u00e7\u0131lardan beklentilerimiz ve bu beklentiler kar\u015f\u0131lanmad\u0131\u011f\u0131nda ya\u015fad\u0131\u011f\u0131m\u0131z h\u00fcsran, sanat\u0131n y\u0131k\u0131c\u0131l\u0131\u011f\u0131 \u00fczerine \u00e7arp\u0131c\u0131 sorular soruyor.   \u201cCusk fikirlerle ilgileniyor: Nas\u0131l ya\u015fan\u0131r, \u00f6zg\u00fcrl\u00fck ne anlama gelir, kad\u0131nlar ba\u015fkalar\u0131n\u0131n hayatlar\u0131n\u0131n i\u00e7inde nas\u0131l kaybolurlar? Ortaya \u00e7\u0131kan melez form \u2013k\u0131smen roman, k\u0131smen ba\u015fka bir \u015fey\u2013 zaman\u0131n \u00f6tesinde, kal\u0131c\u0131 bir niteli\u011fe sahip.\u201d -John Self, The Times   \u201cCusk\u2019\u0131n Di\u011fer Ev\u2019de yapt\u0131\u011f\u0131 \u015feylerden biri de, \u2018zanaat\u2019 ve \u2018s\u00fcre\u00e7\u2019 s\u00f6zc\u00fcklerini kullanmay\u0131 tercih etti\u011fimiz bir \u00e7a\u011fda, sanat\u00e7\u0131n\u0131n dehas\u0131 fikrine eskiden sahip oldu\u011fu gizemin bir k\u0131sm\u0131n\u0131 iade etmesi.\u201d-Christian Lorentzen, The Times Literary Supplement   \u201cDi\u011fer Ev, sanat\u0131 hayat yerine koydu\u011funuzda neler olabilece\u011fi hakk\u0131nda felsefi bir kitap.\u201d -Vulture <\/p>\n","protected":false},"excerpt":{"rendered":"<p>\u0130nsanlardan uzakta, deniz k\u0131y\u0131s\u0131nda kocas\u0131yla beraber ya\u015fayan bir kad\u0131n, resimleriyle hayat\u0131n\u0131 de\u011fi\u015ftirdi\u011fine inand\u0131\u011f\u0131 d\u00fcnyaca \u00fcnl\u00fc bir ressam\u0131 yaz boyunca kal\u0131p \u00e7al\u0131\u015fmas\u0131 i\u00e7in evine davet eder: Evin<span class=\"excerpt-hellip\"> [\u2026]<\/span><\/p>\n","protected":false},"featured_media":0,"template":"","meta":{"_monsterinsights_skip_tracking":false,"_monsterinsights_sitenote_active":false,"_monsterinsights_sitenote_note":"","_monsterinsights_sitenote_category":0},"product_brand":[],"product_cat":[12291,12711],"product_tag":[],"class_list":{"0":"post-736393","1":"product","2":"type-product","3":"status-publish","5":"product_cat-edebiyat","6":"product_cat-roman-oyku","7":"pa_cilt-ciltsiz","8":"pa_tur-kitap","9":"pa_yayinevi-yapi-kredi-yayinlari","10":"pa_yazar-rachel-cusk","12":"first","13":"instock","14":"sale","15":"shipping-taxable","16":"purchasable","17":"product-type-simple"},"_links":{"self":[{"href":"https:\/\/roveyayinevi.com.tr\/index.php\/wp-json\/wp\/v2\/product\/736393","targetHints":{"allow":["GET"]}}],"collection":[{"href":"https:\/\/roveyayinevi.com.tr\/index.php\/wp-json\/wp\/v2\/product"}],"about":[{"href":"https:\/\/roveyayinevi.com.tr\/index.php\/wp-json\/wp\/v2\/types\/product"}],"wp:attachment":[{"href":"https:\/\/roveyayinevi.com.tr\/index.php\/wp-json\/wp\/v2\/media?parent=736393"}],"wp:term":[{"taxonomy":"product_brand","embeddable":true,"href":"https:\/\/roveyayinevi.com.tr\/index.php\/wp-json\/wp\/v2\/product_brand?post=736393"},{"taxonomy":"product_cat","embeddable":true,"href":"https:\/\/roveyayinevi.com.tr\/index.php\/wp-json\/wp\/v2\/product_cat?post=736393"},{"taxonomy":"product_tag","embeddable":true,"href":"https:\/\/roveyayinevi.com.tr\/index.php\/wp-json\/wp\/v2\/product_tag?post=736393"}],"curies":[{"name":"wp","href":"https:\/\/api.w.org\/{rel}","templated":true}]}}