{"id":736391,"date":"2025-08-27T23:06:45","date_gmt":"2025-08-27T20:06:45","guid":{"rendered":"https:\/\/roveyayinevi.com.tr\/index.php\/urun\/milenadan-mektup-var\/"},"modified":"2026-04-16T02:45:01","modified_gmt":"2026-04-15T23:45:01","slug":"milenadan-mektup-var","status":"publish","type":"product","link":"https:\/\/roveyayinevi.com.tr\/index.php\/urun\/milenadan-mektup-var\/","title":{"rendered":"Milena&#8217;dan Mektup Var"},"content":{"rendered":"<p>Franz Kafka, ger\u00e7eklikleri sahteliklerin alt\u0131na gizleyen zihinlerin yans\u0131mas\u0131d\u0131r. Kopu\u015f, vazge\u00e7i\u015f, ayk\u0131r\u0131l\u0131k sembol\u00fc ve kendinde saklanan bir adamd\u0131.Korkutucu, anla\u015f\u0131lmas\u0131 zor ve s\u0131ra d\u0131\u015f\u0131 olmas\u0131 hatta tahmin edilemez tan\u0131m\u0131 onu daha iyi anlatan kelimeler. Franz ile ortakl\u0131\u011f\u0131m\u0131z; babas\u0131zl\u0131k, sevgisizlik, a\u015fks\u0131zl\u0131k ve anla\u015f\u0131lamamak malzemeleriyle in\u015fa edilmi\u015f yaln\u0131zl\u0131k saray\u0131 sakinleri olmam\u0131zla ba\u015flad\u0131.Birbirimiz i\u00e7in u\u00e7urumdan d\u00fc\u015fmek \u00fczere olan insana uzanan el olduk. G\u00fcc\u00fcm\u00fcz yettik\u00e7e birbirimize tutunduk. Frank\u2019\u0131n y\u00fcre\u011fi, benim eksiklerimi tamamlamaya ba\u015flad\u0131\u011f\u0131nda d\u00fcnyay\u0131 yeniden tan\u0131maya ba\u015flad\u0131m. Benden bak\u0131nca Franz Kafka kim, kimimdi benim ve ben onun i\u00e7in kimdim, anlatmak istedim. Kafka\u2019y\u0131 bir de benden tan\u0131y\u0131n\u2026 Kafka\u2019n\u0131n Sevgili Milenas\u0131 <\/p>\n","protected":false},"excerpt":{"rendered":"<p>Franz Kafka, ger\u00e7eklikleri sahteliklerin alt\u0131na gizleyen zihinlerin yans\u0131mas\u0131d\u0131r. Kopu\u015f, vazge\u00e7i\u015f, ayk\u0131r\u0131l\u0131k sembol\u00fc ve kendinde saklanan bir adamd\u0131.Korkutucu, anla\u015f\u0131lmas\u0131 zor ve s\u0131ra d\u0131\u015f\u0131 olmas\u0131 hatta tahmin edilemez<span class=\"excerpt-hellip\"> [\u2026]<\/span><\/p>\n","protected":false},"featured_media":0,"template":"","meta":{"_monsterinsights_skip_tracking":false,"_monsterinsights_sitenote_active":false,"_monsterinsights_sitenote_note":"","_monsterinsights_sitenote_category":0},"product_brand":[],"product_cat":[12291,12711],"product_tag":[],"class_list":{"0":"post-736391","1":"product","2":"type-product","3":"status-publish","5":"product_cat-edebiyat","6":"product_cat-roman-oyku","7":"pa_cilt-ciltsiz","8":"pa_tur-kitap","9":"pa_yayinevi-dokuz-yayinlari","10":"pa_yazar-nazan-arisoy","12":"first","13":"instock","14":"sale","15":"shipping-taxable","16":"purchasable","17":"product-type-simple"},"_links":{"self":[{"href":"https:\/\/roveyayinevi.com.tr\/index.php\/wp-json\/wp\/v2\/product\/736391","targetHints":{"allow":["GET"]}}],"collection":[{"href":"https:\/\/roveyayinevi.com.tr\/index.php\/wp-json\/wp\/v2\/product"}],"about":[{"href":"https:\/\/roveyayinevi.com.tr\/index.php\/wp-json\/wp\/v2\/types\/product"}],"wp:attachment":[{"href":"https:\/\/roveyayinevi.com.tr\/index.php\/wp-json\/wp\/v2\/media?parent=736391"}],"wp:term":[{"taxonomy":"product_brand","embeddable":true,"href":"https:\/\/roveyayinevi.com.tr\/index.php\/wp-json\/wp\/v2\/product_brand?post=736391"},{"taxonomy":"product_cat","embeddable":true,"href":"https:\/\/roveyayinevi.com.tr\/index.php\/wp-json\/wp\/v2\/product_cat?post=736391"},{"taxonomy":"product_tag","embeddable":true,"href":"https:\/\/roveyayinevi.com.tr\/index.php\/wp-json\/wp\/v2\/product_tag?post=736391"}],"curies":[{"name":"wp","href":"https:\/\/api.w.org\/{rel}","templated":true}]}}