{"id":736390,"date":"2025-08-27T23:06:43","date_gmt":"2025-08-27T20:06:43","guid":{"rendered":"https:\/\/roveyayinevi.com.tr\/index.php\/urun\/baris-manco-yaz-dostum\/"},"modified":"2026-04-08T02:53:49","modified_gmt":"2026-04-07T23:53:49","slug":"baris-manco-yaz-dostum","status":"publish","type":"product","link":"https:\/\/roveyayinevi.com.tr\/index.php\/urun\/baris-manco-yaz-dostum\/","title":{"rendered":"Bar\u0131\u015f Man\u00e7o Yaz Dostum"},"content":{"rendered":"<p>Bar\u0131\u015f Man\u00e7o d\u00fcnya i\u00e7in benim memleket derdi, b\u00fct\u00fcn s\u0131n\u0131rlar\u0131 ve s\u0131n\u0131flar\u0131 yok sayarcas\u0131na. O kendi tabiriyle Bar\u0131\u015f \u00c7elebi idi, T\u00fcrk\u00e7e\u2019nin derinli\u011fi ile Bat\u0131 m\u00fczi\u011finin formlar\u0131n\u0131 e\u015fsiz \u015fekilde bulu\u015fturdu. Bar\u0131\u015f der ki, diye ba\u015flad\u0131; Dadalo\u011flu, Karacao\u011flan misali. Herkesin, her g\u00fcn yan\u0131 ba\u015f\u0131nda g\u00f6rd\u00fc\u011f\u00fc Sar\u0131 \u00c7izmeli Mehmet A\u011fa\u2019y\u0131 anlatt\u0131, her g\u00fcn evinin penceresinden duydu\u011fu, Domates Biber Patl\u0131can nidas\u0131n\u0131. Kendine has k\u0131yafetleri ve al\u0131\u015f\u0131lm\u0131\u015f\u0131n d\u0131\u015f\u0131nda tarz\u0131 ile herkesin Bar\u0131\u015f Abisi oldu. Sevenlerinin mektup arkada\u015f\u0131yd\u0131 o: Moda 81300. \u00d6l\u00fcm uzakt\u0131r Bar\u0131\u015f Man\u00e7o\u2019dan, kendisinden biliriz bunu: Fizik varl\u0131\u011f\u0131n\u0131z itibar\u0131yla bu d\u00fcnyadan ayr\u0131l\u0131nca \u00f6lm\u00fc\u015f olmazs\u0131n\u0131z. \u0130sminiz ne zaman art\u0131k an\u0131lm\u0131yorsa bu d\u00fcnyada, o g\u00fcn hem \u00f6lm\u00fc\u015f hem de unutulmu\u015f olursunuz. Birol \u00d6zt\u00fcrk\u2019ten tafsilatl\u0131 bir Bar\u0131\u015f Man\u00e7o biyografisi: Bar\u0131\u015f Man\u00e7o Yaz Dostum Unutmayanlara, milyonlara&#8230;<\/p>\n","protected":false},"excerpt":{"rendered":"<p>Bar\u0131\u015f Man\u00e7o d\u00fcnya i\u00e7in benim memleket derdi, b\u00fct\u00fcn s\u0131n\u0131rlar\u0131 ve s\u0131n\u0131flar\u0131 yok sayarcas\u0131na. O kendi tabiriyle Bar\u0131\u015f \u00c7elebi idi, T\u00fcrk\u00e7e\u2019nin derinli\u011fi ile Bat\u0131 m\u00fczi\u011finin formlar\u0131n\u0131 e\u015fsiz<span class=\"excerpt-hellip\"> [\u2026]<\/span><\/p>\n","protected":false},"featured_media":0,"template":"","meta":{"_monsterinsights_skip_tracking":false,"_monsterinsights_sitenote_active":false,"_monsterinsights_sitenote_note":"","_monsterinsights_sitenote_category":0},"product_brand":[],"product_cat":[14009,12291],"product_tag":[],"class_list":{"0":"post-736390","1":"product","2":"type-product","3":"status-publish","5":"product_cat-biyografi-otobiyografi-edebiyat","6":"product_cat-edebiyat","7":"pa_cilt-ciltsiz","8":"pa_tur-kitap","9":"pa_yayinevi-dokuz-yayinlari","10":"pa_yazar-birol-ozturk","12":"first","13":"instock","14":"sale","15":"shipping-taxable","16":"purchasable","17":"product-type-simple"},"_links":{"self":[{"href":"https:\/\/roveyayinevi.com.tr\/index.php\/wp-json\/wp\/v2\/product\/736390","targetHints":{"allow":["GET"]}}],"collection":[{"href":"https:\/\/roveyayinevi.com.tr\/index.php\/wp-json\/wp\/v2\/product"}],"about":[{"href":"https:\/\/roveyayinevi.com.tr\/index.php\/wp-json\/wp\/v2\/types\/product"}],"wp:attachment":[{"href":"https:\/\/roveyayinevi.com.tr\/index.php\/wp-json\/wp\/v2\/media?parent=736390"}],"wp:term":[{"taxonomy":"product_brand","embeddable":true,"href":"https:\/\/roveyayinevi.com.tr\/index.php\/wp-json\/wp\/v2\/product_brand?post=736390"},{"taxonomy":"product_cat","embeddable":true,"href":"https:\/\/roveyayinevi.com.tr\/index.php\/wp-json\/wp\/v2\/product_cat?post=736390"},{"taxonomy":"product_tag","embeddable":true,"href":"https:\/\/roveyayinevi.com.tr\/index.php\/wp-json\/wp\/v2\/product_tag?post=736390"}],"curies":[{"name":"wp","href":"https:\/\/api.w.org\/{rel}","templated":true}]}}