{"id":736389,"date":"2025-08-27T23:06:42","date_gmt":"2025-08-27T20:06:42","guid":{"rendered":"https:\/\/roveyayinevi.com.tr\/index.php\/urun\/sukru-dedenin-gonul-sesi\/"},"modified":"2026-04-16T02:45:01","modified_gmt":"2026-04-15T23:45:01","slug":"sukru-dedenin-gonul-sesi","status":"publish","type":"product","link":"https:\/\/roveyayinevi.com.tr\/index.php\/urun\/sukru-dedenin-gonul-sesi\/","title":{"rendered":"\u015e\u00fckr\u00fc Dede&#8217;nin G\u00f6n\u00fcl Sesi"},"content":{"rendered":"<p>\u015e\u00fckr\u00fc Dede 8-10 ya\u015f aras\u0131 namaz hocas\u0131 ve Ament\u00fc diye iki kitap okudu. Bu kitaplar babas\u0131n\u0131n saman yaprakl\u0131 kitaplar\u0131yd\u0131. 7 ya\u015f\u0131nda ilkokula gitti. 10 ya\u015f\u0131nda koyunlara \u00e7oban oldu. \u00c7oban \u00e7antas\u0131 kaput bezindendi. O kitaplar\u0131 \u00e7antas\u0131nda ta\u015f\u0131r, da\u011fda ta\u015fta okurdu \u0130slami bilgileri. Baba ve anneden \u00f6\u011frendi ak\u0131l nimetini. D\u00fc\u015f\u00fcnd\u00fc iman, inan\u00e7, de\u011ferlerini anlad\u0131. \u00c7al\u0131\u015fmay\u0131 sa\u011fl\u0131kl\u0131 olmay\u0131 kendine hayat bildi. \u00c7obanl\u0131kta ya\u015f ilerledik\u00e7e \u015fuuru geli\u015fti. Merhameti \u015fefkati do\u011fum yapan koyun ke\u00e7ilerden \u00f6\u011frendi. Yavrular\u0131na kar\u015f\u0131l\u0131ks\u0131z s\u00fct vermelerinden ibret ald\u0131. Do\u011fan yavrulardaki siyah beyaz t\u00fcyleri, onlar\u0131 yaratan Allah\u2019\u0131 tan\u0131y\u0131p iman\u0131, inanc\u0131 artt\u0131. D\u00fc\u015f\u00fcnd\u00fc do\u011faya ibretle bakmaya ba\u015flad\u0131. \u0130lahi bir feyzle okuyup yazmaya ba\u015flad\u0131.\u015e\u00f6yle yazd\u0131:Akl\u0131m iman\u0131m, terc\u00fcman olarak ba\u015f tac\u0131m\u00d6m\u00fcr boyu benim yolda\u015f\u0131mSa\u011fl\u0131\u011f\u0131m benim nefesim suyum ekme\u011fim a\u015f\u0131mElbet Allah\u2019a tam oldu inanc\u0131m elhamd\u00fclillah<\/p>\n","protected":false},"excerpt":{"rendered":"<p>\u015e\u00fckr\u00fc Dede 8-10 ya\u015f aras\u0131 namaz hocas\u0131 ve Ament\u00fc diye iki kitap okudu. Bu kitaplar babas\u0131n\u0131n saman yaprakl\u0131 kitaplar\u0131yd\u0131. 7 ya\u015f\u0131nda ilkokula gitti. 10 ya\u015f\u0131nda koyunlara<span class=\"excerpt-hellip\"> [\u2026]<\/span><\/p>\n","protected":false},"featured_media":0,"template":"","meta":{"_monsterinsights_skip_tracking":false,"_monsterinsights_sitenote_active":false,"_monsterinsights_sitenote_note":"","_monsterinsights_sitenote_category":0},"product_brand":[],"product_cat":[12291,12509],"product_tag":[],"class_list":{"0":"post-736389","1":"product","2":"type-product","3":"status-publish","5":"product_cat-edebiyat","6":"product_cat-siir","7":"pa_cilt-ciltsiz","8":"pa_tur-kitap","9":"pa_yayinevi-gulnar-yayinlari","10":"pa_yazar-sukru-aydere","12":"first","13":"instock","14":"sale","15":"shipping-taxable","16":"purchasable","17":"product-type-simple"},"_links":{"self":[{"href":"https:\/\/roveyayinevi.com.tr\/index.php\/wp-json\/wp\/v2\/product\/736389","targetHints":{"allow":["GET"]}}],"collection":[{"href":"https:\/\/roveyayinevi.com.tr\/index.php\/wp-json\/wp\/v2\/product"}],"about":[{"href":"https:\/\/roveyayinevi.com.tr\/index.php\/wp-json\/wp\/v2\/types\/product"}],"wp:attachment":[{"href":"https:\/\/roveyayinevi.com.tr\/index.php\/wp-json\/wp\/v2\/media?parent=736389"}],"wp:term":[{"taxonomy":"product_brand","embeddable":true,"href":"https:\/\/roveyayinevi.com.tr\/index.php\/wp-json\/wp\/v2\/product_brand?post=736389"},{"taxonomy":"product_cat","embeddable":true,"href":"https:\/\/roveyayinevi.com.tr\/index.php\/wp-json\/wp\/v2\/product_cat?post=736389"},{"taxonomy":"product_tag","embeddable":true,"href":"https:\/\/roveyayinevi.com.tr\/index.php\/wp-json\/wp\/v2\/product_tag?post=736389"}],"curies":[{"name":"wp","href":"https:\/\/api.w.org\/{rel}","templated":true}]}}