{"id":736388,"date":"2025-08-27T23:06:41","date_gmt":"2025-08-27T20:06:41","guid":{"rendered":"https:\/\/roveyayinevi.com.tr\/index.php\/urun\/bilinen-ve-bilinmeyen-tanri\/"},"modified":"2026-04-16T02:45:01","modified_gmt":"2026-04-15T23:45:01","slug":"bilinen-ve-bilinmeyen-tanri","status":"publish","type":"product","link":"https:\/\/roveyayinevi.com.tr\/index.php\/urun\/bilinen-ve-bilinmeyen-tanri\/","title":{"rendered":"Bilinen ve Bilinmeyen Tanr\u0131"},"content":{"rendered":"<p>Butler, bu klasik denemede Tanr\u0131&#8217;n\u0131n fizikselli\u011fi kavram\u0131n\u0131 hakl\u0131 \u00e7\u0131karmaya ve O&#8217;nun yaln\u0131zca ruhsal nitelikte olmad\u0131\u011f\u0131n\u0131 kan\u0131tlamaya \u00e7al\u0131\u015f\u0131r. Bilimsel rasyonalizmi ele\u015ftirel olarak de\u011ferlendirir ve mant\u0131ksal bak\u0131\u015f a\u00e7\u0131lar\u0131 temelinde panteizmi ve ortodoks teizmi \u015fiddetle k\u0131nar. Onun k\u0131yaslay\u0131c\u0131 nesir tarz\u0131, kanaatlerini yans\u0131tmakta ve bu eseri ikna etme g\u00fcc\u00fc k\u0131lmaktad\u0131r. D\u00fc\u015f\u00fcnd\u00fcr\u00fcc\u00fc ve k\u0131\u015fk\u0131rt\u0131c\u0131 bir kitap!<\/p>\n","protected":false},"excerpt":{"rendered":"<p>Butler, bu klasik denemede Tanr\u0131&#8217;n\u0131n fizikselli\u011fi kavram\u0131n\u0131 hakl\u0131 \u00e7\u0131karmaya ve O&#8217;nun yaln\u0131zca ruhsal nitelikte olmad\u0131\u011f\u0131n\u0131 kan\u0131tlamaya \u00e7al\u0131\u015f\u0131r. Bilimsel rasyonalizmi ele\u015ftirel olarak de\u011ferlendirir ve mant\u0131ksal bak\u0131\u015f a\u00e7\u0131lar\u0131<span class=\"excerpt-hellip\"> [\u2026]<\/span><\/p>\n","protected":false},"featured_media":0,"template":"","meta":{"_monsterinsights_skip_tracking":false,"_monsterinsights_sitenote_active":false,"_monsterinsights_sitenote_note":"","_monsterinsights_sitenote_category":0},"product_brand":[],"product_cat":[19998,12388],"product_tag":[],"class_list":{"0":"post-736388","1":"product","2":"type-product","3":"status-publish","5":"product_cat-din-felsefesi","6":"product_cat-felsefe","7":"pa_cilt-ciltsiz","8":"pa_tur-kitap","9":"pa_yayinevi-fa-yayinlari","10":"pa_yazar-samuel-butler","12":"first","13":"instock","14":"sale","15":"shipping-taxable","16":"purchasable","17":"product-type-simple"},"_links":{"self":[{"href":"https:\/\/roveyayinevi.com.tr\/index.php\/wp-json\/wp\/v2\/product\/736388","targetHints":{"allow":["GET"]}}],"collection":[{"href":"https:\/\/roveyayinevi.com.tr\/index.php\/wp-json\/wp\/v2\/product"}],"about":[{"href":"https:\/\/roveyayinevi.com.tr\/index.php\/wp-json\/wp\/v2\/types\/product"}],"wp:attachment":[{"href":"https:\/\/roveyayinevi.com.tr\/index.php\/wp-json\/wp\/v2\/media?parent=736388"}],"wp:term":[{"taxonomy":"product_brand","embeddable":true,"href":"https:\/\/roveyayinevi.com.tr\/index.php\/wp-json\/wp\/v2\/product_brand?post=736388"},{"taxonomy":"product_cat","embeddable":true,"href":"https:\/\/roveyayinevi.com.tr\/index.php\/wp-json\/wp\/v2\/product_cat?post=736388"},{"taxonomy":"product_tag","embeddable":true,"href":"https:\/\/roveyayinevi.com.tr\/index.php\/wp-json\/wp\/v2\/product_tag?post=736388"}],"curies":[{"name":"wp","href":"https:\/\/api.w.org\/{rel}","templated":true}]}}