{"id":736387,"date":"2025-08-27T23:06:40","date_gmt":"2025-08-27T20:06:40","guid":{"rendered":"https:\/\/roveyayinevi.com.tr\/index.php\/urun\/pepuk-kuslari\/"},"modified":"2026-01-23T02:57:56","modified_gmt":"2026-01-22T23:57:56","slug":"pepuk-kuslari","status":"publish","type":"product","link":"https:\/\/roveyayinevi.com.tr\/index.php\/urun\/pepuk-kuslari\/","title":{"rendered":"Pepuk Ku\u015flar\u0131"},"content":{"rendered":"<p>Yanl\u0131\u015f ki\u015fiyi se\u00e7tiniz. Tarihimin, Dersim halk\u0131n\u0131n tarihiyle benzedi\u011fini d\u00fc\u015f\u00fcnemeyece\u011fimi sand\u0131n\u0131z. Yan\u0131ld\u0131n\u0131z. \u00dczg\u00fcn\u00fcm oyununuzu bozdum. Dersim&#8217;e asla, i\u00e7inde biraz olsun d\u00fcr\u00fcstl\u00fck ve namus ta\u015f\u0131yan bir ajan g\u00f6ndermeyin. Dersim&#8217;e bir Yahudi&#8217;yi g\u00f6ndererek ona sadece Holokost&#8217;u hat\u0131rlat\u0131rs\u0131n\u0131z.\u00dczg\u00fcn\u00fcm ama yine hata yapt\u0131n\u0131z.<\/p>\n","protected":false},"excerpt":{"rendered":"<p>Yanl\u0131\u015f ki\u015fiyi se\u00e7tiniz. Tarihimin, Dersim halk\u0131n\u0131n tarihiyle benzedi\u011fini d\u00fc\u015f\u00fcnemeyece\u011fimi sand\u0131n\u0131z. Yan\u0131ld\u0131n\u0131z. \u00dczg\u00fcn\u00fcm oyununuzu bozdum. Dersim&#8217;e asla, i\u00e7inde biraz olsun d\u00fcr\u00fcstl\u00fck ve namus ta\u015f\u0131yan bir ajan g\u00f6ndermeyin.<span class=\"excerpt-hellip\"> [\u2026]<\/span><\/p>\n","protected":false},"featured_media":0,"template":"","meta":{"_monsterinsights_skip_tracking":false,"_monsterinsights_sitenote_active":false,"_monsterinsights_sitenote_note":"","_monsterinsights_sitenote_category":0},"product_brand":[],"product_cat":[12291,16009],"product_tag":[],"class_list":{"0":"post-736387","1":"product","2":"type-product","3":"status-publish","5":"product_cat-edebiyat","6":"product_cat-politik-kurgu","7":"pa_cilt-ciltsiz","8":"pa_tur-kitap","9":"pa_yayinevi-fa-yayinlari","10":"pa_yazar-h-erol-celardin","12":"first","13":"instock","14":"sale","15":"shipping-taxable","16":"purchasable","17":"product-type-simple"},"_links":{"self":[{"href":"https:\/\/roveyayinevi.com.tr\/index.php\/wp-json\/wp\/v2\/product\/736387","targetHints":{"allow":["GET"]}}],"collection":[{"href":"https:\/\/roveyayinevi.com.tr\/index.php\/wp-json\/wp\/v2\/product"}],"about":[{"href":"https:\/\/roveyayinevi.com.tr\/index.php\/wp-json\/wp\/v2\/types\/product"}],"wp:attachment":[{"href":"https:\/\/roveyayinevi.com.tr\/index.php\/wp-json\/wp\/v2\/media?parent=736387"}],"wp:term":[{"taxonomy":"product_brand","embeddable":true,"href":"https:\/\/roveyayinevi.com.tr\/index.php\/wp-json\/wp\/v2\/product_brand?post=736387"},{"taxonomy":"product_cat","embeddable":true,"href":"https:\/\/roveyayinevi.com.tr\/index.php\/wp-json\/wp\/v2\/product_cat?post=736387"},{"taxonomy":"product_tag","embeddable":true,"href":"https:\/\/roveyayinevi.com.tr\/index.php\/wp-json\/wp\/v2\/product_tag?post=736387"}],"curies":[{"name":"wp","href":"https:\/\/api.w.org\/{rel}","templated":true}]}}