{"id":736386,"date":"2025-08-27T23:06:39","date_gmt":"2025-08-27T20:06:39","guid":{"rendered":"https:\/\/roveyayinevi.com.tr\/index.php\/urun\/his-4-son-alacakaranlik\/"},"modified":"2026-04-16T02:45:01","modified_gmt":"2026-04-15T23:45:01","slug":"his-4-son-alacakaranlik","status":"publish","type":"product","link":"https:\/\/roveyayinevi.com.tr\/index.php\/urun\/his-4-son-alacakaranlik\/","title":{"rendered":"His 4 &#8211; Son Alacakaranl\u0131k"},"content":{"rendered":"<p>\u201cBu bir ba\u015flang\u0131\u00e7 ya da son de\u011fildi. Bu bir tebess\u00fcm ve kederdi.\u201d Bilmiyorsun sevgilim, bilmiyorsun. Kaderin bizi nas\u0131l pasl\u0131 bir makasla budad\u0131\u011f\u0131n\u0131, Azrail&#8217;in \u00f6l\u00fcmden daha vahim bir ac\u0131yla s\u0131nad\u0131\u011f\u0131n\u0131, ruhumuzdaki zelzelenin nas\u0131l ars\u0131z ve y\u0131k\u0131c\u0131 oldu\u011funu bilmiyorsun. Seni tamam\u0131yla ve d\u00f6n\u00fclmez olarak kaybetti\u011fimde, siyah bir tuvale kondurulan nokta kadar belirsiz ve yoktum. Aynalar aksimi ink\u00e2r edebilirdi. Annem ad\u0131m\u0131 unutabilirdi. \u00c7ok sevdi\u011fin sa\u00e7lar\u0131m rengini g\u00f6\u011fe arma\u011fan edebilirdi. Varl\u0131\u011f\u0131m\u0131n yoklu\u011funla silinmesine, ya\u015fad\u0131\u011f\u0131m\u0131z t\u00fcm anlar \u015fahitlik edebilirdi. \u0130\u015fte, birbirine dolanan yoklu\u011fumuzla karanl\u0131k bir sahneye \u00e7\u0131k\u0131yoruz. T\u00fcm ihti\u015fam\u0131m\u0131zla olmay\u0131\u015f\u0131m\u0131za f\u0131s\u0131ld\u0131yorlar.Sen de duyuyor musun? \u201cPerdelenirken ayr\u0131l\u0131k, ac\u0131tacak son alacakaranl\u0131k.\u201d<\/p>\n","protected":false},"excerpt":{"rendered":"<p>\u201cBu bir ba\u015flang\u0131\u00e7 ya da son de\u011fildi. Bu bir tebess\u00fcm ve kederdi.\u201d Bilmiyorsun sevgilim, bilmiyorsun. Kaderin bizi nas\u0131l pasl\u0131 bir makasla budad\u0131\u011f\u0131n\u0131, Azrail&#8217;in \u00f6l\u00fcmden daha vahim<span class=\"excerpt-hellip\"> [\u2026]<\/span><\/p>\n","protected":false},"featured_media":0,"template":"","meta":{"_monsterinsights_skip_tracking":false,"_monsterinsights_sitenote_active":false,"_monsterinsights_sitenote_note":"","_monsterinsights_sitenote_category":0},"product_brand":[],"product_cat":[12291,12711],"product_tag":[],"class_list":{"0":"post-736386","1":"product","2":"type-product","3":"status-publish","5":"product_cat-edebiyat","6":"product_cat-roman-oyku","7":"pa_cilt-ciltsiz","8":"pa_tur-kitap","9":"pa_yayinevi-epsilon-yayinlari","10":"pa_yazar-duru-mavii","12":"first","13":"instock","14":"sale","15":"shipping-taxable","16":"purchasable","17":"product-type-simple"},"_links":{"self":[{"href":"https:\/\/roveyayinevi.com.tr\/index.php\/wp-json\/wp\/v2\/product\/736386","targetHints":{"allow":["GET"]}}],"collection":[{"href":"https:\/\/roveyayinevi.com.tr\/index.php\/wp-json\/wp\/v2\/product"}],"about":[{"href":"https:\/\/roveyayinevi.com.tr\/index.php\/wp-json\/wp\/v2\/types\/product"}],"wp:attachment":[{"href":"https:\/\/roveyayinevi.com.tr\/index.php\/wp-json\/wp\/v2\/media?parent=736386"}],"wp:term":[{"taxonomy":"product_brand","embeddable":true,"href":"https:\/\/roveyayinevi.com.tr\/index.php\/wp-json\/wp\/v2\/product_brand?post=736386"},{"taxonomy":"product_cat","embeddable":true,"href":"https:\/\/roveyayinevi.com.tr\/index.php\/wp-json\/wp\/v2\/product_cat?post=736386"},{"taxonomy":"product_tag","embeddable":true,"href":"https:\/\/roveyayinevi.com.tr\/index.php\/wp-json\/wp\/v2\/product_tag?post=736386"}],"curies":[{"name":"wp","href":"https:\/\/api.w.org\/{rel}","templated":true}]}}