{"id":736384,"date":"2025-08-27T23:06:37","date_gmt":"2025-08-27T20:06:37","guid":{"rendered":"https:\/\/roveyayinevi.com.tr\/index.php\/urun\/stratejik-analizler\/"},"modified":"2026-04-16T02:45:00","modified_gmt":"2026-04-15T23:45:00","slug":"stratejik-analizler","status":"publish","type":"product","link":"https:\/\/roveyayinevi.com.tr\/index.php\/urun\/stratejik-analizler\/","title":{"rendered":"Stratejik Analizler"},"content":{"rendered":"<p>D\u00fcnyadaki devletler veya g\u00fc\u00e7 odaklar\u0131 iki t\u00fcrl\u00fcd\u00fcr: D\u00fc\u015f\u00fcnen ve uygulayanlar bir gruptur, bunu anlamaya \u00e7al\u0131\u015fan ve ula\u015ft\u0131klar\u0131 sonuca g\u00f6re davran\u0131\u015flar\u0131n\u0131 belirleyenler ise di\u011ferleridir. Ama bu di\u011ferlerinin en b\u00fcy\u00fck eksikli\u011fi, olay\u0131 ger\u00e7ek niteli\u011fiyle anlamak yerine, uygulay\u0131c\u0131lar\u0131n niyetine g\u00f6re yorumlamalar\u0131d\u0131r. Vard\u0131klar\u0131 sonu\u00e7lar d\u00fc\u015f\u00fcnenlerin var\u0131lmas\u0131n\u0131 istedikleri \u015feylerdir. D\u00fcnyada \u00fc\u00e7 kademeli bir yap\u0131lanma s\u00f6z konusudur: d\u00fc\u015f\u00fcnenlerin tamamen kontrol alt\u0131nda tuttu\u011fu ve olaylar\u0131 onlar\u0131n istedi\u011fi bi\u00e7imde alg\u0131layanlar, d\u00fc\u015f\u00fcncelerini uygulama g\u00fcc\u00fc ve becerisi olmamakla birlikte do\u011fru anlayanlar ve en \u00fcst s\u0131rada, d\u00fc\u015f\u00fcn\u00fcp bunu uygulayanlar. Siz neredesiniz? Prof. Dr. Mahir Kaynak\u2019\u0131n B\u00fcy\u00fck Orta Do\u011fu Projesi ve T\u00fcrkiye \u00fczerine yapt\u0131\u011f\u0131 stratejik analizlerinin ve yeni d\u00fcnya dengelerine dair \u00f6ng\u00f6r\u00fc ile yorumlar\u0131n\u0131n yer ald\u0131\u011f\u0131 bu eser, g\u00f6r\u00fc\u015f alan\u0131m\u0131z\u0131 geni\u015fletmemize yard\u0131mc\u0131 oluyor. <\/p>\n","protected":false},"excerpt":{"rendered":"<p>D\u00fcnyadaki devletler veya g\u00fc\u00e7 odaklar\u0131 iki t\u00fcrl\u00fcd\u00fcr: D\u00fc\u015f\u00fcnen ve uygulayanlar bir gruptur, bunu anlamaya \u00e7al\u0131\u015fan ve ula\u015ft\u0131klar\u0131 sonuca g\u00f6re davran\u0131\u015flar\u0131n\u0131 belirleyenler ise di\u011ferleridir. Ama bu di\u011ferlerinin<span class=\"excerpt-hellip\"> [\u2026]<\/span><\/p>\n","protected":false},"featured_media":0,"template":"","meta":{"_monsterinsights_skip_tracking":false,"_monsterinsights_sitenote_active":false,"_monsterinsights_sitenote_note":"","_monsterinsights_sitenote_category":0},"product_brand":[],"product_cat":[13590,12337],"product_tag":[],"class_list":{"0":"post-736384","1":"product","2":"type-product","3":"status-publish","5":"product_cat-arastirma-inceleme-politika-siyaset","6":"product_cat-politika-siyaset","7":"pa_cilt-ciltsiz","8":"pa_tur-kitap","9":"pa_yayinevi-profil-kitap","10":"pa_yazar-mahir-kaynak","12":"first","13":"instock","14":"sale","15":"shipping-taxable","16":"purchasable","17":"product-type-simple"},"_links":{"self":[{"href":"https:\/\/roveyayinevi.com.tr\/index.php\/wp-json\/wp\/v2\/product\/736384","targetHints":{"allow":["GET"]}}],"collection":[{"href":"https:\/\/roveyayinevi.com.tr\/index.php\/wp-json\/wp\/v2\/product"}],"about":[{"href":"https:\/\/roveyayinevi.com.tr\/index.php\/wp-json\/wp\/v2\/types\/product"}],"wp:attachment":[{"href":"https:\/\/roveyayinevi.com.tr\/index.php\/wp-json\/wp\/v2\/media?parent=736384"}],"wp:term":[{"taxonomy":"product_brand","embeddable":true,"href":"https:\/\/roveyayinevi.com.tr\/index.php\/wp-json\/wp\/v2\/product_brand?post=736384"},{"taxonomy":"product_cat","embeddable":true,"href":"https:\/\/roveyayinevi.com.tr\/index.php\/wp-json\/wp\/v2\/product_cat?post=736384"},{"taxonomy":"product_tag","embeddable":true,"href":"https:\/\/roveyayinevi.com.tr\/index.php\/wp-json\/wp\/v2\/product_tag?post=736384"}],"curies":[{"name":"wp","href":"https:\/\/api.w.org\/{rel}","templated":true}]}}