{"id":736383,"date":"2025-08-27T23:06:36","date_gmt":"2025-08-27T20:06:36","guid":{"rendered":"https:\/\/roveyayinevi.com.tr\/index.php\/urun\/gul-alirim-gul-satarim\/"},"modified":"2026-04-16T02:45:00","modified_gmt":"2026-04-15T23:45:00","slug":"gul-alirim-gul-satarim","status":"publish","type":"product","link":"https:\/\/roveyayinevi.com.tr\/index.php\/urun\/gul-alirim-gul-satarim\/","title":{"rendered":"G\u00fcl Al\u0131r\u0131m G\u00fcl Satar\u0131m"},"content":{"rendered":"<p>Niy\u00e2z\u00ee-i M\u0131sr\u00ee, \u201cBil ve \u00e2g\u00e2h ol ki Hakk bir kimseyi in\u00e2yetine l\u00e2y\u0131k g\u00f6r\u00fcrse o kimsenin kalbine, \u2018Biz bu d\u00fcnyaya ni\u00e7in geldik?\u2019 sorusuna bir cevap bulma arzusu koyar.\u201d demi\u015f. Bu sorunun pe\u015finden giderken yolum pek \u00e7ok kitaptan ve insandan ge\u00e7ti. Kitaplar\u0131n yeni kitaplar a\u00e7t\u0131\u011f\u0131n\u0131, Hakk\u2019\u0131n insanlara insanlardan tecelli etti\u011fini pek \u00e7ok defa tecr\u00fcbe ettim. D\u00fc\u015fe kalka y\u00fcr\u00fcmenin, yolun mecburiyeti oldu\u011funu fark etti\u011fimde mesele biraz daha berrakla\u015ft\u0131: D\u00fc\u015fmesiyle, kalkmas\u0131yla, kayg\u0131s\u0131yla, k\u0131r\u0131lganl\u0131\u011f\u0131yla, yaras\u0131yla, yas\u0131yla hi\u00e7 kimse her zaman dimdik y\u00fcr\u00fcyemez, d\u00fcmd\u00fcz ilerleyemez. Yoldan da \u00e7\u0131k\u0131l\u0131r, tekrar yola da girilir. Her nefeste bir \u015feyler olur, bir \u015feyler biter. \u00c7\u00fcnk\u00fc insan olmak bir in\u015fa s\u00fcrecidir, bitmez bu tadilat.\u201cBu d\u00fcnya yolu, dikenli bir yoldur. Bu dikenler sana batacak, ay\u0131klamaya kalkma. Dikenler nedir? Laf, s\u00f6z, etraf\u0131n k\u0131skan\u00e7l\u0131\u011f\u0131, haset, azaplar, \u00e7ileler&#8230; Durup da dikenleri ay\u0131klamaya kalkma \u00e7\u00fcnk\u00fc yolundan geri kal\u0131rs\u0131n. Dikenlerle y\u00fcr\u00fcmeye al\u0131\u015f.\u201d diyor mektuplar\u0131ndan birinde S\u00e2miha Ayverdi. Bu zorlu y\u00fcr\u00fcy\u00fc\u015fte kar\u015f\u0131la\u015ft\u0131\u011f\u0131m g\u00fczel kitaplara ve g\u00fczel insanlara dair yazm\u0131\u015f oldu\u011fum yaz\u0131lar i\u015fte bu kitapta bir araya gelmi\u015f oluyor. Bir taraftan g\u00fcl y\u00fcrekli kimselerin kendilerinden ve eserlerinden bahsediyorum, di\u011fer taraftan onlar\u0131n g\u00f6nl\u00fcme nak\u015fettikleri g\u00fcllerden birer demet sunuyorum. G\u00fcl al\u0131yorum, g\u00fcl sat\u0131yorum. <\/p>\n","protected":false},"excerpt":{"rendered":"<p>Niy\u00e2z\u00ee-i M\u0131sr\u00ee, \u201cBil ve \u00e2g\u00e2h ol ki Hakk bir kimseyi in\u00e2yetine l\u00e2y\u0131k g\u00f6r\u00fcrse o kimsenin kalbine, \u2018Biz bu d\u00fcnyaya ni\u00e7in geldik?\u2019 sorusuna bir cevap bulma arzusu<span class=\"excerpt-hellip\"> [\u2026]<\/span><\/p>\n","protected":false},"featured_media":0,"template":"","meta":{"_monsterinsights_skip_tracking":false,"_monsterinsights_sitenote_active":false,"_monsterinsights_sitenote_note":"","_monsterinsights_sitenote_category":0},"product_brand":[],"product_cat":[12777,12291],"product_tag":[],"class_list":{"0":"post-736383","1":"product","2":"type-product","3":"status-publish","5":"product_cat-deneme","6":"product_cat-edebiyat","7":"pa_cilt-ciltsiz","8":"pa_tur-kitap","9":"pa_yayinevi-profil-kitap","10":"pa_yazar-yagiz-gonuler","12":"first","13":"instock","14":"sale","15":"shipping-taxable","16":"purchasable","17":"product-type-simple"},"_links":{"self":[{"href":"https:\/\/roveyayinevi.com.tr\/index.php\/wp-json\/wp\/v2\/product\/736383","targetHints":{"allow":["GET"]}}],"collection":[{"href":"https:\/\/roveyayinevi.com.tr\/index.php\/wp-json\/wp\/v2\/product"}],"about":[{"href":"https:\/\/roveyayinevi.com.tr\/index.php\/wp-json\/wp\/v2\/types\/product"}],"wp:attachment":[{"href":"https:\/\/roveyayinevi.com.tr\/index.php\/wp-json\/wp\/v2\/media?parent=736383"}],"wp:term":[{"taxonomy":"product_brand","embeddable":true,"href":"https:\/\/roveyayinevi.com.tr\/index.php\/wp-json\/wp\/v2\/product_brand?post=736383"},{"taxonomy":"product_cat","embeddable":true,"href":"https:\/\/roveyayinevi.com.tr\/index.php\/wp-json\/wp\/v2\/product_cat?post=736383"},{"taxonomy":"product_tag","embeddable":true,"href":"https:\/\/roveyayinevi.com.tr\/index.php\/wp-json\/wp\/v2\/product_tag?post=736383"}],"curies":[{"name":"wp","href":"https:\/\/api.w.org\/{rel}","templated":true}]}}