{"id":736381,"date":"2025-08-27T23:06:34","date_gmt":"2025-08-27T20:06:34","guid":{"rendered":"https:\/\/roveyayinevi.com.tr\/index.php\/urun\/daha-iyi-bir-dunya-cocuk-haklari\/"},"modified":"2026-04-16T02:45:00","modified_gmt":"2026-04-15T23:45:00","slug":"daha-iyi-bir-dunya-cocuk-haklari","status":"publish","type":"product","link":"https:\/\/roveyayinevi.com.tr\/index.php\/urun\/daha-iyi-bir-dunya-cocuk-haklari\/","title":{"rendered":"Daha \u0130yi Bir D\u00fcnya &#8211; \u00c7ocuk Haklar\u0131"},"content":{"rendered":"<p>Daha \u0130yi Bir D\u00fcnya \u2013 \u00c7ocuk Haklar\u0131 Gabriel Pacheco \u00b7 Adolfo Serra \u00b7 Ester Garc\u00eda \u00b7 Elena Odriozola \u00b7 Marco Som\u00e0 \u00b7 Jacobo Mu\u00f1iz \u00b7 Violeta L\u00f3piz \u00b7 Marta Alt\u00e9s \u00b7 Riki Blanco \u00b7Iban Barrenetxea \u00b7 Guridi Birle\u015fmi\u015f Milletler 1959 y\u0131l\u0131nda, on maddeden olu\u015fan \u00c7ocuk Haklar\u0131 Bildirisi\u2019ni kabul etti. Bu on madde, g\u00fcn\u00fcm\u00fcz\u00fcn en iyi on bir \u00e7izerinin yaratt\u0131\u011f\u0131 birbirinden g\u00fczel \u00e7izimlerle bu kitapta yer al\u0131yor. Bu maddeler, daha sonra 1989\u2019da imzalanacak \u00c7ocuk Haklar\u0131 S\u00f6zle\u015fmesi\u2019ne zemin haz\u0131rlam\u0131\u015ft\u0131r. On bir \u00e7izerin bir araya gelip \u00e7ocuklar\u0131n sahip oldu\u011fu haklar\u0131 g\u00fcndeme getirdi\u011fi bu eser, her mini\u011fin kitapl\u0131\u011f\u0131nda bulunmas\u0131 gereken kitaplardan biri&#8230;<\/p>\n","protected":false},"excerpt":{"rendered":"<p>Daha \u0130yi Bir D\u00fcnya \u2013 \u00c7ocuk Haklar\u0131 Gabriel Pacheco \u00b7 Adolfo Serra \u00b7 Ester Garc\u00eda \u00b7 Elena Odriozola \u00b7 Marco Som\u00e0 \u00b7 Jacobo Mu\u00f1iz \u00b7 Violeta<span class=\"excerpt-hellip\"> [\u2026]<\/span><\/p>\n","protected":false},"featured_media":0,"template":"","meta":{"_monsterinsights_skip_tracking":false,"_monsterinsights_sitenote_active":false,"_monsterinsights_sitenote_note":"","_monsterinsights_sitenote_category":0},"product_brand":[],"product_cat":[12274,12284],"product_tag":[],"class_list":{"0":"post-736381","1":"product","2":"type-product","3":"status-publish","5":"product_cat-cocuk-ve-genclik-kitaplari","6":"product_cat-hikayeler","7":"pa_cilt-ciltsiz","8":"pa_tur-kitap","9":"pa_yayinevi-ucanfil-ozel-urun","10":"pa_yazar-ucan-fil-yayinlari-kolektif","12":"first","13":"instock","14":"sale","15":"shipping-taxable","16":"purchasable","17":"product-type-simple"},"_links":{"self":[{"href":"https:\/\/roveyayinevi.com.tr\/index.php\/wp-json\/wp\/v2\/product\/736381","targetHints":{"allow":["GET"]}}],"collection":[{"href":"https:\/\/roveyayinevi.com.tr\/index.php\/wp-json\/wp\/v2\/product"}],"about":[{"href":"https:\/\/roveyayinevi.com.tr\/index.php\/wp-json\/wp\/v2\/types\/product"}],"wp:attachment":[{"href":"https:\/\/roveyayinevi.com.tr\/index.php\/wp-json\/wp\/v2\/media?parent=736381"}],"wp:term":[{"taxonomy":"product_brand","embeddable":true,"href":"https:\/\/roveyayinevi.com.tr\/index.php\/wp-json\/wp\/v2\/product_brand?post=736381"},{"taxonomy":"product_cat","embeddable":true,"href":"https:\/\/roveyayinevi.com.tr\/index.php\/wp-json\/wp\/v2\/product_cat?post=736381"},{"taxonomy":"product_tag","embeddable":true,"href":"https:\/\/roveyayinevi.com.tr\/index.php\/wp-json\/wp\/v2\/product_tag?post=736381"}],"curies":[{"name":"wp","href":"https:\/\/api.w.org\/{rel}","templated":true}]}}