{"id":736379,"date":"2025-08-27T23:06:31","date_gmt":"2025-08-27T20:06:31","guid":{"rendered":"https:\/\/roveyayinevi.com.tr\/index.php\/urun\/sen-de-oku-harf-bilgisi-ve-edebi-beceriler\/"},"modified":"2026-04-16T02:45:00","modified_gmt":"2026-04-15T23:45:00","slug":"sen-de-oku-harf-bilgisi-ve-edebi-beceriler","status":"publish","type":"product","link":"https:\/\/roveyayinevi.com.tr\/index.php\/urun\/sen-de-oku-harf-bilgisi-ve-edebi-beceriler\/","title":{"rendered":"Sen de Oku &#8211; Harf Bilgisi ve Edebi Beceriler"},"content":{"rendered":"<p>Ak\u0131c\u0131 okuman\u0131n ve okudu\u011funu anlaman\u0131n yollar\u0131 bu kitapta!Dil ve konu\u015fma alan\u0131nda uzmanla\u015fm\u0131\u015f Treysi Terziyan ile Stefani Terziyan&#8217;\u0131n akademik ara\u015ft\u0131rmalar\u0131, ki\u015fisel deneyimleri ve pratik uygulamalar\u0131 ile ortaya \u00e7\u0131kan \u201cOkuma G\u00fc\u00e7l\u00fc\u011f\u00fcne Y\u00f6nelik Al\u0131\u015ft\u0131rmalar\u201d serisinin ikinci halkas\u0131n\u0131 olu\u015fturan Harf Bilgisi ve Edeb\u00ee Beceriler; okuma, yazma ve kelime bilgisini g\u00fc\u00e7lendirme konular\u0131nda ebeveynlere ve e\u011fitmenlere rehberlik ediyor, \u00e7ocuklar\u0131 \u201ckorkusuzca\u201d okumaya y\u00fcreklendiriyor. Harflerin farkl\u0131 \u015fekillerinden kelime i\u00e7inde harf bulmaya; film tart\u0131\u015fmaktan hik\u00e2ye \u00f6gelerini belirlemeye uzanan kapsaml\u0131 bir i\u00e7erik sunan bu kaynak kitap, pek \u00e7ok temel bilgi vermenin yan\u0131 s\u0131ra kolaydan zora do\u011fru ilerleyen al\u0131\u015ft\u0131rmalar e\u015fli\u011finde \u00e7ocuklar\u0131 bilin\u00e7li okuryazarl\u0131\u011fa ad\u0131m atmaya te\u015fvik ediyor. Kimler i\u00e7in haz\u0131rland\u0131?Okuma g\u00fc\u00e7l\u00fc\u011f\u00fc \u00e7eken, okumaya yeni ba\u015flayan \u00e7ocuklar ve okuma h\u0131zlar\u0131n\u0131 art\u0131rmak isteyen ilkokul \u00f6\u011frencileri i\u00e7in; ebeveynler ve e\u011fitmenler g\u00f6zetiminde uygulanmas\u0131 \u00f6ng\u00f6r\u00fclerek haz\u0131rland\u0131. Hedefi nedir?Ak\u0131c\u0131 okumakta ve okudu\u011funu anlamakta zorlanan \u00e7ocuklara \u00e7e\u015fitli al\u0131\u015ft\u0131rmalar yard\u0131m\u0131yla okuryazarl\u0131k sevgisi a\u015f\u0131lamak; \u00e7ocuklar\u0131n okuma ve yazma becerilerini desteklemek isteyen ebeveynlere ve e\u011fitmenlere k\u0131lavuzluk etmek hedefiyle yay\u0131mland\u0131. Nas\u0131l bir i\u00e7erik sunuyor?Kitap iki ayr\u0131 b\u00f6l\u00fcmden olu\u015fuyor: \u201cHarf Bilgisi\u201d b\u00f6l\u00fcm\u00fcnde; harfleri tan\u0131maya ve kolay yazmaya y\u00f6nelik g\u00f6rsel dikkate dayal\u0131 al\u0131\u015ft\u0131rmalar yer al\u0131rken; \u201cEdeb\u00ee Beceriler\u201d b\u00f6l\u00fcm\u00fcnde, okuma ve yazma, okudu\u011funu anlama al\u0131\u015ft\u0131rmalar\u0131 ile hik\u00e2ye yap\u0131s\u0131 \u00e7al\u0131\u015fmalar\u0131 bulunuyor.  \u00d6ne \u00e7\u0131kan \u00f6zellikleri neler?Kullan\u0131m k\u0131lavuzu ve a\u00e7\u0131klay\u0131c\u0131 y\u00f6nergeler, daha \u00f6nce odak gruplarla uygulanm\u0131\u015f destek \u00e7al\u0131\u015fma materyali, g\u00fcndelik hayatla ili\u015fkilendirilmi\u015f etkinlik fikirleri, birden \u00e7ok defa tekrarlan\u0131p, geli\u015ftirilerek \u00e7\u00f6z\u00fclebilecek al\u0131\u015ft\u0131rmalar, \u201cSen de Oku\u201d koleksiyonunda yer alan eserler ile pratik yapma olana\u011f\u0131 ve G\u00fcl Sar\u0131&#8217;n\u0131n \u00f6zg\u00fcn resimleriyle fark yarat\u0131yor.<\/p>\n","protected":false},"excerpt":{"rendered":"<p>Ak\u0131c\u0131 okuman\u0131n ve okudu\u011funu anlaman\u0131n yollar\u0131 bu kitapta!Dil ve konu\u015fma alan\u0131nda uzmanla\u015fm\u0131\u015f Treysi Terziyan ile Stefani Terziyan&#8217;\u0131n akademik ara\u015ft\u0131rmalar\u0131, ki\u015fisel deneyimleri ve pratik uygulamalar\u0131 ile ortaya<span class=\"excerpt-hellip\"> [\u2026]<\/span><\/p>\n","protected":false},"featured_media":0,"template":"","meta":{"_monsterinsights_skip_tracking":false,"_monsterinsights_sitenote_active":false,"_monsterinsights_sitenote_note":"","_monsterinsights_sitenote_category":0},"product_brand":[],"product_cat":[12275,12274],"product_tag":[],"class_list":{"0":"post-736379","1":"product","2":"type-product","3":"status-publish","5":"product_cat-6-12-yas-kitaplari","6":"product_cat-cocuk-ve-genclik-kitaplari","7":"pa_cilt-ciltsiz","8":"pa_tur-kitap","9":"pa_yayinevi-tudem-yayinlari","10":"pa_yazar-treysi-terziyan-stefani-terziyan","12":"first","13":"instock","14":"sale","15":"shipping-taxable","16":"purchasable","17":"product-type-simple"},"_links":{"self":[{"href":"https:\/\/roveyayinevi.com.tr\/index.php\/wp-json\/wp\/v2\/product\/736379","targetHints":{"allow":["GET"]}}],"collection":[{"href":"https:\/\/roveyayinevi.com.tr\/index.php\/wp-json\/wp\/v2\/product"}],"about":[{"href":"https:\/\/roveyayinevi.com.tr\/index.php\/wp-json\/wp\/v2\/types\/product"}],"wp:attachment":[{"href":"https:\/\/roveyayinevi.com.tr\/index.php\/wp-json\/wp\/v2\/media?parent=736379"}],"wp:term":[{"taxonomy":"product_brand","embeddable":true,"href":"https:\/\/roveyayinevi.com.tr\/index.php\/wp-json\/wp\/v2\/product_brand?post=736379"},{"taxonomy":"product_cat","embeddable":true,"href":"https:\/\/roveyayinevi.com.tr\/index.php\/wp-json\/wp\/v2\/product_cat?post=736379"},{"taxonomy":"product_tag","embeddable":true,"href":"https:\/\/roveyayinevi.com.tr\/index.php\/wp-json\/wp\/v2\/product_tag?post=736379"}],"curies":[{"name":"wp","href":"https:\/\/api.w.org\/{rel}","templated":true}]}}