{"id":736376,"date":"2025-08-27T23:06:29","date_gmt":"2025-08-27T20:06:29","guid":{"rendered":"https:\/\/roveyayinevi.com.tr\/index.php\/urun\/ozculuk-daha-azin-disiplinli-arayisi\/"},"modified":"2025-12-30T10:47:58","modified_gmt":"2025-12-30T07:47:58","slug":"ozculuk-daha-azin-disiplinli-arayisi","status":"publish","type":"product","link":"https:\/\/roveyayinevi.com.tr\/index.php\/urun\/ozculuk-daha-azin-disiplinli-arayisi\/","title":{"rendered":"\u00d6zc\u00fcl\u00fck &#8211; Daha Az\u0131n Disiplinli Aray\u0131\u015f\u0131"},"content":{"rendered":"<p>Kendinizi hep bir\u00e7ok i\u015fi bir arada yaparken mi buluyorsunuz? Ayn\u0131 anda hem \u00e7ok \u00e7al\u0131\u015fm\u0131\u015f hem de yetersiz mi hissediyorsunuz? \u00c7o\u011funlukla me\u015fgul olsan\u0131z da \u00fcretken de\u011fil misiniz? Zaman\u0131n\u0131z\u0131n s\u00fcrekli di\u011fer insanlar\u0131n planlar\u0131 y\u00fcz\u00fcnden \u00e7ar\u00e7ur edildi\u011fini mi hissediyorsunuz?Bunlardan herhangi birine evet yan\u0131t\u0131 verdiyseniz, hayat\u0131n\u0131z\u0131n her alan\u0131nda az ve \u00f6z yapmay\u0131 \u00f6\u011frenmelisiniz demektir. Kilit nokta daha k\u0131sa zamanda daha fazlas\u0131n\u0131 yapmak de\u011fil, sadece do\u011fru i\u015fleri yapmakt\u0131r. Neyin kesinlikle gerekli oldu\u011funu ay\u0131rt etmek ve gerekli olmayan her \u015feyi ortadan kald\u0131rmak sistematik bir disiplin gerektirir ve bu sayede ger\u00e7ekten \u00f6nemli olanlara t\u00fcm ilgimizi verebiliriz.   \u00d6zc\u00fcl\u00fck, gerekli olan\u0131n hangisi oldu\u011funa dair bizi daha se\u00e7ici olmaya zorlayarak ba\u015fkalar\u0131na bizim yerimize se\u00e7im yapmalar\u0131 i\u00e7in \u00f6rt\u00fcl\u00fc izin vermek yerine, de\u011ferli zaman\u0131m\u0131z\u0131 ve enerjimizi nereye harcayaca\u011f\u0131m\u0131z konusunda kendi se\u00e7imlerimizin kontrol\u00fcn\u00fc yeniden ele almam\u0131z\u0131 sa\u011flar.   Bu, hayatlar\u0131n\u0131n her alan\u0131nda az ama \u00f6z yapmay\u0131 \u00f6\u011frenmek isteyen herkes i\u00e7in her \u015feyi yapman\u0131n yepyeni bir yoludur. \u201cGreg McKeown\u2019\u0131n kitab\u0131, hepimize bula\u015fan stres, t\u00fckenmi\u015flik ve \u2018her \u015feyi yapma\u2019 zorunlulu\u011funa kar\u015f\u0131 \u00e7ok ihtiya\u00e7 duyulan bir panzehir. Sa\u011fl\u0131\u011f\u0131n\u0131n, esenli\u011finin ve mutlulu\u011fun kontrol\u00fcn\u00fc yeniden kazanmak isteyen herkes i\u00e7in vazge\u00e7ilmez.\u201d \u2013Arianna Huffington, The Huffington Post\u2019un kurucusu ve i\u015finsan\u0131   \u201cSiz de hayattaki t\u00fcm \u2018do\u011fru\u2019 \u015feyleri \u00f6rnek almaya, onlar\u0131 uygulamaya y\u00f6nelik o amans\u0131z bask\u0131y\u0131 hissediyor musunuz? Ger\u00e7ek \u015fu ki bu \u015fekilde ilerleme kaydedemezsiniz. Hatta \u00e7abalar\u0131n\u0131z o kadar \u00e7ok b\u00f6l\u00fcn\u00fcr ki hi\u00e7bir etki yaratmama tehlikesiyle kar\u015f\u0131 kar\u015f\u0131ya kal\u0131rs\u0131n\u0131z. Greg McKeown ise cevab\u0131n hayat\u0131 \u00f6z\u00fcne ayr\u0131\u015ft\u0131rmakta oldu\u011funa inan\u0131yor. Size her hayat i\u00e7in neyin \u00f6z oldu\u011funu s\u00f6yleyemeyebilir ama kendi hayat\u0131n\u0131zdaki anlam\u0131 bulman\u0131za yard\u0131mc\u0131 olacak.\u201d \u2013Daniel H. Pink, Drive ve Sat\u0131\u015f\u0131n Yeni Kurallar\u0131\u2019n\u0131n yazar\u0131   \u201c\u00d6zc\u00fcl\u00fck, ya\u015fam\u0131n b\u00fcy\u00fck bulmacalar\u0131ndan birinin cevab\u0131: Nas\u0131l daha az yap\u0131larak daha fazla \u00fcretilebilir? Kendini ba\u015far\u0131ya adam\u0131\u015f herkes i\u00e7in gerekli ve tam zaman\u0131nda bir okuma.\u201d \u2013Adam Grant, Vermek ve Almak\u2019\u0131n yazar\u0131   &#8220;\u00d6zc\u00fcl\u00fck, sizin i\u00e7in en \u00f6nemli olan\u0131 nas\u0131l belirleyece\u011finiz ve sonunda size daha b\u00fcy\u00fck \u00f6d\u00fcller verecek \u015fekilde enerjinizi nas\u0131l kullanaca\u011f\u0131n\u0131z y\u00f6n\u00fcnde k\u0131sa ve anlaml\u0131 tavsiyeler sunuyor.&#8221; \u2013Reid Hoffman, LinkedIn Kurucu Orta\u011f\u0131 ve The Start-Up of You\u2019nun yazar\u0131   &#8220;Her zaman her \u015feyi yapmak isteyen bir maksimalist olarak bu kitap bana meydan okudu ve hayat\u0131m\u0131 daha iyi hale getirdi. Sadece daha \u00e7ok de\u011fil, daha iyi \u00e7al\u0131\u015fmak istiyorsan\u0131z, bu kitab\u0131 okumal\u0131s\u0131n\u0131z.&#8221; \u2013Chris Guillebau, 100 Dolarl\u0131k Ba\u015flang\u0131\u00e7\u2019\u0131n yazar\u0131 <\/p>\n","protected":false},"excerpt":{"rendered":"<p>Kendinizi hep bir\u00e7ok i\u015fi bir arada yaparken mi buluyorsunuz? Ayn\u0131 anda hem \u00e7ok \u00e7al\u0131\u015fm\u0131\u015f hem de yetersiz mi hissediyorsunuz? \u00c7o\u011funlukla me\u015fgul olsan\u0131z da \u00fcretken de\u011fil misiniz?<span class=\"excerpt-hellip\"> [\u2026]<\/span><\/p>\n","protected":false},"featured_media":0,"template":"","meta":{"_monsterinsights_skip_tracking":false,"_monsterinsights_sitenote_active":false,"_monsterinsights_sitenote_note":"","_monsterinsights_sitenote_category":0},"product_brand":[],"product_cat":[12364,12376],"product_tag":[],"class_list":{"0":"post-736376","1":"product","2":"type-product","3":"status-publish","5":"product_cat-genel-konular","6":"product_cat-kisisel-gelisim","7":"pa_cilt-ciltsiz","8":"pa_tur-kitap","9":"pa_yayinevi-nova-kitap","10":"pa_yazar-greg-mckeown","12":"first","13":"instock","14":"sale","15":"shipping-taxable","16":"purchasable","17":"product-type-simple"},"_links":{"self":[{"href":"https:\/\/roveyayinevi.com.tr\/index.php\/wp-json\/wp\/v2\/product\/736376","targetHints":{"allow":["GET"]}}],"collection":[{"href":"https:\/\/roveyayinevi.com.tr\/index.php\/wp-json\/wp\/v2\/product"}],"about":[{"href":"https:\/\/roveyayinevi.com.tr\/index.php\/wp-json\/wp\/v2\/types\/product"}],"wp:attachment":[{"href":"https:\/\/roveyayinevi.com.tr\/index.php\/wp-json\/wp\/v2\/media?parent=736376"}],"wp:term":[{"taxonomy":"product_brand","embeddable":true,"href":"https:\/\/roveyayinevi.com.tr\/index.php\/wp-json\/wp\/v2\/product_brand?post=736376"},{"taxonomy":"product_cat","embeddable":true,"href":"https:\/\/roveyayinevi.com.tr\/index.php\/wp-json\/wp\/v2\/product_cat?post=736376"},{"taxonomy":"product_tag","embeddable":true,"href":"https:\/\/roveyayinevi.com.tr\/index.php\/wp-json\/wp\/v2\/product_tag?post=736376"}],"curies":[{"name":"wp","href":"https:\/\/api.w.org\/{rel}","templated":true}]}}