{"id":736375,"date":"2025-08-27T23:06:27","date_gmt":"2025-08-27T20:06:27","guid":{"rendered":"https:\/\/roveyayinevi.com.tr\/index.php\/urun\/genc-torlessin-buhranlari\/"},"modified":"2026-04-16T02:45:00","modified_gmt":"2026-04-15T23:45:00","slug":"genc-torlessin-buhranlari","status":"publish","type":"product","link":"https:\/\/roveyayinevi.com.tr\/index.php\/urun\/genc-torlessin-buhranlari\/","title":{"rendered":"Gen\u00e7 T\u00f6rless\u2019in Buhranlar\u0131"},"content":{"rendered":"<p>\u201cD\u00f6nemin en iyi yazarlar\u0131ndan Musil\u2019in eseri, ba\u015f\u0131ndan sonuna kadar bir b\u00fct\u00fcnd\u00fcr: Son derece zeki bir duyarl\u0131l\u0131\u011fa sahip bir adam ile onu do\u011furan, hakl\u0131 olarak \u2018lanetli\u2019 olarak adland\u0131raca\u011f\u0131 zamanlar aras\u0131ndaki bir y\u00fczle\u015fmenin kayd\u0131d\u0131r.\u201d  \u2014J. M. Coetzee   Robert Musil ilk roman\u0131 Gen\u00e7 T\u00f6rless\u2019in Buhranlar\u0131\u2019nda, yirminci y\u00fczy\u0131l\u0131n ba\u015f\u0131nda Habsburg \u0130mparatorlu\u011fu\u2019nun \u00fccra b\u00f6lgesindeki bir yat\u0131l\u0131 okulda okuyan toy bir beynin, \u00e7eli\u015fkili hislerle y\u00fczle\u015fmeye \u00e7al\u0131\u015f\u0131rken u\u011frad\u0131\u011f\u0131 psikolojik d\u00f6n\u00fc\u015f\u00fcm\u00fc ele al\u0131yor.   Okuldaki iki \u201ctuhaf fikirli\u201d arkada\u015f\u0131yla olan ili\u015fkisinin \u00e7alkant\u0131lar\u0131 sebebiyle T\u00f6rless, \u00fc\u00e7\u00fcnc\u00fc bir \u00f6\u011frenciyle sadist\u00e7e ve cinsel \u00e7ekimli bir yak\u0131nla\u015fmaya s\u00fcr\u00fcklenir. T\u00f6rless, bu \u00fc\u00e7 arkada\u015f\u0131yla aras\u0131nda ge\u00e7enler neticesinde \u00e7evresine yabanc\u0131la\u015fmaya ba\u015flay\u0131p yava\u015f yava\u015f deneyimlerini kabul etmeye ve bunlar\u0131 zihninde do\u011fru yerlere oturtmaya \u00e7al\u0131\u015f\u0131r.   Musil, Avusturya Askeri Akademisi\u2019ndeki tecr\u00fcbelerine dayanan bu klasik eserinde s\u0131n\u0131r tan\u0131mayan cinselli\u011fi, sadizmi, yeti\u015fkinli\u011fe ge\u00e7i\u015fi ve \u015fiddeti pe\u015fin h\u00fck\u00fcms\u00fcz bir dille anlat\u0131yor. <\/p>\n","protected":false},"excerpt":{"rendered":"<p>\u201cD\u00f6nemin en iyi yazarlar\u0131ndan Musil\u2019in eseri, ba\u015f\u0131ndan sonuna kadar bir b\u00fct\u00fcnd\u00fcr: Son derece zeki bir duyarl\u0131l\u0131\u011fa sahip bir adam ile onu do\u011furan, hakl\u0131 olarak \u2018lanetli\u2019 olarak<span class=\"excerpt-hellip\"> [\u2026]<\/span><\/p>\n","protected":false},"featured_media":0,"template":"","meta":{"_monsterinsights_skip_tracking":false,"_monsterinsights_sitenote_active":false,"_monsterinsights_sitenote_note":"","_monsterinsights_sitenote_category":0},"product_brand":[],"product_cat":[12291,12711],"product_tag":[],"class_list":{"0":"post-736375","1":"product","2":"type-product","3":"status-publish","5":"product_cat-edebiyat","6":"product_cat-roman-oyku","7":"pa_cilt-ciltsiz","8":"pa_tur-kitap","9":"pa_yayinevi-ithaki-yayinlari","10":"pa_yazar-robert-musil","12":"first","13":"instock","14":"sale","15":"shipping-taxable","16":"purchasable","17":"product-type-simple"},"_links":{"self":[{"href":"https:\/\/roveyayinevi.com.tr\/index.php\/wp-json\/wp\/v2\/product\/736375","targetHints":{"allow":["GET"]}}],"collection":[{"href":"https:\/\/roveyayinevi.com.tr\/index.php\/wp-json\/wp\/v2\/product"}],"about":[{"href":"https:\/\/roveyayinevi.com.tr\/index.php\/wp-json\/wp\/v2\/types\/product"}],"wp:attachment":[{"href":"https:\/\/roveyayinevi.com.tr\/index.php\/wp-json\/wp\/v2\/media?parent=736375"}],"wp:term":[{"taxonomy":"product_brand","embeddable":true,"href":"https:\/\/roveyayinevi.com.tr\/index.php\/wp-json\/wp\/v2\/product_brand?post=736375"},{"taxonomy":"product_cat","embeddable":true,"href":"https:\/\/roveyayinevi.com.tr\/index.php\/wp-json\/wp\/v2\/product_cat?post=736375"},{"taxonomy":"product_tag","embeddable":true,"href":"https:\/\/roveyayinevi.com.tr\/index.php\/wp-json\/wp\/v2\/product_tag?post=736375"}],"curies":[{"name":"wp","href":"https:\/\/api.w.org\/{rel}","templated":true}]}}