{"id":736373,"date":"2025-08-27T23:06:25","date_gmt":"2025-08-27T20:06:25","guid":{"rendered":"https:\/\/roveyayinevi.com.tr\/index.php\/urun\/onun-colunde\/"},"modified":"2026-04-16T02:45:00","modified_gmt":"2026-04-15T23:45:00","slug":"onun-colunde","status":"publish","type":"product","link":"https:\/\/roveyayinevi.com.tr\/index.php\/urun\/onun-colunde\/","title":{"rendered":"Onun \u00c7\u00f6l\u00fcnde"},"content":{"rendered":"<p>Sana geldi\u011fimde Kanatlar\u0131m\u0131 Siyah ta\u015flarla \u00f6r\u00fclm\u00fc\u015f O \u0131ss\u0131z \u015fehrin \u00fczerinde a\u00e7acak Buldu\u011fum bir a\u011fac\u0131n dallar\u0131na t\u00fcneyecek Ve ac\u0131yla ba\u011f\u0131racakt\u0131m. Her kad\u0131n kendi a\u011fac\u0131n\u0131 tan\u0131r. U\u00e7tum o gece. Karanl\u0131\u011f\u0131n girmeye korktu\u011fu \u015fehri ge\u00e7tim. G\u00f6lge olmay\u0131nca ruh yaln\u0131zd\u0131. Uludum. <\/p>\n","protected":false},"excerpt":{"rendered":"<p>Sana geldi\u011fimde Kanatlar\u0131m\u0131 Siyah ta\u015flarla \u00f6r\u00fclm\u00fc\u015f O \u0131ss\u0131z \u015fehrin \u00fczerinde a\u00e7acak Buldu\u011fum bir a\u011fac\u0131n dallar\u0131na t\u00fcneyecek Ve ac\u0131yla ba\u011f\u0131racakt\u0131m. Her kad\u0131n kendi a\u011fac\u0131n\u0131 tan\u0131r. U\u00e7tum o<span class=\"excerpt-hellip\"> [\u2026]<\/span><\/p>\n","protected":false},"featured_media":0,"template":"","meta":{"_monsterinsights_skip_tracking":false,"_monsterinsights_sitenote_active":false,"_monsterinsights_sitenote_note":"","_monsterinsights_sitenote_category":0},"product_brand":[],"product_cat":[12291,12509],"product_tag":[],"class_list":{"0":"post-736373","1":"product","2":"type-product","3":"status-publish","5":"product_cat-edebiyat","6":"product_cat-siir","7":"pa_cilt-ciltsiz","8":"pa_tur-kitap","9":"pa_yayinevi-everest-yayinlari","10":"pa_yazar-bejan-matur","12":"first","13":"instock","14":"sale","15":"shipping-taxable","16":"purchasable","17":"product-type-simple"},"_links":{"self":[{"href":"https:\/\/roveyayinevi.com.tr\/index.php\/wp-json\/wp\/v2\/product\/736373","targetHints":{"allow":["GET"]}}],"collection":[{"href":"https:\/\/roveyayinevi.com.tr\/index.php\/wp-json\/wp\/v2\/product"}],"about":[{"href":"https:\/\/roveyayinevi.com.tr\/index.php\/wp-json\/wp\/v2\/types\/product"}],"wp:attachment":[{"href":"https:\/\/roveyayinevi.com.tr\/index.php\/wp-json\/wp\/v2\/media?parent=736373"}],"wp:term":[{"taxonomy":"product_brand","embeddable":true,"href":"https:\/\/roveyayinevi.com.tr\/index.php\/wp-json\/wp\/v2\/product_brand?post=736373"},{"taxonomy":"product_cat","embeddable":true,"href":"https:\/\/roveyayinevi.com.tr\/index.php\/wp-json\/wp\/v2\/product_cat?post=736373"},{"taxonomy":"product_tag","embeddable":true,"href":"https:\/\/roveyayinevi.com.tr\/index.php\/wp-json\/wp\/v2\/product_tag?post=736373"}],"curies":[{"name":"wp","href":"https:\/\/api.w.org\/{rel}","templated":true}]}}