{"id":736372,"date":"2025-08-27T23:06:23","date_gmt":"2025-08-27T20:06:23","guid":{"rendered":"https:\/\/roveyayinevi.com.tr\/index.php\/urun\/kendi-adima\/"},"modified":"2026-04-16T02:45:00","modified_gmt":"2026-04-15T23:45:00","slug":"kendi-adima","status":"publish","type":"product","link":"https:\/\/roveyayinevi.com.tr\/index.php\/urun\/kendi-adima\/","title":{"rendered":"Kendi Ad\u0131ma"},"content":{"rendered":"<p>Bazen okurken t\u00fcm c\u00fcmlelerin alt\u0131n\u0131 \u00e7izebilirsin, \u00f6yle d\u00f6k\u00fclm\u00fc\u015ft\u00fcr ki kalemden ka\u011f\u0131da kelimeler, \u00f6yle iyi durmu\u015flard\u0131r ki yan yana, \u00f6yle dokunurlar ki ruhuna&#8230;Yazar\u0131n ilk, deneme mahiyetindeki kitab\u0131nda her birinde s\u0131cakl\u0131\u011f\u0131n\u0131 hissedece\u011finiz, kendi ya\u015fam\u0131n\u0131z\u0131n ucundan hat\u0131rlayaca\u011f\u0131n\u0131z \u00e7ok\u00e7a, \u015fiir tad\u0131nda ama \u015fiir de\u011fil de\u011fil diyerek okuyaca\u011f\u0131n\u0131z i\u00e7sel duygular\u0131 yer almaktad\u0131r. <\/p>\n","protected":false},"excerpt":{"rendered":"<p>Bazen okurken t\u00fcm c\u00fcmlelerin alt\u0131n\u0131 \u00e7izebilirsin, \u00f6yle d\u00f6k\u00fclm\u00fc\u015ft\u00fcr ki kalemden ka\u011f\u0131da kelimeler, \u00f6yle iyi durmu\u015flard\u0131r ki yan yana, \u00f6yle dokunurlar ki ruhuna&#8230;Yazar\u0131n ilk, deneme mahiyetindeki kitab\u0131nda<span class=\"excerpt-hellip\"> [\u2026]<\/span><\/p>\n","protected":false},"featured_media":0,"template":"","meta":{"_monsterinsights_skip_tracking":false,"_monsterinsights_sitenote_active":false,"_monsterinsights_sitenote_note":"","_monsterinsights_sitenote_category":0},"product_brand":[],"product_cat":[12777,12291],"product_tag":[],"class_list":{"0":"post-736372","1":"product","2":"type-product","3":"status-publish","5":"product_cat-deneme","6":"product_cat-edebiyat","7":"pa_cilt-ciltsiz","8":"pa_tur-kitap","9":"pa_yayinevi-fa-yayinlari","10":"pa_yazar-dilek-sakrakdil","12":"first","13":"instock","14":"sale","15":"shipping-taxable","16":"purchasable","17":"product-type-simple"},"_links":{"self":[{"href":"https:\/\/roveyayinevi.com.tr\/index.php\/wp-json\/wp\/v2\/product\/736372","targetHints":{"allow":["GET"]}}],"collection":[{"href":"https:\/\/roveyayinevi.com.tr\/index.php\/wp-json\/wp\/v2\/product"}],"about":[{"href":"https:\/\/roveyayinevi.com.tr\/index.php\/wp-json\/wp\/v2\/types\/product"}],"wp:attachment":[{"href":"https:\/\/roveyayinevi.com.tr\/index.php\/wp-json\/wp\/v2\/media?parent=736372"}],"wp:term":[{"taxonomy":"product_brand","embeddable":true,"href":"https:\/\/roveyayinevi.com.tr\/index.php\/wp-json\/wp\/v2\/product_brand?post=736372"},{"taxonomy":"product_cat","embeddable":true,"href":"https:\/\/roveyayinevi.com.tr\/index.php\/wp-json\/wp\/v2\/product_cat?post=736372"},{"taxonomy":"product_tag","embeddable":true,"href":"https:\/\/roveyayinevi.com.tr\/index.php\/wp-json\/wp\/v2\/product_tag?post=736372"}],"curies":[{"name":"wp","href":"https:\/\/api.w.org\/{rel}","templated":true}]}}