{"id":736371,"date":"2025-08-27T23:06:23","date_gmt":"2025-08-27T20:06:23","guid":{"rendered":"https:\/\/roveyayinevi.com.tr\/index.php\/urun\/yeniden-hesaplaniyor\/"},"modified":"2026-04-16T02:45:00","modified_gmt":"2026-04-15T23:45:00","slug":"yeniden-hesaplaniyor","status":"publish","type":"product","link":"https:\/\/roveyayinevi.com.tr\/index.php\/urun\/yeniden-hesaplaniyor\/","title":{"rendered":"Yeniden Hesaplan\u0131yor"},"content":{"rendered":"<p>Bazen k\u00fc\u00e7\u00fck bir \u00e2n\u0131m\u0131z, b\u00fct\u00fcn hayat\u0131m\u0131z\u0131n en de\u011ferli \u00f6zetinden ibaret olabiliyor. O y\u00fczden ya\u015fad\u0131\u011f\u0131m\u0131z ya da ya\u015fataca\u011f\u0131m\u0131z en ufak tebess\u00fcmleri yabana atm\u0131yorum. Yaln\u0131z de\u011filiz asl\u0131nda, d\u00fc\u015f\u00fcnd\u00fc\u011f\u00fcm\u00fcz yerdeyiz. &#8220;Yeniden Hesaplan\u0131yor&#8221; engellerin bedenimizde de\u011fil, ruhumuzda; d\u0131\u015f\u0131m\u0131zda de\u011fil, bak\u0131\u015f a\u00e7\u0131m\u0131zda oldu\u011funu hayk\u0131ran bir kitapt\u0131r.<\/p>\n","protected":false},"excerpt":{"rendered":"<p>Bazen k\u00fc\u00e7\u00fck bir \u00e2n\u0131m\u0131z, b\u00fct\u00fcn hayat\u0131m\u0131z\u0131n en de\u011ferli \u00f6zetinden ibaret olabiliyor. O y\u00fczden ya\u015fad\u0131\u011f\u0131m\u0131z ya da ya\u015fataca\u011f\u0131m\u0131z en ufak tebess\u00fcmleri yabana atm\u0131yorum. Yaln\u0131z de\u011filiz asl\u0131nda, d\u00fc\u015f\u00fcnd\u00fc\u011f\u00fcm\u00fcz<span class=\"excerpt-hellip\"> [\u2026]<\/span><\/p>\n","protected":false},"featured_media":0,"template":"","meta":{"_monsterinsights_skip_tracking":false,"_monsterinsights_sitenote_active":false,"_monsterinsights_sitenote_note":"","_monsterinsights_sitenote_category":0},"product_brand":[],"product_cat":[12364,12376],"product_tag":[],"class_list":{"0":"post-736371","1":"product","2":"type-product","3":"status-publish","5":"product_cat-genel-konular","6":"product_cat-kisisel-gelisim","7":"pa_cilt-ciltsiz","8":"pa_tur-kitap","9":"pa_yayinevi-fa-yayinlari","10":"pa_yazar-veysel-tekye","12":"first","13":"instock","14":"sale","15":"shipping-taxable","16":"purchasable","17":"product-type-simple"},"_links":{"self":[{"href":"https:\/\/roveyayinevi.com.tr\/index.php\/wp-json\/wp\/v2\/product\/736371","targetHints":{"allow":["GET"]}}],"collection":[{"href":"https:\/\/roveyayinevi.com.tr\/index.php\/wp-json\/wp\/v2\/product"}],"about":[{"href":"https:\/\/roveyayinevi.com.tr\/index.php\/wp-json\/wp\/v2\/types\/product"}],"wp:attachment":[{"href":"https:\/\/roveyayinevi.com.tr\/index.php\/wp-json\/wp\/v2\/media?parent=736371"}],"wp:term":[{"taxonomy":"product_brand","embeddable":true,"href":"https:\/\/roveyayinevi.com.tr\/index.php\/wp-json\/wp\/v2\/product_brand?post=736371"},{"taxonomy":"product_cat","embeddable":true,"href":"https:\/\/roveyayinevi.com.tr\/index.php\/wp-json\/wp\/v2\/product_cat?post=736371"},{"taxonomy":"product_tag","embeddable":true,"href":"https:\/\/roveyayinevi.com.tr\/index.php\/wp-json\/wp\/v2\/product_tag?post=736371"}],"curies":[{"name":"wp","href":"https:\/\/api.w.org\/{rel}","templated":true}]}}