{"id":736370,"date":"2025-08-27T23:06:22","date_gmt":"2025-08-27T20:06:22","guid":{"rendered":"https:\/\/roveyayinevi.com.tr\/index.php\/urun\/esitsizligin-kokeni\/"},"modified":"2026-04-16T02:45:00","modified_gmt":"2026-04-15T23:45:00","slug":"esitsizligin-kokeni","status":"publish","type":"product","link":"https:\/\/roveyayinevi.com.tr\/index.php\/urun\/esitsizligin-kokeni\/","title":{"rendered":"E\u015fitsizli\u011fin K\u00f6keni"},"content":{"rendered":"<p>&#8220;\u0130nsan toplumuna sakin ve \u00f6nyarg\u0131s\u0131z bir g\u00f6zle bakarsak, ilk olarak g\u00fc\u00e7l\u00fcn\u00fcn sergiledi\u011fi \u015fiddeti ve zay\u0131f\u0131n \u00e7ekti\u011fi eziyeti g\u00f6r\u00fcr\u00fcz. Baz\u0131lar\u0131n\u0131n ac\u0131mas\u0131zl\u0131\u011f\u0131na \u015fa\u015f\u0131r\u0131r di\u011ferlerinin \u00e7aresizli\u011fine g\u00f6zya\u015f\u0131 d\u00f6kmeye meylederiz. Bilgelikte \u00e7ok rastlant\u0131 eseri olu\u015fan zay\u0131fl\u0131k ve g\u00fc\u00e7; zenginlik ve yoksulluk olarak adland\u0131r\u0131lan bu harici ili\u015fkilerden daha kal\u0131c\u0131 bir \u015fey olmad\u0131\u011f\u0131ndan dolay\u0131 hayatta t\u00fcm insanl\u0131k kurumlar\u0131 ilk bak\u0131\u015fta batakl\u0131k \u00fczerine in\u015fa edilmi\u015f gibi g\u00f6r\u00fcl\u00fcr.&#8221;Rousseau&#8217;nun insanl\u0131\u011f\u0131n sosyal ve politik geli\u015fimine ili\u015fkin kapsaml\u0131 a\u00e7\u0131klamas\u0131, ayd\u0131nlanman\u0131n yenilik\u00e7i cesaretini \u00f6zetler. Bu kitap, 18. y\u00fczy\u0131l\u0131n en k\u0131\u015fk\u0131rt\u0131c\u0131 eserlerinden biridir.<\/p>\n","protected":false},"excerpt":{"rendered":"<p>&#8220;\u0130nsan toplumuna sakin ve \u00f6nyarg\u0131s\u0131z bir g\u00f6zle bakarsak, ilk olarak g\u00fc\u00e7l\u00fcn\u00fcn sergiledi\u011fi \u015fiddeti ve zay\u0131f\u0131n \u00e7ekti\u011fi eziyeti g\u00f6r\u00fcr\u00fcz. Baz\u0131lar\u0131n\u0131n ac\u0131mas\u0131zl\u0131\u011f\u0131na \u015fa\u015f\u0131r\u0131r di\u011ferlerinin \u00e7aresizli\u011fine g\u00f6zya\u015f\u0131 d\u00f6kmeye meylederiz.<span class=\"excerpt-hellip\"> [\u2026]<\/span><\/p>\n","protected":false},"featured_media":0,"template":"","meta":{"_monsterinsights_skip_tracking":false,"_monsterinsights_sitenote_active":false,"_monsterinsights_sitenote_note":"","_monsterinsights_sitenote_category":0},"product_brand":[],"product_cat":[14787,13488],"product_tag":[],"class_list":{"0":"post-736370","1":"product","2":"type-product","3":"status-publish","5":"product_cat-diger-toplum-ve-insan","6":"product_cat-toplum-ve-insan","7":"pa_cilt-ciltsiz","8":"pa_tur-kitap","9":"pa_yayinevi-fa-yayinlari","10":"pa_yazar-jean-jacques-rousseau","12":"first","13":"instock","14":"sale","15":"shipping-taxable","16":"purchasable","17":"product-type-simple"},"_links":{"self":[{"href":"https:\/\/roveyayinevi.com.tr\/index.php\/wp-json\/wp\/v2\/product\/736370","targetHints":{"allow":["GET"]}}],"collection":[{"href":"https:\/\/roveyayinevi.com.tr\/index.php\/wp-json\/wp\/v2\/product"}],"about":[{"href":"https:\/\/roveyayinevi.com.tr\/index.php\/wp-json\/wp\/v2\/types\/product"}],"wp:attachment":[{"href":"https:\/\/roveyayinevi.com.tr\/index.php\/wp-json\/wp\/v2\/media?parent=736370"}],"wp:term":[{"taxonomy":"product_brand","embeddable":true,"href":"https:\/\/roveyayinevi.com.tr\/index.php\/wp-json\/wp\/v2\/product_brand?post=736370"},{"taxonomy":"product_cat","embeddable":true,"href":"https:\/\/roveyayinevi.com.tr\/index.php\/wp-json\/wp\/v2\/product_cat?post=736370"},{"taxonomy":"product_tag","embeddable":true,"href":"https:\/\/roveyayinevi.com.tr\/index.php\/wp-json\/wp\/v2\/product_tag?post=736370"}],"curies":[{"name":"wp","href":"https:\/\/api.w.org\/{rel}","templated":true}]}}