{"id":736369,"date":"2025-08-27T23:06:21","date_gmt":"2025-08-27T20:06:21","guid":{"rendered":"https:\/\/roveyayinevi.com.tr\/index.php\/urun\/antik-yunan-hikayeleri\/"},"modified":"2026-04-16T02:45:00","modified_gmt":"2026-04-15T23:45:00","slug":"antik-yunan-hikayeleri","status":"publish","type":"product","link":"https:\/\/roveyayinevi.com.tr\/index.php\/urun\/antik-yunan-hikayeleri\/","title":{"rendered":"Antik Yunan Hikayeleri"},"content":{"rendered":"<p>Antik Yunan Hikayeleri kitab\u0131, gen\u00e7lerin ve mitoloji okumaya yeni ba\u015flayanlar\u0131n, fabl&#8217;lar\u0131n ve d\u00fcnya hazinesinin par\u00e7alar\u0131ndan bir k\u0131sm\u0131n\u0131 \u00f6\u011frenmesi i\u00e7in yaz\u0131lm\u0131\u015ft\u0131r. Ger\u00e7ekler, Herodotus, Thucydides, Xenophon ve Plutarch&#8217;\u0131n anlatt\u0131\u011f\u0131 tarzda verilmi\u015ftir. Bu kitap, g\u00fcn\u00fcm\u00fcz\u00fcn kitaplar\u0131nda ve filmlerinde pop\u00fcler olan kahramanlar\u0131n, k\u00f6t\u00fc adamlar\u0131n, tanr\u0131lar\u0131n ve tanr\u0131\u00e7alar\u0131n arka plan\u0131n\u0131 ke\u015ffetmenizi sa\u011flayacakt\u0131r. Karakterlerin adlar\u0131n\u0131, rollerini, sembollerini ve temel mitleri \u00f6zetleyen bu kitap, karakter odakl\u0131 referans bir kitapt\u0131r.<\/p>\n","protected":false},"excerpt":{"rendered":"<p>Antik Yunan Hikayeleri kitab\u0131, gen\u00e7lerin ve mitoloji okumaya yeni ba\u015flayanlar\u0131n, fabl&#8217;lar\u0131n ve d\u00fcnya hazinesinin par\u00e7alar\u0131ndan bir k\u0131sm\u0131n\u0131 \u00f6\u011frenmesi i\u00e7in yaz\u0131lm\u0131\u015ft\u0131r. Ger\u00e7ekler, Herodotus, Thucydides, Xenophon ve Plutarch&#8217;\u0131n<span class=\"excerpt-hellip\"> [\u2026]<\/span><\/p>\n","protected":false},"featured_media":0,"template":"","meta":{"_monsterinsights_skip_tracking":false,"_monsterinsights_sitenote_active":false,"_monsterinsights_sitenote_note":"","_monsterinsights_sitenote_category":0},"product_brand":[],"product_cat":[12291,18202],"product_tag":[],"class_list":{"0":"post-736369","1":"product","2":"type-product","3":"status-publish","5":"product_cat-edebiyat","6":"product_cat-hikaye","7":"pa_cilt-ciltsiz","8":"pa_tur-kitap","9":"pa_yayinevi-fa-yayinlari","10":"pa_yazar-charles-dannelly","12":"first","13":"instock","14":"sale","15":"shipping-taxable","16":"purchasable","17":"product-type-simple"},"_links":{"self":[{"href":"https:\/\/roveyayinevi.com.tr\/index.php\/wp-json\/wp\/v2\/product\/736369","targetHints":{"allow":["GET"]}}],"collection":[{"href":"https:\/\/roveyayinevi.com.tr\/index.php\/wp-json\/wp\/v2\/product"}],"about":[{"href":"https:\/\/roveyayinevi.com.tr\/index.php\/wp-json\/wp\/v2\/types\/product"}],"wp:attachment":[{"href":"https:\/\/roveyayinevi.com.tr\/index.php\/wp-json\/wp\/v2\/media?parent=736369"}],"wp:term":[{"taxonomy":"product_brand","embeddable":true,"href":"https:\/\/roveyayinevi.com.tr\/index.php\/wp-json\/wp\/v2\/product_brand?post=736369"},{"taxonomy":"product_cat","embeddable":true,"href":"https:\/\/roveyayinevi.com.tr\/index.php\/wp-json\/wp\/v2\/product_cat?post=736369"},{"taxonomy":"product_tag","embeddable":true,"href":"https:\/\/roveyayinevi.com.tr\/index.php\/wp-json\/wp\/v2\/product_tag?post=736369"}],"curies":[{"name":"wp","href":"https:\/\/api.w.org\/{rel}","templated":true}]}}