{"id":736368,"date":"2025-08-27T23:06:20","date_gmt":"2025-08-27T20:06:20","guid":{"rendered":"https:\/\/roveyayinevi.com.tr\/index.php\/urun\/turkiyede-anayasal-denetimin-ekonomik-analizi\/"},"modified":"2026-04-16T02:45:00","modified_gmt":"2026-04-15T23:45:00","slug":"turkiyede-anayasal-denetimin-ekonomik-analizi","status":"publish","type":"product","link":"https:\/\/roveyayinevi.com.tr\/index.php\/urun\/turkiyede-anayasal-denetimin-ekonomik-analizi\/","title":{"rendered":"T\u00fcrkiye&#8217;de Anayasal Denetimin Ekonomik Analizi"},"content":{"rendered":"<p>\u00dclkemizde, y\u00fcr\u00fcrl\u00fckte bulunan 1982 Anayasas\u0131, 1984-2014 y\u0131llar\u0131 aras\u0131nda 18 defa, dar veya geni\u015f \u00e7apl\u0131, de\u011fi\u015fikli\u011fe u\u011frad\u0131. Bu d\u00f6nem boyunca, biri vekaleten olmak \u00fczere toplam 7 Cumhurba\u015fkan\u0131 g\u00f6revdeydi ve 3 Cumhurba\u015fkan\u0131 hi\u00e7 Anayasa Mahkemesi\u2019ne iptal davas\u0131 ba\u015fvurusunda bulunmad\u0131. Yine bu d\u00f6nemde, 8 adet milletvekili genel se\u00e7imi yap\u0131ld\u0131, 18 adet h\u00fck\u00fcmet kuruldu, genel se\u00e7imlerle olu\u015fan TBMM\u2019nin \u00fcyeleri (Cumhurba\u015fkanlar\u0131, ana muhalefet partileri ve milletvekilleri) 498 defa Anayasa Mahkemesi\u2019ne iptal davas\u0131 ba\u015fvurusunda bulundular. Bu \u00e7al\u0131\u015fman\u0131n kapsam\u0131na giren 419 adet iptal davas\u0131 i\u00e7in 71 adet h\u00e2kim, 2.439 adet oylamada, 31.556 adet oy kulland\u0131. Neticede, bu kararlarla Anayasa Mahkemesi; ba\u015fta iktisadi, siyasi ve hukuki olmak \u00fczere bir\u00e7ok alanda \u201cetkili\u201d bir kurumsal fakt\u00f6r olarak yer ald\u0131. Bahsi ge\u00e7en etkinin ve kurumsal duru\u015fun \u00f6nemi nereden gelmektedir? Hukuk sisteminin veya daha \u00f6zel ifadesiyle anayasa mahkemelerinin etkisi ve kurumsal duru\u015fu hangi fakt\u00f6rlere ba\u011fl\u0131 olabilir? Bunlar\u0131 bilmek ve gelecekte anayasa mahkemelerinin nas\u0131l davranaca\u011f\u0131n\u0131 tahmin etmeye \u00e7al\u0131\u015fmak, iktisadi birimler i\u00e7in ne anlam ifade eder? Bu ve benzeri sorular\u0131n cevaplar\u0131, Hukuk ve \u0130ktisat literat\u00fcr\u00fc kapsam\u0131nda, bir\u00e7ok \u00fclke ve bir\u00e7ok d\u00f6nem i\u00e7in \u00e7e\u015fitli ara\u015ft\u0131rmac\u0131lar taraf\u0131ndan sorulmu\u015f ve cevaplar al\u0131nm\u0131\u015ft\u0131r. Bu \u00e7al\u0131\u015fma, bahsedilen sorular\u0131, iktisat bilimi \u00e7er\u00e7evesinde, T\u00fcrk Anayasa Mahkemesi i\u00e7in ara\u015ft\u0131rmaktad\u0131r.<\/p>\n","protected":false},"excerpt":{"rendered":"<p>\u00dclkemizde, y\u00fcr\u00fcrl\u00fckte bulunan 1982 Anayasas\u0131, 1984-2014 y\u0131llar\u0131 aras\u0131nda 18 defa, dar veya geni\u015f \u00e7apl\u0131, de\u011fi\u015fikli\u011fe u\u011frad\u0131. Bu d\u00f6nem boyunca, biri vekaleten olmak \u00fczere toplam 7 Cumhurba\u015fkan\u0131<span class=\"excerpt-hellip\"> [\u2026]<\/span><\/p>\n","protected":false},"featured_media":0,"template":"","meta":{"_monsterinsights_skip_tracking":false,"_monsterinsights_sitenote_active":false,"_monsterinsights_sitenote_note":"","_monsterinsights_sitenote_category":0},"product_brand":[],"product_cat":[14841,13043],"product_tag":[],"class_list":{"0":"post-736368","1":"product","2":"type-product","3":"status-publish","5":"product_cat-arastirma-inceleme-kuram","6":"product_cat-ekonomi","7":"pa_cilt-ciltsiz","8":"pa_tur-kitap","9":"pa_yayinevi-efil-yayinevi","10":"pa_yazar-ali-piskin","12":"first","13":"instock","14":"sale","15":"shipping-taxable","16":"purchasable","17":"product-type-simple"},"_links":{"self":[{"href":"https:\/\/roveyayinevi.com.tr\/index.php\/wp-json\/wp\/v2\/product\/736368","targetHints":{"allow":["GET"]}}],"collection":[{"href":"https:\/\/roveyayinevi.com.tr\/index.php\/wp-json\/wp\/v2\/product"}],"about":[{"href":"https:\/\/roveyayinevi.com.tr\/index.php\/wp-json\/wp\/v2\/types\/product"}],"wp:attachment":[{"href":"https:\/\/roveyayinevi.com.tr\/index.php\/wp-json\/wp\/v2\/media?parent=736368"}],"wp:term":[{"taxonomy":"product_brand","embeddable":true,"href":"https:\/\/roveyayinevi.com.tr\/index.php\/wp-json\/wp\/v2\/product_brand?post=736368"},{"taxonomy":"product_cat","embeddable":true,"href":"https:\/\/roveyayinevi.com.tr\/index.php\/wp-json\/wp\/v2\/product_cat?post=736368"},{"taxonomy":"product_tag","embeddable":true,"href":"https:\/\/roveyayinevi.com.tr\/index.php\/wp-json\/wp\/v2\/product_tag?post=736368"}],"curies":[{"name":"wp","href":"https:\/\/api.w.org\/{rel}","templated":true}]}}