{"id":736367,"date":"2025-08-27T23:06:19","date_gmt":"2025-08-27T20:06:19","guid":{"rendered":"https:\/\/roveyayinevi.com.tr\/index.php\/urun\/siire-dokunmak\/"},"modified":"2026-04-16T02:45:00","modified_gmt":"2026-04-15T23:45:00","slug":"siire-dokunmak","status":"publish","type":"product","link":"https:\/\/roveyayinevi.com.tr\/index.php\/urun\/siire-dokunmak\/","title":{"rendered":"\u015eiire Dokunmak"},"content":{"rendered":"<p>\u015eiir \u00f6ncelikle y\u00fcrek i\u015fidir. \u015eairin, kalemini \u00f6nce y\u00fcre\u011fine band\u0131r\u0131p ruhundaki \u015fiiri \u00f6yle k\u00e2\u011f\u0131da aktarmas\u0131 gerekir. Bunu ba\u015farabilen ki\u015filerin \u015fiirleri de okurlar\u0131n g\u00f6n\u00fcl telini mutlaka titretecektir. Elinizdeki kitapta, anlam d\u00fcnyas\u0131 derin oldu\u011fu kadar, duygu sa\u011fana\u011f\u0131 olu\u015fturma potansiyelini de bar\u0131nd\u0131ran \u015fiirler okuyacaks\u0131n\u0131z. \u015eairimizin ince bir kalem i\u015f\u00e7ili\u011fiyle olu\u015fturdu\u011fu m\u0131sralardan, pay\u0131n\u0131za d\u00fc\u015fenleri heybenize doldurdu\u011funuzda estetik bir lezzet tadacaks\u0131n\u0131z. Hakiki sanat\u0131n en b\u00fcy\u00fck i\u015flevlerinden birisi de bu de\u011fil midir zaten&#8230; Ger\u00e7ek bir okuru; hayata dokunan, derin ve manal\u0131 s\u00f6zc\u00fck \u00e7a\u011flayanlar\u0131 kadar ba\u015fka ne mutlu edebilir ki? <\/p>\n","protected":false},"excerpt":{"rendered":"<p>\u015eiir \u00f6ncelikle y\u00fcrek i\u015fidir. \u015eairin, kalemini \u00f6nce y\u00fcre\u011fine band\u0131r\u0131p ruhundaki \u015fiiri \u00f6yle k\u00e2\u011f\u0131da aktarmas\u0131 gerekir. Bunu ba\u015farabilen ki\u015filerin \u015fiirleri de okurlar\u0131n g\u00f6n\u00fcl telini mutlaka titretecektir. Elinizdeki<span class=\"excerpt-hellip\"> [\u2026]<\/span><\/p>\n","protected":false},"featured_media":0,"template":"","meta":{"_monsterinsights_skip_tracking":false,"_monsterinsights_sitenote_active":false,"_monsterinsights_sitenote_note":"","_monsterinsights_sitenote_category":0},"product_brand":[],"product_cat":[12291,12509],"product_tag":[],"class_list":{"0":"post-736367","1":"product","2":"type-product","3":"status-publish","5":"product_cat-edebiyat","6":"product_cat-siir","7":"pa_cilt-ciltsiz","8":"pa_tur-kitap","9":"pa_yayinevi-servet-yayinevi","10":"pa_yazar-serdar-satur","12":"first","13":"instock","14":"sale","15":"shipping-taxable","16":"purchasable","17":"product-type-simple"},"_links":{"self":[{"href":"https:\/\/roveyayinevi.com.tr\/index.php\/wp-json\/wp\/v2\/product\/736367","targetHints":{"allow":["GET"]}}],"collection":[{"href":"https:\/\/roveyayinevi.com.tr\/index.php\/wp-json\/wp\/v2\/product"}],"about":[{"href":"https:\/\/roveyayinevi.com.tr\/index.php\/wp-json\/wp\/v2\/types\/product"}],"wp:attachment":[{"href":"https:\/\/roveyayinevi.com.tr\/index.php\/wp-json\/wp\/v2\/media?parent=736367"}],"wp:term":[{"taxonomy":"product_brand","embeddable":true,"href":"https:\/\/roveyayinevi.com.tr\/index.php\/wp-json\/wp\/v2\/product_brand?post=736367"},{"taxonomy":"product_cat","embeddable":true,"href":"https:\/\/roveyayinevi.com.tr\/index.php\/wp-json\/wp\/v2\/product_cat?post=736367"},{"taxonomy":"product_tag","embeddable":true,"href":"https:\/\/roveyayinevi.com.tr\/index.php\/wp-json\/wp\/v2\/product_tag?post=736367"}],"curies":[{"name":"wp","href":"https:\/\/api.w.org\/{rel}","templated":true}]}}