{"id":736366,"date":"2025-08-27T23:06:18","date_gmt":"2025-08-27T20:06:18","guid":{"rendered":"https:\/\/roveyayinevi.com.tr\/index.php\/urun\/materyal-kultur-ve-insan\/"},"modified":"2026-04-16T02:45:00","modified_gmt":"2026-04-15T23:45:00","slug":"materyal-kultur-ve-insan","status":"publish","type":"product","link":"https:\/\/roveyayinevi.com.tr\/index.php\/urun\/materyal-kultur-ve-insan\/","title":{"rendered":"Materyal K\u00fclt\u00fcr Ve \u0130nsan"},"content":{"rendered":"<p>\u201cMateryal K\u00fclt\u00fcr ve \u0130nsan\u201d ba\u015fl\u0131\u011f\u0131n\u0131 ta\u015f\u0131yan, elinizde tuttu\u011funuzkitap, g\u00fcnl\u00fck ya\u015fam\u0131n i\u00e7inde g\u00f6rmedi\u011finiz, fark\u0131na varmad\u0131\u011f\u0131n\u0131zbir\u00e7ok nesneyi g\u00f6rmenizi, hatta daha farkl\u0131 \u015fekilde g\u00f6rmenizisa\u011flayacakt\u0131r. Bulundu\u011funuz d\u00fcnyay\u0131 farkl\u0131 bir g\u00f6zle g\u00f6rmenizi\u00e7in rehber olacakt\u0131r. Bunu yaparken size nas\u0131l bakman\u0131z\u0131\u00f6\u011fretmek yerine demokratik bir ili\u015fki s\u00fcrecinde, i\u00e7inde yer alanher ayr\u0131 b\u00f6l\u00fcmde sizi bir ba\u015fka boyuta ta\u015f\u0131yacakt\u0131r. \u0130\u00e7indebulundu\u011funuz d\u00fcnyay\u0131 hep birlikte anlamaya, sizinle birlikteyorum yapmaya ba\u015flayacakt\u0131r. Sizinle tart\u0131\u015facak, sizi hakl\u0131 veyahaks\u0131z \u00e7\u0131karacakt\u0131r. Kitap i\u00e7inde yer alan bir\u00e7ok \u00e7al\u0131\u015fman\u0131n, sizesunaca\u011f\u0131 perspektifler yan\u0131nda materyal k\u00fclt\u00fcr \u00f6\u011felerinin sizitekrardan anlamland\u0131rmas\u0131na, sorgulamas\u0131na ve kurgulamas\u0131nafark\u0131nda olmadan tan\u0131k olacaks\u0131n\u0131z. Bu \u00e7al\u0131\u015fmalar izin verdi\u011finiz\u00f6l\u00e7\u00fcde ve buna ba\u011fl\u0131 olarak bir yap\u0131 bozum yoluna da gidecektir.B\u00f6ylece, i\u00e7inde bulundu\u011fumuz d\u00fcnyan\u0131n aktif akt\u00f6rleri olarak,k\u00fcresel kontekst i\u00e7inde yerinizi belirlemenize ve kendinize dairyeni anlamlar \u00fcretmenize yard\u0131mc\u0131 olacakt\u0131r.Bu kitap, ba\u015fta arkeoloji ve antropoloji olmak \u00fczere sosyoloji,mimarl\u0131k, felsefe g\u00fczel sanatlar ve dizayn \u00e7al\u0131\u015fmalar\u0131na y\u00f6nelmi\u015f,\u00f6z\u00fcnde nesneleri inceleyen, onlarla \u00e7al\u0131\u015fan veya ara\u015ft\u0131rmalar\u0131n\u0131nmerkezine materyal k\u00fclt\u00fcr \u00f6\u011felerini koyan bir\u00e7ok bilim insan\u0131,ara\u015ft\u0131rmac\u0131, e\u011fitimci ve \u00f6\u011frencinin ilgisini \u00e7ekecektir. Bu a\u00e7\u0131danele al\u0131nd\u0131\u011f\u0131nda, alan\u0131nda genel bir ba\u015fvuru kitab\u0131 ve bir\u00e7ok bilimseltart\u0131\u015fman\u0131n da oda\u011f\u0131 olacakt\u0131r.<\/p>\n","protected":false},"excerpt":{"rendered":"<p>\u201cMateryal K\u00fclt\u00fcr ve \u0130nsan\u201d ba\u015fl\u0131\u011f\u0131n\u0131 ta\u015f\u0131yan, elinizde tuttu\u011funuzkitap, g\u00fcnl\u00fck ya\u015fam\u0131n i\u00e7inde g\u00f6rmedi\u011finiz, fark\u0131na varmad\u0131\u011f\u0131n\u0131zbir\u00e7ok nesneyi g\u00f6rmenizi, hatta daha farkl\u0131 \u015fekilde g\u00f6rmenizisa\u011flayacakt\u0131r. Bulundu\u011funuz d\u00fcnyay\u0131 farkl\u0131 bir g\u00f6zle<span class=\"excerpt-hellip\"> [\u2026]<\/span><\/p>\n","protected":false},"featured_media":0,"template":"","meta":{"_monsterinsights_skip_tracking":false,"_monsterinsights_sitenote_active":false,"_monsterinsights_sitenote_note":"","_monsterinsights_sitenote_category":0},"product_brand":[],"product_cat":[44608,12408],"product_tag":[],"class_list":{"0":"post-736366","1":"product","2":"type-product","3":"status-publish","5":"product_cat-diger-sanat","6":"product_cat-sanat","7":"pa_cilt-ciltsiz","8":"pa_tur-kitap","9":"pa_yayinevi-bilgin-kultur-sanat","10":"pa_yazar-adnan-baysal","12":"first","13":"instock","14":"sale","15":"shipping-taxable","16":"purchasable","17":"product-type-simple"},"_links":{"self":[{"href":"https:\/\/roveyayinevi.com.tr\/index.php\/wp-json\/wp\/v2\/product\/736366","targetHints":{"allow":["GET"]}}],"collection":[{"href":"https:\/\/roveyayinevi.com.tr\/index.php\/wp-json\/wp\/v2\/product"}],"about":[{"href":"https:\/\/roveyayinevi.com.tr\/index.php\/wp-json\/wp\/v2\/types\/product"}],"wp:attachment":[{"href":"https:\/\/roveyayinevi.com.tr\/index.php\/wp-json\/wp\/v2\/media?parent=736366"}],"wp:term":[{"taxonomy":"product_brand","embeddable":true,"href":"https:\/\/roveyayinevi.com.tr\/index.php\/wp-json\/wp\/v2\/product_brand?post=736366"},{"taxonomy":"product_cat","embeddable":true,"href":"https:\/\/roveyayinevi.com.tr\/index.php\/wp-json\/wp\/v2\/product_cat?post=736366"},{"taxonomy":"product_tag","embeddable":true,"href":"https:\/\/roveyayinevi.com.tr\/index.php\/wp-json\/wp\/v2\/product_tag?post=736366"}],"curies":[{"name":"wp","href":"https:\/\/api.w.org\/{rel}","templated":true}]}}