{"id":736365,"date":"2025-08-27T23:06:17","date_gmt":"2025-08-27T20:06:17","guid":{"rendered":"https:\/\/roveyayinevi.com.tr\/index.php\/urun\/eski-yakindoguda-miras-anlayisi\/"},"modified":"2026-04-16T02:45:00","modified_gmt":"2026-04-15T23:45:00","slug":"eski-yakindoguda-miras-anlayisi","status":"publish","type":"product","link":"https:\/\/roveyayinevi.com.tr\/index.php\/urun\/eski-yakindoguda-miras-anlayisi\/","title":{"rendered":"Eski Yak\u0131ndo\u011fu&#8217;da Miras Anlay\u0131\u015f\u0131"},"content":{"rendered":"<p>Eski Yak\u0131ndo\u011fu i\u00e7in kabaca co\u011frafi ve k\u00fclt\u00fcrel bir s\u0131n\u0131r \u00e7izmek gerekirse, do\u011fuda \u0130ran, bat\u0131da K\u0131z\u0131ldeniz ve Akdeniz, kuzeyde Anadolu ve g\u00fcneyde Arap Yar\u0131madas\u0131\u2019n\u0131 i\u00e7ine alan geni\u015f bir b\u00f6lgeden s\u00f6z edilebilir. Tarih \u00f6ncesidevirlerden itibaren medeniyetin b\u00fct\u00fcn ser\u00fcvenine ev sahipli\u011fi yapm\u0131\u015f olan bu b\u00fcy\u00fck co\u011frafyada, farkl\u0131 k\u00fclt\u00fcrel \u00f6zelliklere sahip kavimler yan yana ve i\u00e7 i\u00e7e ya\u015fam\u0131\u015flard\u0131r. Bu kavimlerin sahip olduklar\u0131 maddi ve manevi miras\u0131n, sonraki ku\u015fak ve k\u00fclt\u00fcrlere nas\u0131l aktar\u0131ld\u0131\u011f\u0131; bu ba\u011flamda sosyal, siyasal, dini ve ekonomik a\u00e7\u0131dan hangi hassasiyetlere dikkat edildi\u011fi; ticaret, sat\u0131n alma ve sava\u015f yoluyla elde edilen ta\u015f\u0131n\u0131r-ta\u015f\u0131nmaz mallar\u0131n miras payla\u015f\u0131m\u0131nda hangi hukuki ve geleneksel usullere t\u00e2bi tutuldu\u011fu; vasiyetnamelerin tipolojik vei\u00e7erik \u00f6zellikleri; miras payla\u015f\u0131m\u0131na ili\u015fkin aile i\u00e7i \u00e7eki\u015fmeler; tercihli v\u00e2risler; kad\u0131nlar\u0131n miras haklar\u0131; mirastan mahrum b\u0131rak\u0131lma gibi konular eserde ele al\u0131nm\u0131\u015ft\u0131r.<\/p>\n","protected":false},"excerpt":{"rendered":"<p>Eski Yak\u0131ndo\u011fu i\u00e7in kabaca co\u011frafi ve k\u00fclt\u00fcrel bir s\u0131n\u0131r \u00e7izmek gerekirse, do\u011fuda \u0130ran, bat\u0131da K\u0131z\u0131ldeniz ve Akdeniz, kuzeyde Anadolu ve g\u00fcneyde Arap Yar\u0131madas\u0131\u2019n\u0131 i\u00e7ine alan geni\u015f<span class=\"excerpt-hellip\"> [\u2026]<\/span><\/p>\n","protected":false},"featured_media":0,"template":"","meta":{"_monsterinsights_skip_tracking":false,"_monsterinsights_sitenote_active":false,"_monsterinsights_sitenote_note":"","_monsterinsights_sitenote_category":0},"product_brand":[],"product_cat":[12370,12304],"product_tag":[],"class_list":{"0":"post-736365","1":"product","2":"type-product","3":"status-publish","5":"product_cat-arastirma-inceleme","6":"product_cat-tarih","7":"pa_cilt-ciltsiz","8":"pa_tur-kitap","9":"pa_yayinevi-bilgin-kultur-sanat","10":"pa_yazar-irfan-albayrak","12":"first","13":"instock","14":"sale","15":"shipping-taxable","16":"purchasable","17":"product-type-simple"},"_links":{"self":[{"href":"https:\/\/roveyayinevi.com.tr\/index.php\/wp-json\/wp\/v2\/product\/736365","targetHints":{"allow":["GET"]}}],"collection":[{"href":"https:\/\/roveyayinevi.com.tr\/index.php\/wp-json\/wp\/v2\/product"}],"about":[{"href":"https:\/\/roveyayinevi.com.tr\/index.php\/wp-json\/wp\/v2\/types\/product"}],"wp:attachment":[{"href":"https:\/\/roveyayinevi.com.tr\/index.php\/wp-json\/wp\/v2\/media?parent=736365"}],"wp:term":[{"taxonomy":"product_brand","embeddable":true,"href":"https:\/\/roveyayinevi.com.tr\/index.php\/wp-json\/wp\/v2\/product_brand?post=736365"},{"taxonomy":"product_cat","embeddable":true,"href":"https:\/\/roveyayinevi.com.tr\/index.php\/wp-json\/wp\/v2\/product_cat?post=736365"},{"taxonomy":"product_tag","embeddable":true,"href":"https:\/\/roveyayinevi.com.tr\/index.php\/wp-json\/wp\/v2\/product_tag?post=736365"}],"curies":[{"name":"wp","href":"https:\/\/api.w.org\/{rel}","templated":true}]}}