{"id":736364,"date":"2025-08-27T23:06:16","date_gmt":"2025-08-27T20:06:16","guid":{"rendered":"https:\/\/roveyayinevi.com.tr\/index.php\/urun\/arisin-yolculugu-dunya\/"},"modified":"2026-04-16T02:45:00","modified_gmt":"2026-04-15T23:45:00","slug":"arisin-yolculugu-dunya","status":"publish","type":"product","link":"https:\/\/roveyayinevi.com.tr\/index.php\/urun\/arisin-yolculugu-dunya\/","title":{"rendered":"Aris\u2019in Yolculu\u011fu D\u00fcnya"},"content":{"rendered":"<p>Aris, Dadu gezegeninden ayr\u0131l\u0131p D\u00fcnya yolculu\u011funa \u00e7\u0131kt\u0131\u011f\u0131ndan beri t\u00fcrl\u00fc tehlikeler atlatm\u0131\u015ft\u0131. \u015eimdi, uzay gemisi Jeba&#8217;n\u0131n penceresinden D\u00fcnya&#8217;ya bakarken b\u00fct\u00fcn o zorluklara de\u011fdi\u011fini d\u00fc\u015f\u00fcn\u00fcyordu. Derin bir nefes al\u0131p robotu Filemux\u2019a d\u00f6nd\u00fc ve \u201cH\u00e2l\u00e2 inanam\u0131yorum,\u201d dedi. \u00c7ok merak etti\u011fi bu g\u00fczelim gezegeni gezmek i\u00e7in sab\u0131rs\u0131zlan\u0131yordu. Jeba&#8217;n\u0131n merdivenlerinden indi, derin bir nefes ald\u0131 ve onu bekleyen b\u00fcy\u00fck tehlikeden habersiz, D\u00fcnya&#8217;ya ilk ad\u0131m\u0131n\u0131 att\u0131. Elbette farkl\u0131l\u0131klar\u0131n sevgiyle kucakland\u0131\u011f\u0131 bir d\u00fcnya beklemiyordu Aris, bu konuda uyar\u0131lm\u0131\u015ft\u0131. Ancak korkun\u00e7 bir canavarla kar\u015f\u0131la\u015faca\u011f\u0131n\u0131 da d\u00fc\u015f\u00fcnmemi\u015fti. \u00dcstelik, kehanete g\u00f6re, d\u00fcnyay\u0131 tehdit eden bu canavar\u0131 yenebilecek tek ki\u015fi Aris&#8217;ti. Ama bir sorun vard\u0131: Bunu nas\u0131l yapaca\u011f\u0131n\u0131 bilmiyordu. <\/p>\n","protected":false},"excerpt":{"rendered":"<p>Aris, Dadu gezegeninden ayr\u0131l\u0131p D\u00fcnya yolculu\u011funa \u00e7\u0131kt\u0131\u011f\u0131ndan beri t\u00fcrl\u00fc tehlikeler atlatm\u0131\u015ft\u0131. \u015eimdi, uzay gemisi Jeba&#8217;n\u0131n penceresinden D\u00fcnya&#8217;ya bakarken b\u00fct\u00fcn o zorluklara de\u011fdi\u011fini d\u00fc\u015f\u00fcn\u00fcyordu. Derin bir nefes<span class=\"excerpt-hellip\"> [\u2026]<\/span><\/p>\n","protected":false},"featured_media":0,"template":"","meta":{"_monsterinsights_skip_tracking":false,"_monsterinsights_sitenote_active":false,"_monsterinsights_sitenote_note":"","_monsterinsights_sitenote_category":0},"product_brand":[],"product_cat":[12275,12274],"product_tag":[],"class_list":{"0":"post-736364","1":"product","2":"type-product","3":"status-publish","5":"product_cat-6-12-yas-kitaplari","6":"product_cat-cocuk-ve-genclik-kitaplari","7":"pa_cilt-ciltsiz","8":"pa_tur-kitap","9":"pa_yayinevi-dogan-cocuk","10":"pa_yazar-acerakis","12":"first","13":"instock","14":"sale","15":"shipping-taxable","16":"purchasable","17":"product-type-simple"},"_links":{"self":[{"href":"https:\/\/roveyayinevi.com.tr\/index.php\/wp-json\/wp\/v2\/product\/736364","targetHints":{"allow":["GET"]}}],"collection":[{"href":"https:\/\/roveyayinevi.com.tr\/index.php\/wp-json\/wp\/v2\/product"}],"about":[{"href":"https:\/\/roveyayinevi.com.tr\/index.php\/wp-json\/wp\/v2\/types\/product"}],"wp:attachment":[{"href":"https:\/\/roveyayinevi.com.tr\/index.php\/wp-json\/wp\/v2\/media?parent=736364"}],"wp:term":[{"taxonomy":"product_brand","embeddable":true,"href":"https:\/\/roveyayinevi.com.tr\/index.php\/wp-json\/wp\/v2\/product_brand?post=736364"},{"taxonomy":"product_cat","embeddable":true,"href":"https:\/\/roveyayinevi.com.tr\/index.php\/wp-json\/wp\/v2\/product_cat?post=736364"},{"taxonomy":"product_tag","embeddable":true,"href":"https:\/\/roveyayinevi.com.tr\/index.php\/wp-json\/wp\/v2\/product_tag?post=736364"}],"curies":[{"name":"wp","href":"https:\/\/api.w.org\/{rel}","templated":true}]}}