{"id":736363,"date":"2025-08-27T23:06:15","date_gmt":"2025-08-27T20:06:15","guid":{"rendered":"https:\/\/roveyayinevi.com.tr\/index.php\/urun\/disney-karlar-ulkesi-2-boyama-evi-evde-sihir-partisi\/"},"modified":"2025-11-11T07:22:32","modified_gmt":"2025-11-11T04:22:32","slug":"disney-karlar-ulkesi-2-boyama-evi-evde-sihir-partisi","status":"publish","type":"product","link":"https:\/\/roveyayinevi.com.tr\/index.php\/urun\/disney-karlar-ulkesi-2-boyama-evi-evde-sihir-partisi\/","title":{"rendered":"Disney Karlar \u00dclkesi 2 Boyama Evi Evde Sihir Partisi"},"content":{"rendered":"<p>Elsa, Anna ve arkada\u015flar\u0131 seni sihirli bir ev partisine davet ediyor. Boya kalemlerini kap, kap\u0131y\u0131 arala! Sayfalar\u0131 reng\u00e2renk boya, \u00e7\u0131kartmalarla s\u00fcsle, e\u011flenceye kat\u0131l! <\/p>\n","protected":false},"excerpt":{"rendered":"<p>Elsa, Anna ve arkada\u015flar\u0131 seni sihirli bir ev partisine davet ediyor. Boya kalemlerini kap, kap\u0131y\u0131 arala! Sayfalar\u0131 reng\u00e2renk boya, \u00e7\u0131kartmalarla s\u00fcsle, e\u011flenceye kat\u0131l!<\/p>\n","protected":false},"featured_media":0,"template":"","meta":{"_monsterinsights_skip_tracking":false,"_monsterinsights_sitenote_active":false,"_monsterinsights_sitenote_note":"","_monsterinsights_sitenote_category":0},"product_brand":[],"product_cat":[12644,12274],"product_tag":[],"class_list":{"0":"post-736363","1":"product","2":"type-product","3":"status-publish","5":"product_cat-boyama-kitaplari","6":"product_cat-cocuk-ve-genclik-kitaplari","7":"pa_cilt-ciltsiz","8":"pa_tur-kitap","9":"pa_yayinevi-dogan-cocuk","10":"pa_yazar-dogan-cocuk-kolektif","12":"first","13":"instock","14":"sale","15":"shipping-taxable","16":"purchasable","17":"product-type-simple"},"_links":{"self":[{"href":"https:\/\/roveyayinevi.com.tr\/index.php\/wp-json\/wp\/v2\/product\/736363","targetHints":{"allow":["GET"]}}],"collection":[{"href":"https:\/\/roveyayinevi.com.tr\/index.php\/wp-json\/wp\/v2\/product"}],"about":[{"href":"https:\/\/roveyayinevi.com.tr\/index.php\/wp-json\/wp\/v2\/types\/product"}],"wp:attachment":[{"href":"https:\/\/roveyayinevi.com.tr\/index.php\/wp-json\/wp\/v2\/media?parent=736363"}],"wp:term":[{"taxonomy":"product_brand","embeddable":true,"href":"https:\/\/roveyayinevi.com.tr\/index.php\/wp-json\/wp\/v2\/product_brand?post=736363"},{"taxonomy":"product_cat","embeddable":true,"href":"https:\/\/roveyayinevi.com.tr\/index.php\/wp-json\/wp\/v2\/product_cat?post=736363"},{"taxonomy":"product_tag","embeddable":true,"href":"https:\/\/roveyayinevi.com.tr\/index.php\/wp-json\/wp\/v2\/product_tag?post=736363"}],"curies":[{"name":"wp","href":"https:\/\/api.w.org\/{rel}","templated":true}]}}